{"id":1381,"date":"2019-02-08T10:24:42","date_gmt":"2019-02-08T10:24:42","guid":{"rendered":"https:\/\/www.cosmeticadelcabell.com\/?page_id=1381"},"modified":"2020-08-20T08:25:06","modified_gmt":"2020-08-20T08:25:06","slug":"peluqueria-y-estetica-en-reus","status":"publish","type":"page","link":"https:\/\/www.cosmeticadelcabell.com\/ca\/peluqueria-y-estetica-en-reus\/","title":{"rendered":"Perruqueria i est\u00e8tica a Reus"},"content":{"rendered":"<p>[et_pb_section fb_built=\u00bb1&#8243; specialty=\u00bbon\u00bb _builder_version=\u00bb4.3.4&#8243; inner_max_width=\u00bb1400px\u00bb hover_enabled=\u00bb0&#8243;][et_pb_column type=\u00bb3_4&#8243; specialty_columns=\u00bb3&#8243;][et_pb_row_inner _builder_version=\u00bb4.3.4&#8243; custom_padding=\u00bb||0px|||\u00bb][et_pb_column_inner saved_specialty_column_type=\u00bb3_4&#8243; _builder_version=\u00bb4.3.4&#8243;][et_pb_text _builder_version=\u00bb4.3.4&#8243; hover_enabled=\u00bb0&#8243; border_style=\u00bbsolid\u00bb]<\/p>\n<h1 style=\"text-align: center;\">Peluquer\u00eda y est\u00e9tica en Reus<\/h1>\n<p>[\/et_pb_text][\/et_pb_column_inner][\/et_pb_row_inner][et_pb_row_inner _builder_version=\u00bb4.3.4&#8243;][et_pb_column_inner saved_specialty_column_type=\u00bb3_4&#8243; _builder_version=\u00bb4.3.4&#8243;][et_pb_text _builder_version=\u00bb4.3.4&#8243; hover_enabled=\u00bb0&#8243; custom_margin=\u00bb||8px|||\u00bb]<\/p>\n<p><strong>Peluquer\u00eda y est\u00e9tica en Reus<\/strong>. Cosm\u00e9tica del Cabell\u00a0 uno de las mejores academias de est\u00e9tica de la provincia de Tarragona.<\/p>\n<p>[\/et_pb_text][\/et_pb_column_inner][\/et_pb_row_inner][et_pb_row_inner _builder_version=\u00bb4.3.4&#8243; column_structure=\u00bb1_2,1_2&#8243;][et_pb_column_inner saved_specialty_column_type=\u00bb3_4&#8243; _builder_version=\u00bb4.3.4&#8243; type=\u00bb1_2&#8243;][et_pb_text _builder_version=\u00bb4.3.4&#8243; hover_enabled=\u00bb0&#8243; custom_padding=\u00bb1em|1em|1em|1em|false|false\u00bb box_shadow_style=\u00bbpreset1&#8243;]<\/p>\n<h2>\u00bfBuscas una peluquer\u00eda o centro est\u00e9tico en Reus Tarragona?<\/h2>\n<p>Si est\u00e1s mirando las peluquer\u00edas de Reus y no sabes cu\u00e1l elegir, visita Cosmetica del Cabell.<\/p>\n<p>Ofrecemos servicios de peluquer\u00eda al mejor precio. Te asesoramos en tu pr\u00f3ximo look. Trabajamos con productos de alta calidad para peluquer\u00edas profesionales.<\/p>\n<p>En nuestro centro de est\u00e9tica y peluquer\u00eda estar\u00e1 en manos de profesionales que cuidan cada detalle de su aspecto.\u00a0<\/p>\n<p>Visita nuestro centro de est\u00e9tica y peluquer\u00eda de <a href=\"https:\/\/goo.gl\/maps\/LErn2ZnxUDZR9maE6\"><strong>C\/ del Vent, 34 de Reus<\/strong> <\/a>(no confundir con nuestra academia de peluquer\u00eda de AV Paisos Catalanas de Reus)<\/p>\n<p>[\/et_pb_text][et_pb_text _builder_version=\u00bb4.3.4&#8243; text_orientation=\u00bbjustified\u00bb hover_enabled=\u00bb0&#8243; custom_padding=\u00bb1em|1em|1em|1em|false|false\u00bb box_shadow_style=\u00bbpreset1&#8243;]<\/p>\n<p>En el centro de peluquer\u00eda y est\u00e9tica de Cosm\u00e8tica del Cabell ser\u00e1s tratado por los m\u00e1s profesionales del sector de la peluquer\u00eda y la est\u00e9tica. De los profesionales que pasan por la academia de peluquer\u00eda y estetica de Reus seleccionamos solo los mejores para el centro de est\u00e9tica y peluquer\u00eda Cosmetica del Cabell.<\/p>\n<p>[\/et_pb_text][\/et_pb_column_inner][et_pb_column_inner saved_specialty_column_type=\u00bb3_4&#8243; _builder_version=\u00bb4.3.4&#8243; type=\u00bb1_2&#8243;][et_pb_text _builder_version=\u00bb4.3.4&#8243; hover_enabled=\u00bb0&#8243; custom_padding=\u00bb1em|1em|1em|1em|true|true\u00bb box_shadow_style=\u00bbpreset1&#8243;]<\/p>\n<h2>\u00bfBuscas formarte para trabajar en peluquer\u00edas o centros est\u00e9ticos?<\/h2>\n<p>\u00a0Si quieres abrirte las oportunidades de trabajar en peluquer\u00edas o centros est\u00e9ticos entonces ven a prepararte en la academia Cosm\u00e9tica del Cabell de Reus.\u00a0<\/p>\n<p>Llevamos d\u00e9cadas formando miles de profesionales que ya encontraron su lugar en las peluquer\u00edas y centros de est\u00e9tica del pa\u00eds.<\/p>\n<p>Nuestras instalaciones de\u00a0<a href=\"https:\/\/goo.gl\/maps\/Bf6CuGEbZekVARdd8\"><strong>Av. Pa\u00efsos Catalans, 117 de Reus<\/strong><\/a>\u00a0ofrecen un espacio de m\u00e1s de\u00a0<span>400 m2\u00a0 completamente equipado con todas las herramientas que encontrar\u00e1 en una peluquer\u00eda y centro est\u00e9tico profesional.\u00a0<\/span><\/p>\n<p>&nbsp;<\/p>\n<p>[\/et_pb_text][et_pb_text _builder_version=\u00bb4.3.4&#8243; text_orientation=\u00bbjustified\u00bb hover_enabled=\u00bb0&#8243; box_shadow_style=\u00bbpreset1&#8243; custom_padding=\u00bb1em|1em|1em|1em|true|true\u00bb]<\/p>\n<h2>Venta de productos de peluquer\u00eda en Reus<\/h2>\n<p>Si necesita los mejores productos de est\u00e9tica y peluquer\u00eda, contacta con nosotros o visita nuestro centro de est\u00e9tica.<\/p>\n<p>\u00a0Somos distribuidores de productos de peluquer\u00eda de varias marcas entre cu\u00e1les destacamos los productos Fauvert.\u00a0<\/p>\n<p>[\/et_pb_text][\/et_pb_column_inner][\/et_pb_row_inner][et_pb_row_inner _builder_version=\u00bb3.25&#8243; background_size=\u00bbinitial\u00bb background_position=\u00bbtop_left\u00bb background_repeat=\u00bbrepeat\u00bb column_structure=\u00bb1_2,1_2&#8243;][et_pb_column_inner type=\u00bb1_2&#8243; _builder_version=\u00bb3.25&#8243; custom_padding=\u00bb|||\u00bb custom_padding__hover=\u00bb|||\u00bb saved_specialty_column_type=\u00bb3_4&#8243;][et_pb_text _builder_version=\u00bb4.3.4&#8243; text_orientation=\u00bbjustified\u00bb hover_enabled=\u00bb0&#8243;]<\/p>\n<p>&nbsp;<\/p>\n<h3>Conctacta con nosotros<\/h3>\n<p>Si est\u00e1s buscando academias de peluquer\u00eda en Reus no busques m\u00e1s. Cosm\u00e8tica del cabell es tu academia, contacta con nosotros a trav\u00e9s de nuestro n\u00famero de tel\u00e9fono\u00a0<a href=\"tel:977018342\"><span id=\"et-info-phone\">977 01 83 42<\/span><\/a> o a trav\u00e9s de nuestro <a href=\"https:\/\/www.cosmeticadelcabell.com\/contacto-cosmetica-del-cabell-en-reus\/\">formulario de contacto<\/a>. Responderemos lo antes posible dando respuesta a tu consulta.<\/p>\n<p>[\/et_pb_text][\/et_pb_column_inner][et_pb_column_inner type=\u00bb1_2&#8243; _builder_version=\u00bb3.25&#8243; custom_padding=\u00bb|||\u00bb custom_padding__hover=\u00bb|||\u00bb saved_specialty_column_type=\u00bb3_4&#8243;][et_pb_image src=\u00bbhttps:\/\/www.cosmeticadelcabell.com\/wp-content\/uploads\/2015\/06\/instlaaciones-Cosmetica-del-Cabell-10.jpg\u00bb alt=\u00bbPeluquer\u00eda y est\u00e9tica en Reus\u00bb title_text=\u00bbestetica reus\u00bb align=\u00bbcenter\u00bb align_tablet=\u00bbcenter\u00bb align_last_edited=\u00bbon|desktop\u00bb _builder_version=\u00bb3.23&#8243; animation_style=\u00bbslide\u00bb animation_direction=\u00bbleft\u00bb animation_duration=\u00bb500ms\u00bb animation_intensity_slide=\u00bb10%\u00bb][\/et_pb_image][\/et_pb_column_inner][\/et_pb_row_inner][\/et_pb_column][et_pb_column type=\u00bb1_4&#8243;][et_pb_blog posts_number=\u00bb2&#8243; include_categories=\u00bb8&#8243; show_more=\u00bbon\u00bb show_author=\u00bboff\u00bb show_pagination=\u00bboff\u00bb _builder_version=\u00bb3.0.94&#8243; border_style=\u00bbsolid\u00bb use_dropshadow=\u00bboff\u00bb][\/et_pb_blog][\/et_pb_column][\/et_pb_section]<\/p>\n","protected":false},"excerpt":{"rendered":"<p>Peluquer\u00eda y est\u00e9tica en Reus Peluquer\u00eda y est\u00e9tica en Reus. Cosm\u00e9tica del Cabell\u00a0 uno de las mejores academias de est\u00e9tica de la provincia de Tarragona. \u00bfBuscas una peluquer\u00eda o centro est\u00e9tico en Reus Tarragona? Si est\u00e1s mirando las peluquer\u00edas de Reus y no sabes cu\u00e1l elegir, visita Cosmetica del Cabell. Ofrecemos servicios de peluquer\u00eda al [&hellip;]<\/p>\n","protected":false},"author":1,"featured_media":0,"parent":0,"menu_order":0,"comment_status":"closed","ping_status":"closed","template":"","meta":{"_et_pb_use_builder":"on","_et_pb_old_content":"","_et_gb_content_width":"","footnotes":""},"class_list":["post-1381","page","type-page","status-publish","hentry"],"yoast_head":"<!-- This site is optimized with the Yoast SEO plugin v27.4 - https:\/\/yoast.com\/product\/yoast-seo-wordpress\/ -->\n<title>Peluquer\u00eda y est\u00e9tica en Reus - Cosm\u00e8tica del Cabell - Profesionales<\/title>\n<meta name=\"description\" content=\"Cosm\u00e8tica del Cabell ofrece cursos de peluquer\u00eda y est\u00e9tica en Reus. Inf\u00f3rmate sobre nuestros cursos y aprende con los profesionales del sector.\" \/>\n<meta name=\"robots\" content=\"index, follow, max-snippet:-1, max-image-preview:large, max-video-preview:-1\" \/>\n<link rel=\"canonical\" href=\"https:\/\/www.cosmeticadelcabell.com\/ca\/peluqueria-y-estetica-en-reus\/\" \/>\n<meta property=\"og:locale\" content=\"ca_ES\" \/>\n<meta property=\"og:type\" content=\"article\" \/>\n<meta property=\"og:title\" content=\"Peluquer\u00eda y est\u00e9tica en Reus - Cosm\u00e8tica del Cabell - Profesionales\" \/>\n<meta property=\"og:description\" content=\"Cosm\u00e8tica del Cabell ofrece cursos de peluquer\u00eda y est\u00e9tica en Reus. Inf\u00f3rmate sobre nuestros cursos y aprende con los profesionales del sector.\" \/>\n<meta property=\"og:url\" content=\"https:\/\/www.cosmeticadelcabell.com\/ca\/peluqueria-y-estetica-en-reus\/\" \/>\n<meta property=\"og:site_name\" content=\"cosmeticadelcabell\" \/>\n<meta property=\"article:publisher\" content=\"https:\/\/www.facebook.com\/people\/Cosmtica-del-Cabell\/100010402899242\" \/>\n<meta property=\"article:modified_time\" content=\"2020-08-20T08:25:06+00:00\" \/>\n<meta property=\"og:image\" content=\"https:\/\/www.cosmeticadelcabell.com\/wp-content\/uploads\/2018\/08\/logo-cosmetica-original-bold.png\" \/>\n\t<meta property=\"og:image:width\" content=\"500\" \/>\n\t<meta property=\"og:image:height\" content=\"166\" \/>\n\t<meta property=\"og:image:type\" content=\"image\/png\" \/>\n<meta name=\"twitter:card\" content=\"summary_large_image\" \/>\n<meta name=\"twitter:label1\" content=\"Temps estimat de lectura\" \/>\n\t<meta name=\"twitter:data1\" content=\"4 minuts\" \/>\n<script type=\"application\/ld+json\" class=\"yoast-schema-graph\">{\"@context\":\"https:\\\/\\\/schema.org\",\"@graph\":[{\"@type\":\"WebPage\",\"@id\":\"https:\\\/\\\/www.cosmeticadelcabell.com\\\/peluqueria-y-estetica-en-reus\\\/\",\"url\":\"https:\\\/\\\/www.cosmeticadelcabell.com\\\/peluqueria-y-estetica-en-reus\\\/\",\"name\":\"Peluquer\u00eda y est\u00e9tica en Reus - Cosm\u00e8tica del Cabell - Profesionales\",\"isPartOf\":{\"@id\":\"https:\\\/\\\/www.cosmeticadelcabell.com\\\/#website\"},\"datePublished\":\"2019-02-08T10:24:42+00:00\",\"dateModified\":\"2020-08-20T08:25:06+00:00\",\"description\":\"Cosm\u00e8tica del Cabell ofrece cursos de peluquer\u00eda y est\u00e9tica en Reus. Inf\u00f3rmate sobre nuestros cursos y aprende con los profesionales del sector.\",\"breadcrumb\":{\"@id\":\"https:\\\/\\\/www.cosmeticadelcabell.com\\\/peluqueria-y-estetica-en-reus\\\/#breadcrumb\"},\"inLanguage\":\"ca\",\"potentialAction\":[{\"@type\":\"ReadAction\",\"target\":[\"https:\\\/\\\/www.cosmeticadelcabell.com\\\/peluqueria-y-estetica-en-reus\\\/\"]}]},{\"@type\":\"BreadcrumbList\",\"@id\":\"https:\\\/\\\/www.cosmeticadelcabell.com\\\/peluqueria-y-estetica-en-reus\\\/#breadcrumb\",\"itemListElement\":[{\"@type\":\"ListItem\",\"position\":1,\"name\":\"Portada\",\"item\":\"https:\\\/\\\/www.cosmeticadelcabell.com\\\/\"},{\"@type\":\"ListItem\",\"position\":2,\"name\":\"Peluquer\u00eda y est\u00e9tica en Reus\"}]},{\"@type\":\"WebSite\",\"@id\":\"https:\\\/\\\/www.cosmeticadelcabell.com\\\/#website\",\"url\":\"https:\\\/\\\/www.cosmeticadelcabell.com\\\/\",\"name\":\"Academia de est\u00e9tica y peluquer\u00eda en Reus Cosmetica del Cabell\",\"description\":\"Academia de formaci\u00f3n profesional peluquer\u00eda y cosm\u00e9tica\",\"publisher\":{\"@id\":\"https:\\\/\\\/www.cosmeticadelcabell.com\\\/#organization\"},\"alternateName\":\"Cosmetica del Cabell\",\"potentialAction\":[{\"@type\":\"SearchAction\",\"target\":{\"@type\":\"EntryPoint\",\"urlTemplate\":\"https:\\\/\\\/www.cosmeticadelcabell.com\\\/?s={search_term_string}\"},\"query-input\":{\"@type\":\"PropertyValueSpecification\",\"valueRequired\":true,\"valueName\":\"search_term_string\"}}],\"inLanguage\":\"ca\"},{\"@type\":\"Organization\",\"@id\":\"https:\\\/\\\/www.cosmeticadelcabell.com\\\/#organization\",\"name\":\"Cosmetica del Cabell Reus\",\"alternateName\":\"Cosmetica del Cabell\",\"url\":\"https:\\\/\\\/www.cosmeticadelcabell.com\\\/\",\"logo\":{\"@type\":\"ImageObject\",\"inLanguage\":\"ca\",\"@id\":\"https:\\\/\\\/www.cosmeticadelcabell.com\\\/#\\\/schema\\\/logo\\\/image\\\/\",\"url\":\"https:\\\/\\\/www.cosmeticadelcabell.com\\\/wp-content\\\/uploads\\\/2018\\\/08\\\/logo-cosmetica-original-bold.png\",\"contentUrl\":\"https:\\\/\\\/www.cosmeticadelcabell.com\\\/wp-content\\\/uploads\\\/2018\\\/08\\\/logo-cosmetica-original-bold.png\",\"width\":500,\"height\":166,\"caption\":\"Cosmetica del Cabell Reus\"},\"image\":{\"@id\":\"https:\\\/\\\/www.cosmeticadelcabell.com\\\/#\\\/schema\\\/logo\\\/image\\\/\"},\"sameAs\":[\"https:\\\/\\\/www.facebook.com\\\/people\\\/Cosmtica-del-Cabell\\\/100010402899242\",\"https:\\\/\\\/www.instagram.com\\\/cosmeticadelcabell\\\/\"]}]}<\/script>\n<!-- \/ Yoast SEO plugin. -->","yoast_head_json":{"title":"Peluquer\u00eda y est\u00e9tica en Reus - Cosm\u00e8tica del Cabell - Profesionales","description":"Cosm\u00e8tica del Cabell ofrece cursos de peluquer\u00eda y est\u00e9tica en Reus. Inf\u00f3rmate sobre nuestros cursos y aprende con los profesionales del sector.","robots":{"index":"index","follow":"follow","max-snippet":"max-snippet:-1","max-image-preview":"max-image-preview:large","max-video-preview":"max-video-preview:-1"},"canonical":"https:\/\/www.cosmeticadelcabell.com\/ca\/peluqueria-y-estetica-en-reus\/","og_locale":"ca_ES","og_type":"article","og_title":"Peluquer\u00eda y est\u00e9tica en Reus - Cosm\u00e8tica del Cabell - Profesionales","og_description":"Cosm\u00e8tica del Cabell ofrece cursos de peluquer\u00eda y est\u00e9tica en Reus. Inf\u00f3rmate sobre nuestros cursos y aprende con los profesionales del sector.","og_url":"https:\/\/www.cosmeticadelcabell.com\/ca\/peluqueria-y-estetica-en-reus\/","og_site_name":"cosmeticadelcabell","article_publisher":"https:\/\/www.facebook.com\/people\/Cosmtica-del-Cabell\/100010402899242","article_modified_time":"2020-08-20T08:25:06+00:00","og_image":[{"width":500,"height":166,"url":"https:\/\/www.cosmeticadelcabell.com\/wp-content\/uploads\/2018\/08\/logo-cosmetica-original-bold.png","type":"image\/png"}],"twitter_card":"summary_large_image","twitter_misc":{"Temps estimat de lectura":"4 minuts"},"schema":{"@context":"https:\/\/schema.org","@graph":[{"@type":"WebPage","@id":"https:\/\/www.cosmeticadelcabell.com\/peluqueria-y-estetica-en-reus\/","url":"https:\/\/www.cosmeticadelcabell.com\/peluqueria-y-estetica-en-reus\/","name":"Peluquer\u00eda y est\u00e9tica en Reus - Cosm\u00e8tica del Cabell - Profesionales","isPartOf":{"@id":"https:\/\/www.cosmeticadelcabell.com\/#website"},"datePublished":"2019-02-08T10:24:42+00:00","dateModified":"2020-08-20T08:25:06+00:00","description":"Cosm\u00e8tica del Cabell ofrece cursos de peluquer\u00eda y est\u00e9tica en Reus. Inf\u00f3rmate sobre nuestros cursos y aprende con los profesionales del sector.","breadcrumb":{"@id":"https:\/\/www.cosmeticadelcabell.com\/peluqueria-y-estetica-en-reus\/#breadcrumb"},"inLanguage":"ca","potentialAction":[{"@type":"ReadAction","target":["https:\/\/www.cosmeticadelcabell.com\/peluqueria-y-estetica-en-reus\/"]}]},{"@type":"BreadcrumbList","@id":"https:\/\/www.cosmeticadelcabell.com\/peluqueria-y-estetica-en-reus\/#breadcrumb","itemListElement":[{"@type":"ListItem","position":1,"name":"Portada","item":"https:\/\/www.cosmeticadelcabell.com\/"},{"@type":"ListItem","position":2,"name":"Peluquer\u00eda y est\u00e9tica en Reus"}]},{"@type":"WebSite","@id":"https:\/\/www.cosmeticadelcabell.com\/#website","url":"https:\/\/www.cosmeticadelcabell.com\/","name":"Academia de est\u00e9tica y peluquer\u00eda en Reus Cosmetica del Cabell","description":"Academia de formaci\u00f3n profesional peluquer\u00eda y cosm\u00e9tica","publisher":{"@id":"https:\/\/www.cosmeticadelcabell.com\/#organization"},"alternateName":"Cosmetica del Cabell","potentialAction":[{"@type":"SearchAction","target":{"@type":"EntryPoint","urlTemplate":"https:\/\/www.cosmeticadelcabell.com\/?s={search_term_string}"},"query-input":{"@type":"PropertyValueSpecification","valueRequired":true,"valueName":"search_term_string"}}],"inLanguage":"ca"},{"@type":"Organization","@id":"https:\/\/www.cosmeticadelcabell.com\/#organization","name":"Cosmetica del Cabell Reus","alternateName":"Cosmetica del Cabell","url":"https:\/\/www.cosmeticadelcabell.com\/","logo":{"@type":"ImageObject","inLanguage":"ca","@id":"https:\/\/www.cosmeticadelcabell.com\/#\/schema\/logo\/image\/","url":"https:\/\/www.cosmeticadelcabell.com\/wp-content\/uploads\/2018\/08\/logo-cosmetica-original-bold.png","contentUrl":"https:\/\/www.cosmeticadelcabell.com\/wp-content\/uploads\/2018\/08\/logo-cosmetica-original-bold.png","width":500,"height":166,"caption":"Cosmetica del Cabell Reus"},"image":{"@id":"https:\/\/www.cosmeticadelcabell.com\/#\/schema\/logo\/image\/"},"sameAs":["https:\/\/www.facebook.com\/people\/Cosmtica-del-Cabell\/100010402899242","https:\/\/www.instagram.com\/cosmeticadelcabell\/"]}]}},"_links":{"self":[{"href":"https:\/\/www.cosmeticadelcabell.com\/ca\/wp-json\/wp\/v2\/pages\/1381","targetHints":{"allow":["GET"]}}],"collection":[{"href":"https:\/\/www.cosmeticadelcabell.com\/ca\/wp-json\/wp\/v2\/pages"}],"about":[{"href":"https:\/\/www.cosmeticadelcabell.com\/ca\/wp-json\/wp\/v2\/types\/page"}],"author":[{"embeddable":true,"href":"https:\/\/www.cosmeticadelcabell.com\/ca\/wp-json\/wp\/v2\/users\/1"}],"replies":[{"embeddable":true,"href":"https:\/\/www.cosmeticadelcabell.com\/ca\/wp-json\/wp\/v2\/comments?post=1381"}],"version-history":[{"count":3,"href":"https:\/\/www.cosmeticadelcabell.com\/ca\/wp-json\/wp\/v2\/pages\/1381\/revisions"}],"predecessor-version":[{"id":1839,"href":"https:\/\/www.cosmeticadelcabell.com\/ca\/wp-json\/wp\/v2\/pages\/1381\/revisions\/1839"}],"wp:attachment":[{"href":"https:\/\/www.cosmeticadelcabell.com\/ca\/wp-json\/wp\/v2\/media?parent=1381"}],"curies":[{"name":"wp","href":"https:\/\/api.w.org\/{rel}","templated":true}]}}