{"id":1392,"date":"2019-03-08T08:23:21","date_gmt":"2019-03-08T08:23:21","guid":{"rendered":"https:\/\/www.cosmeticadelcabell.com\/?page_id=1392"},"modified":"2019-03-08T09:17:51","modified_gmt":"2019-03-08T09:17:51","slug":"peluquerias-en-salou","status":"publish","type":"page","link":"https:\/\/www.cosmeticadelcabell.com\/ca\/peluquerias-en-salou\/","title":{"rendered":"Peluquer\u00edas en Salou"},"content":{"rendered":"<p>[et_pb_section fb_built=\u00bb1&#8243; _builder_version=\u00bb3.0.47&#8243;][et_pb_row _builder_version=\u00bb3.0.60&#8243;][et_pb_column type=\u00bb2_3&#8243; _builder_version=\u00bb3.0.47&#8243; parallax=\u00bboff\u00bb parallax_method=\u00bbon\u00bb][et_pb_text _builder_version=\u00bb3.0.87&#8243; border_style=\u00bbsolid\u00bb]<\/p>\n<h1>Peluquer\u00edas en Salou<\/h1>\n<p>[\/et_pb_text][et_pb_text _builder_version=\u00bb3.0.87&#8243; text_orientation=\u00bbjustified\u00bb border_style=\u00bbsolid\u00bb]<\/p>\n<p><strong>COSMETICA DEL CABELL<\/strong> es una de las peluquer\u00edas en Salou m\u00e1s reconocidas por su talento. En nuestra peluquer\u00eda contamos con grandes profesionales del sector gracias a los cuales podemos realizar cualquier tipo de corte o peinado, desde los mas antiguos a los mas modernos.<\/p>\n<p>Contamos con uno de los mejores productos para el cuidado del cabello a manos de la marca Fauvert, una marca profesional que destaca por sus excelentes resultados. Los utilizamos siempre en nuestros clientes y quedan totalmente satisfecho. Compru\u00e9balo por ti mismo\/a.<\/p>\n<p>En nuestra peluquer\u00eda ofrecemos precios totalmente competitivos con el mercado actual. Por lo cu\u00e1l se puede venir sin llevarse una sorpresa con los precios. Vamos realizando ofertas peri\u00f3dicamente para que siempre que lo necesites haya una oferta esper\u00e1ndote.<\/p>\n<p><strong>Cosmetica del cabell<\/strong> somos una academia de est\u00e9tica y peluquer\u00eda donde formamos a nuestros estudiantes en este arte. Por nuestra academia han pasado mas de 10.000 estudiantes, de los cuales muchos de ellos han llegado a trabajar para nosotros o se han convertido en aut\u00e9nticos profesionales del sector.<\/p>\n<h3>Solicitar mas informaci\u00f3n<\/h3>\n<p>&nbsp;<\/p>\n<p>Si estas buscando peluquer\u00edas en Reus par lograr el corte perfecto, no busques m\u00e1s. Cosm\u00e8tica del cabell es tu peluquer\u00eda, contacta con nosotros a trav\u00e9s de nuestro n\u00famero de tel\u00e9fono\u00a0<a href=\"tel:977018342\"><span id=\"et-info-phone\">977 01 83 42<\/span><\/a> o a trav\u00e9s de nuestro <a href=\"https:\/\/www.cosmeticadelcabell.com\/contacto-cosmetica-del-cabell-en-reus\/\">formulario de contacto<\/a>.\u00a0<\/p>\n<p>[\/et_pb_text][et_pb_image src=\u00bbhttps:\/\/www.cosmeticadelcabell.com\/wp-content\/uploads\/2015\/06\/fotomontatge-frigola-SALOU.jpg\u00bb alt=\u00bbPeluquer\u00edas en Salou\u00bb show_in_lightbox=\u00bbon\u00bb align=\u00bbcenter\u00bb _builder_version=\u00bb3.19.3&#8243; animation_style=\u00bbslide\u00bb animation_direction=\u00bbleft\u00bb animation_duration=\u00bb500ms\u00bb animation_intensity_slide=\u00bb10%\u00bb border_style=\u00bbsolid\u00bb sticky=\u00bboff\u00bb title_text=\u00bbCOSMETICA\u00bb][\/et_pb_image][\/et_pb_column][et_pb_column type=\u00bb1_3&#8243; _builder_version=\u00bb3.0.47&#8243; parallax=\u00bboff\u00bb parallax_method=\u00bbon\u00bb][et_pb_blog posts_number=\u00bb2&#8243; include_categories=\u00bb8&#8243; show_more=\u00bbon\u00bb show_author=\u00bboff\u00bb show_pagination=\u00bboff\u00bb _builder_version=\u00bb3.0.94&#8243; border_style=\u00bbsolid\u00bb use_dropshadow=\u00bboff\u00bb][\/et_pb_blog][\/et_pb_column][\/et_pb_row][\/et_pb_section]<\/p>\n","protected":false},"excerpt":{"rendered":"<p>Peluquer\u00edas en Salou COSMETICA DEL CABELL es una de las peluquer\u00edas en Salou m\u00e1s reconocidas por su talento. En nuestra peluquer\u00eda contamos con grandes profesionales del sector gracias a los cuales podemos realizar cualquier tipo de corte o peinado, desde los mas antiguos a los mas modernos. Contamos con uno de los mejores productos para [&hellip;]<\/p>\n","protected":false},"author":1,"featured_media":0,"parent":0,"menu_order":0,"comment_status":"closed","ping_status":"closed","template":"","meta":{"_et_pb_use_builder":"on","_et_pb_old_content":"","_et_gb_content_width":"","footnotes":""},"class_list":["post-1392","page","type-page","status-publish","hentry"],"yoast_head":"<!-- This site is optimized with the Yoast SEO plugin v27.6 - https:\/\/yoast.com\/product\/yoast-seo-wordpress\/ -->\n<title>Peluquer\u00edas en Salou - Cosm\u00e8tica del Cabell, Centro de formaci\u00f3n<\/title>\n<meta name=\"description\" content=\"Si buscas peluquer\u00edas en Salou no dudes en venir a Cosm\u00e8tica del Cabell, peluqueros y peluqueras profesionales con a\u00f1os de experiencia.\" \/>\n<meta name=\"robots\" content=\"index, follow, max-snippet:-1, max-image-preview:large, max-video-preview:-1\" \/>\n<link rel=\"canonical\" href=\"https:\/\/www.cosmeticadelcabell.com\/ca\/peluquerias-en-salou\/\" \/>\n<meta property=\"og:locale\" content=\"ca_ES\" \/>\n<meta property=\"og:type\" content=\"article\" \/>\n<meta property=\"og:title\" content=\"Peluquer\u00edas en Salou - Cosm\u00e8tica del Cabell, Centro de formaci\u00f3n\" \/>\n<meta property=\"og:description\" content=\"Si buscas peluquer\u00edas en Salou no dudes en venir a Cosm\u00e8tica del Cabell, peluqueros y peluqueras profesionales con a\u00f1os de experiencia.\" \/>\n<meta property=\"og:url\" content=\"https:\/\/www.cosmeticadelcabell.com\/ca\/peluquerias-en-salou\/\" \/>\n<meta property=\"og:site_name\" content=\"cosmeticadelcabell\" \/>\n<meta property=\"article:publisher\" content=\"https:\/\/www.facebook.com\/people\/Cosmtica-del-Cabell\/100010402899242\" \/>\n<meta property=\"article:modified_time\" content=\"2019-03-08T09:17:51+00:00\" \/>\n<meta property=\"og:image\" content=\"https:\/\/www.cosmeticadelcabell.com\/wp-content\/uploads\/2018\/08\/logo-cosmetica-original-bold.png\" \/>\n\t<meta property=\"og:image:width\" content=\"500\" \/>\n\t<meta property=\"og:image:height\" content=\"166\" \/>\n\t<meta property=\"og:image:type\" content=\"image\/png\" \/>\n<meta name=\"twitter:card\" content=\"summary_large_image\" \/>\n<meta name=\"twitter:label1\" content=\"Temps estimat de lectura\" \/>\n\t<meta name=\"twitter:data1\" content=\"2 minuts\" \/>\n<script type=\"application\/ld+json\" class=\"yoast-schema-graph\">{\"@context\":\"https:\\\/\\\/schema.org\",\"@graph\":[{\"@type\":\"WebPage\",\"@id\":\"https:\\\/\\\/www.cosmeticadelcabell.com\\\/peluquerias-en-salou\\\/\",\"url\":\"https:\\\/\\\/www.cosmeticadelcabell.com\\\/peluquerias-en-salou\\\/\",\"name\":\"Peluquer\u00edas en Salou - Cosm\u00e8tica del Cabell, Centro de formaci\u00f3n\",\"isPartOf\":{\"@id\":\"https:\\\/\\\/www.cosmeticadelcabell.com\\\/#website\"},\"datePublished\":\"2019-03-08T08:23:21+00:00\",\"dateModified\":\"2019-03-08T09:17:51+00:00\",\"description\":\"Si buscas peluquer\u00edas en Salou no dudes en venir a Cosm\u00e8tica del Cabell, peluqueros y peluqueras profesionales con a\u00f1os de experiencia.\",\"breadcrumb\":{\"@id\":\"https:\\\/\\\/www.cosmeticadelcabell.com\\\/peluquerias-en-salou\\\/#breadcrumb\"},\"inLanguage\":\"ca\",\"potentialAction\":[{\"@type\":\"ReadAction\",\"target\":[\"https:\\\/\\\/www.cosmeticadelcabell.com\\\/peluquerias-en-salou\\\/\"]}]},{\"@type\":\"BreadcrumbList\",\"@id\":\"https:\\\/\\\/www.cosmeticadelcabell.com\\\/peluquerias-en-salou\\\/#breadcrumb\",\"itemListElement\":[{\"@type\":\"ListItem\",\"position\":1,\"name\":\"Portada\",\"item\":\"https:\\\/\\\/www.cosmeticadelcabell.com\\\/\"},{\"@type\":\"ListItem\",\"position\":2,\"name\":\"Peluquer\u00edas en Salou\"}]},{\"@type\":\"WebSite\",\"@id\":\"https:\\\/\\\/www.cosmeticadelcabell.com\\\/#website\",\"url\":\"https:\\\/\\\/www.cosmeticadelcabell.com\\\/\",\"name\":\"Academia de est\u00e9tica y peluquer\u00eda en Reus Cosmetica del Cabell\",\"description\":\"Academia de formaci\u00f3n profesional peluquer\u00eda y cosm\u00e9tica\",\"publisher\":{\"@id\":\"https:\\\/\\\/www.cosmeticadelcabell.com\\\/#organization\"},\"alternateName\":\"Cosmetica del Cabell\",\"potentialAction\":[{\"@type\":\"SearchAction\",\"target\":{\"@type\":\"EntryPoint\",\"urlTemplate\":\"https:\\\/\\\/www.cosmeticadelcabell.com\\\/?s={search_term_string}\"},\"query-input\":{\"@type\":\"PropertyValueSpecification\",\"valueRequired\":true,\"valueName\":\"search_term_string\"}}],\"inLanguage\":\"ca\"},{\"@type\":\"Organization\",\"@id\":\"https:\\\/\\\/www.cosmeticadelcabell.com\\\/#organization\",\"name\":\"Cosmetica del Cabell Reus\",\"alternateName\":\"Cosmetica del Cabell\",\"url\":\"https:\\\/\\\/www.cosmeticadelcabell.com\\\/\",\"logo\":{\"@type\":\"ImageObject\",\"inLanguage\":\"ca\",\"@id\":\"https:\\\/\\\/www.cosmeticadelcabell.com\\\/#\\\/schema\\\/logo\\\/image\\\/\",\"url\":\"https:\\\/\\\/www.cosmeticadelcabell.com\\\/wp-content\\\/uploads\\\/2018\\\/08\\\/logo-cosmetica-original-bold.png\",\"contentUrl\":\"https:\\\/\\\/www.cosmeticadelcabell.com\\\/wp-content\\\/uploads\\\/2018\\\/08\\\/logo-cosmetica-original-bold.png\",\"width\":500,\"height\":166,\"caption\":\"Cosmetica del Cabell Reus\"},\"image\":{\"@id\":\"https:\\\/\\\/www.cosmeticadelcabell.com\\\/#\\\/schema\\\/logo\\\/image\\\/\"},\"sameAs\":[\"https:\\\/\\\/www.facebook.com\\\/people\\\/Cosmtica-del-Cabell\\\/100010402899242\",\"https:\\\/\\\/www.instagram.com\\\/cosmeticadelcabell\\\/\"]}]}<\/script>\n<!-- \/ Yoast SEO plugin. -->","yoast_head_json":{"title":"Peluquer\u00edas en Salou - Cosm\u00e8tica del Cabell, Centro de formaci\u00f3n","description":"Si buscas peluquer\u00edas en Salou no dudes en venir a Cosm\u00e8tica del Cabell, peluqueros y peluqueras profesionales con a\u00f1os de experiencia.","robots":{"index":"index","follow":"follow","max-snippet":"max-snippet:-1","max-image-preview":"max-image-preview:large","max-video-preview":"max-video-preview:-1"},"canonical":"https:\/\/www.cosmeticadelcabell.com\/ca\/peluquerias-en-salou\/","og_locale":"ca_ES","og_type":"article","og_title":"Peluquer\u00edas en Salou - Cosm\u00e8tica del Cabell, Centro de formaci\u00f3n","og_description":"Si buscas peluquer\u00edas en Salou no dudes en venir a Cosm\u00e8tica del Cabell, peluqueros y peluqueras profesionales con a\u00f1os de experiencia.","og_url":"https:\/\/www.cosmeticadelcabell.com\/ca\/peluquerias-en-salou\/","og_site_name":"cosmeticadelcabell","article_publisher":"https:\/\/www.facebook.com\/people\/Cosmtica-del-Cabell\/100010402899242","article_modified_time":"2019-03-08T09:17:51+00:00","og_image":[{"width":500,"height":166,"url":"https:\/\/www.cosmeticadelcabell.com\/wp-content\/uploads\/2018\/08\/logo-cosmetica-original-bold.png","type":"image\/png"}],"twitter_card":"summary_large_image","twitter_misc":{"Temps estimat de lectura":"2 minuts"},"schema":{"@context":"https:\/\/schema.org","@graph":[{"@type":"WebPage","@id":"https:\/\/www.cosmeticadelcabell.com\/peluquerias-en-salou\/","url":"https:\/\/www.cosmeticadelcabell.com\/peluquerias-en-salou\/","name":"Peluquer\u00edas en Salou - Cosm\u00e8tica del Cabell, Centro de formaci\u00f3n","isPartOf":{"@id":"https:\/\/www.cosmeticadelcabell.com\/#website"},"datePublished":"2019-03-08T08:23:21+00:00","dateModified":"2019-03-08T09:17:51+00:00","description":"Si buscas peluquer\u00edas en Salou no dudes en venir a Cosm\u00e8tica del Cabell, peluqueros y peluqueras profesionales con a\u00f1os de experiencia.","breadcrumb":{"@id":"https:\/\/www.cosmeticadelcabell.com\/peluquerias-en-salou\/#breadcrumb"},"inLanguage":"ca","potentialAction":[{"@type":"ReadAction","target":["https:\/\/www.cosmeticadelcabell.com\/peluquerias-en-salou\/"]}]},{"@type":"BreadcrumbList","@id":"https:\/\/www.cosmeticadelcabell.com\/peluquerias-en-salou\/#breadcrumb","itemListElement":[{"@type":"ListItem","position":1,"name":"Portada","item":"https:\/\/www.cosmeticadelcabell.com\/"},{"@type":"ListItem","position":2,"name":"Peluquer\u00edas en Salou"}]},{"@type":"WebSite","@id":"https:\/\/www.cosmeticadelcabell.com\/#website","url":"https:\/\/www.cosmeticadelcabell.com\/","name":"Academia de est\u00e9tica y peluquer\u00eda en Reus Cosmetica del Cabell","description":"Academia de formaci\u00f3n profesional peluquer\u00eda y cosm\u00e9tica","publisher":{"@id":"https:\/\/www.cosmeticadelcabell.com\/#organization"},"alternateName":"Cosmetica del Cabell","potentialAction":[{"@type":"SearchAction","target":{"@type":"EntryPoint","urlTemplate":"https:\/\/www.cosmeticadelcabell.com\/?s={search_term_string}"},"query-input":{"@type":"PropertyValueSpecification","valueRequired":true,"valueName":"search_term_string"}}],"inLanguage":"ca"},{"@type":"Organization","@id":"https:\/\/www.cosmeticadelcabell.com\/#organization","name":"Cosmetica del Cabell Reus","alternateName":"Cosmetica del Cabell","url":"https:\/\/www.cosmeticadelcabell.com\/","logo":{"@type":"ImageObject","inLanguage":"ca","@id":"https:\/\/www.cosmeticadelcabell.com\/#\/schema\/logo\/image\/","url":"https:\/\/www.cosmeticadelcabell.com\/wp-content\/uploads\/2018\/08\/logo-cosmetica-original-bold.png","contentUrl":"https:\/\/www.cosmeticadelcabell.com\/wp-content\/uploads\/2018\/08\/logo-cosmetica-original-bold.png","width":500,"height":166,"caption":"Cosmetica del Cabell Reus"},"image":{"@id":"https:\/\/www.cosmeticadelcabell.com\/#\/schema\/logo\/image\/"},"sameAs":["https:\/\/www.facebook.com\/people\/Cosmtica-del-Cabell\/100010402899242","https:\/\/www.instagram.com\/cosmeticadelcabell\/"]}]}},"_links":{"self":[{"href":"https:\/\/www.cosmeticadelcabell.com\/ca\/wp-json\/wp\/v2\/pages\/1392","targetHints":{"allow":["GET"]}}],"collection":[{"href":"https:\/\/www.cosmeticadelcabell.com\/ca\/wp-json\/wp\/v2\/pages"}],"about":[{"href":"https:\/\/www.cosmeticadelcabell.com\/ca\/wp-json\/wp\/v2\/types\/page"}],"author":[{"embeddable":true,"href":"https:\/\/www.cosmeticadelcabell.com\/ca\/wp-json\/wp\/v2\/users\/1"}],"replies":[{"embeddable":true,"href":"https:\/\/www.cosmeticadelcabell.com\/ca\/wp-json\/wp\/v2\/comments?post=1392"}],"version-history":[{"count":2,"href":"https:\/\/www.cosmeticadelcabell.com\/ca\/wp-json\/wp\/v2\/pages\/1392\/revisions"}],"predecessor-version":[{"id":1395,"href":"https:\/\/www.cosmeticadelcabell.com\/ca\/wp-json\/wp\/v2\/pages\/1392\/revisions\/1395"}],"wp:attachment":[{"href":"https:\/\/www.cosmeticadelcabell.com\/ca\/wp-json\/wp\/v2\/media?parent=1392"}],"curies":[{"name":"wp","href":"https:\/\/api.w.org\/{rel}","templated":true}]}}