{"id":162,"date":"2015-06-09T10:35:46","date_gmt":"2015-06-09T10:35:46","guid":{"rendered":"http:\/\/cosmeticadelcabell.com\/?page_id=162"},"modified":"2022-01-20T12:38:35","modified_gmt":"2022-01-20T12:38:35","slug":"instalaciones-de-cosemtica-del-cabell-en-reus","status":"publish","type":"page","link":"https:\/\/www.cosmeticadelcabell.com\/ca\/instalaciones-de-cosemtica-del-cabell-en-reus\/","title":{"rendered":"Instalaciones de Cosm\u00e8tica del Cabell en Reus"},"content":{"rendered":"<p>[et_pb_section fb_built=\u00bb1&#8243; fullwidth=\u00bbon\u00bb _builder_version=\u00bb3.22&#8243; hover_enabled=\u00bb0&#8243; global_colors_info=\u00bb{}\u00bb sticky_enabled=\u00bb0&#8243;][et_pb_fullwidth_slider _builder_version=\u00bb4.7.7&#8243; max_height=\u00bb80vh\u00bb custom_padding=\u00bb13%||13%||true|false\u00bb hover_enabled=\u00bb0&#8243; global_colors_info=\u00bb{}\u00bb sticky_enabled=\u00bb0&#8243;][et_pb_slide _builder_version=\u00bb4.7.7&#8243; background_image=\u00bbhttps:\/\/www.cosmeticadelcabell.com\/wp-content\/uploads\/2021\/02\/portada.jpg\u00bb background_enable_image=\u00bbon\u00bb global_colors_info=\u00bb{}\u00bb sticky_transition=\u00bbon\u00bb]<\/p>\n<h1 style=\"text-align: center; text-shadow: 3px 3px 3px black; font-size: 2.5em; margin-top: 30px;\"><strong>NUESTRAS INSTALACIONES <br \/>ACADEMIA DE EST\u00c9TICA EN REUS<\/strong><\/h1>\n<p>[\/et_pb_slide][\/et_pb_fullwidth_slider][\/et_pb_section][et_pb_section fb_built=\u00bb1&#8243; admin_label=\u00bbsection\u00bb _builder_version=\u00bb3.22&#8243; global_colors_info=\u00bb{}\u00bb][et_pb_row admin_label=\u00bbrow\u00bb module_class=\u00bb et_pb_row_fullwidth\u00bb _builder_version=\u00bb3.25&#8243; background_color=\u00bb#ffffff\u00bb use_background_color_gradient=\u00bbon\u00bb background_color_gradient_start=\u00bb#ff7a2b\u00bb background_color_gradient_end=\u00bb#9d141c\u00bb background_size=\u00bbinitial\u00bb background_position=\u00bbtop_left\u00bb background_repeat=\u00bbrepeat\u00bb width=\u00bb89%\u00bb width_tablet=\u00bb80%\u00bb width_phone=\u00bb\u00bb width_last_edited=\u00bbon|desktop\u00bb max_width=\u00bb89%\u00bb max_width_tablet=\u00bb80%\u00bb max_width_phone=\u00bb\u00bb max_width_last_edited=\u00bbon|desktop\u00bb make_fullwidth=\u00bbon\u00bb global_colors_info=\u00bb{}\u00bb][et_pb_column type=\u00bb4_4&#8243; _builder_version=\u00bb3.25&#8243; custom_padding=\u00bb|||\u00bb global_colors_info=\u00bb{}\u00bb custom_padding__hover=\u00bb|||\u00bb][et_pb_text _builder_version=\u00bb3.27.4&#8243; header_font=\u00bb||||||||\u00bb header_3_font=\u00bb|700|||||||\u00bb header_3_text_color=\u00bb#ffffff\u00bb header_3_font_size=\u00bb30px\u00bb header_3_letter_spacing=\u00bb2px\u00bb global_colors_info=\u00bb{}\u00bb]<\/p>\n<h3 style=\"text-align: center;\">Nuestras instalaciones<\/h3>\n<p>[\/et_pb_text][\/et_pb_column][\/et_pb_row][et_pb_row admin_label=\u00bbrow\u00bb module_class=\u00bb et_pb_row_fullwidth\u00bb _builder_version=\u00bb3.25&#8243; background_color=\u00bb#ffffff\u00bb background_size=\u00bbinitial\u00bb background_position=\u00bbtop_left\u00bb background_repeat=\u00bbrepeat\u00bb width=\u00bb89%\u00bb width_tablet=\u00bb80%\u00bb width_phone=\u00bb\u00bb width_last_edited=\u00bbon|desktop\u00bb max_width=\u00bb89%\u00bb max_width_tablet=\u00bb80%\u00bb max_width_phone=\u00bb\u00bb max_width_last_edited=\u00bbon|desktop\u00bb make_fullwidth=\u00bbon\u00bb global_colors_info=\u00bb{}\u00bb][et_pb_column type=\u00bb4_4&#8243; _builder_version=\u00bb3.25&#8243; custom_padding=\u00bb|||\u00bb global_colors_info=\u00bb{}\u00bb custom_padding__hover=\u00bb|||\u00bb][et_pb_text admin_label=\u00bbTexto\u00bb _builder_version=\u00bb4.14.1&#8243; text_font_size=\u00bb16&#8243; background_size=\u00bbinitial\u00bb background_position=\u00bbtop_left\u00bb background_repeat=\u00bbrepeat\u00bb text_orientation=\u00bbjustified\u00bb hover_enabled=\u00bb0&#8243; use_border_color=\u00bboff\u00bb border_color=\u00bb#ffffff\u00bb border_style=\u00bbsolid\u00bb global_colors_info=\u00bb{}\u00bb sticky_enabled=\u00bb0&#8243;]<\/p>\n<p style=\"text-align: justify;\">Cosm\u00e8tica del Cabell somos una academia de est\u00e9tica y peluquer\u00eda en Reus y disponemos de unas amplias instalaciones de m\u00e1s de 400 m2 y un personal altamente cualificado en peluquer\u00eda y est\u00e9tica.\u00a0 Estamos situados en Avinguda Pa\u00efsos Catalans, 117 \u2013 43205 de Reus.<\/p>\n<p style=\"text-align: justify;\">Tambi\u00e9n disponemos de productos de \u00faltima generaci\u00f3n para el cuidado del pelo y facial, puede venir e informarse de ellos sin ning\u00fan compromiso y le asesoraremos con mucho gusto.<\/p>\n<p style=\"text-align: justify;\">Venga a ver nuestras instalaciones, d\u00e9jese mimar, p\u00f3ngase guapa\/o o aprenda una profesi\u00f3n de futuro y especial\u00edcese en lo que m\u00e1s le gusta. Tambi\u00e9n puedes contactar con nosotros utilizando el formulario de <a href=\"https:\/\/www.cosmeticadelcabell.com\/contacto-cosmetica-del-cabell-en-reus\/\">contacto<\/a>.<\/p>\n<p>&nbsp;<\/p>\n<p>[\/et_pb_text][\/et_pb_column][\/et_pb_row][et_pb_row admin_label=\u00bbFila\u00bb module_class=\u00bb et_pb_row_fullwidth\u00bb _builder_version=\u00bb3.25&#8243; background_size=\u00bbinitial\u00bb background_position=\u00bbtop_left\u00bb background_repeat=\u00bbrepeat\u00bb width=\u00bb89%\u00bb width_tablet=\u00bb80%\u00bb width_phone=\u00bb\u00bb width_last_edited=\u00bbon|desktop\u00bb max_width=\u00bb89%\u00bb max_width_tablet=\u00bb80%\u00bb max_width_phone=\u00bb\u00bb max_width_last_edited=\u00bbon|desktop\u00bb make_fullwidth=\u00bbon\u00bb global_colors_info=\u00bb{}\u00bb][et_pb_column type=\u00bb4_4&#8243; _builder_version=\u00bb3.25&#8243; custom_padding=\u00bb|||\u00bb global_colors_info=\u00bb{}\u00bb custom_padding__hover=\u00bb|||\u00bb][et_pb_gallery gallery_ids=\u00bb267,268,269,270,271,272,273,274,275,276,277,278,279,280,281,593,719,720,721,722&#8243; posts_number=\u00bb100&#8243; show_title_and_caption=\u00bboff\u00bb admin_label=\u00bbGaler\u00eda\u00bb _builder_version=\u00bb3.0.87&#8243; use_border_color=\u00bboff\u00bb border_color=\u00bb#ffffff\u00bb border_style=\u00bbsolid\u00bb global_colors_info=\u00bb{}\u00bb][\/et_pb_gallery][\/et_pb_column][\/et_pb_row][\/et_pb_section][et_pb_section fb_built=\u00bb1&#8243; _builder_version=\u00bb3.11.1&#8243; use_background_color_gradient=\u00bbon\u00bb background_color_gradient_start=\u00bb#ff7a2b\u00bb background_color_gradient_end=\u00bb#9d141c\u00bb background_color_gradient_direction=\u00bb120deg\u00bb custom_padding=\u00bb0|0px|0|0px|false|false\u00bb global_module=\u00bb1210&#8243; global_colors_info=\u00bb{}\u00bb][et_pb_row column_structure=\u00bb1_4,1_4,1_4,1_4&#8243; _builder_version=\u00bb3.25&#8243; custom_padding=\u00bb27px|0px|23px|0px|false|false\u00bb global_colors_info=\u00bb{}\u00bb][et_pb_column type=\u00bb1_4&#8243; _builder_version=\u00bb3.25&#8243; custom_padding=\u00bb|||\u00bb global_colors_info=\u00bb{}\u00bb custom_padding__hover=\u00bb|||\u00bb][et_pb_text _builder_version=\u00bb3.27.4&#8243; global_colors_info=\u00bb{}\u00bb]<\/p>\n<h4 class=\"title\"><span style=\"color: #ffffff;\">CONTACTO REUS<\/span><\/h4>\n<div class=\"textwidget\">\n<p><span style=\"color: #ffffff;\"><strong>Academia<\/strong><\/span><br \/>\n<span style=\"color: #ffffff;\">Av. Pa\u00efsos Catalans, 117<\/span><br \/>\n<span style=\"color: #ffffff;\">43205 &#8211; Reus<\/span><br \/>\n<span style=\"color: #ffffff;\">Tel\u00e9fono fijo: <a style=\"color: #ffffff;\" href=\"tel:\/\/977018342\"> 977 01 83 42<\/a><\/span><br \/>\n<span style=\"color: #ffffff;\">Tel\u00e9fono m\u00f3vil: <a style=\"color: #ffffff;\" href=\"tel:\/\/663956756\">663 956 756<\/a><\/span><\/p>\n<\/div>\n<p>[\/et_pb_text][\/et_pb_column][et_pb_column type=\u00bb1_4&#8243; _builder_version=\u00bb3.25&#8243; custom_padding=\u00bb|||\u00bb global_colors_info=\u00bb{}\u00bb custom_padding__hover=\u00bb|||\u00bb][et_pb_text content_last_edited=\u00bboff|desktop\u00bb _builder_version=\u00bb4.14.1&#8243; global_colors_info=\u00bb{}\u00bb]<\/p>\n<div class=\"textwidget\">\n<p><span style=\"color: #ffffff;\"><strong>Peluquer\u00eda y est\u00e9tica<\/strong><\/span><br \/><span style=\"color: #ffffff;\">C\/ del vent, 34<\/span><br \/><span style=\"color: #ffffff;\">43201 &#8211; Reus<\/span><br \/><span style=\"color: #ffffff;\">Tel\u00e9fono fijo: <a href=\"tel:\/\/977103130\" style=\"color: #ffffff;\">977 018342<\/a><\/span><\/p>\n<\/div>\n<p>[\/et_pb_text][\/et_pb_column][et_pb_column type=\u00bb1_4&#8243; _builder_version=\u00bb3.25&#8243; custom_padding=\u00bb|||\u00bb global_colors_info=\u00bb{}\u00bb custom_padding__hover=\u00bb|||\u00bb][et_pb_text _builder_version=\u00bb3.27.4&#8243; global_colors_info=\u00bb{}\u00bb]<\/p>\n<h4 class=\"title\"><span style=\"color: #ffffff;\"><strong>HORARIO<\/strong><\/span><\/h4>\n<p><span style=\"color: #ffffff;\">Lunes a Jueves:<\/span><br \/><span style=\"color: #ffffff;\">9:30H a 13:30H<\/span><br \/><span style=\"color: #ffffff;\">15:30H a 19:30H<\/span><br \/><span style=\"color: #ffffff;\">Viernes:<\/span><br \/><span style=\"color: #ffffff;\">9:30H a 19:30H<\/span><\/p>\n<p>[\/et_pb_text][\/et_pb_column][et_pb_column type=\u00bb1_4&#8243; _builder_version=\u00bb3.25&#8243; custom_padding=\u00bb|||\u00bb global_colors_info=\u00bb{}\u00bb custom_padding__hover=\u00bb|||\u00bb][et_pb_text _builder_version=\u00bb3.27.4&#8243; global_colors_info=\u00bb{}\u00bb]<\/p>\n<h4 class=\"title\"><span style=\"color: #ffffff;\">CONTACTO SALOU<\/span><\/h4>\n<div class=\"textwidget\"><span style=\"color: #ffffff;\"><strong>Peluquer\u00eda y est\u00e9tica<\/strong><\/span><br \/><span style=\"color: #ffffff;\">C\/V\u00eda Augusta, 2 local 5<\/span><br \/><span style=\"color: #ffffff;\">43840 &#8211; Salou<\/span><br \/><span style=\"color: #ffffff;\">Tel\u00e9fono fijo: <a style=\"color:#fff\" href=\"tel:\/\/977383993\">977 38 39 93<\/a><\/span><\/div>\n<p>[\/et_pb_text][\/et_pb_column][\/et_pb_row][et_pb_row column_structure=\u00bb1_2,1_4,1_4&#8243; _builder_version=\u00bb3.25&#8243; custom_padding=\u00bb27px|0px|23px|0px|false|false\u00bb hover_enabled=\u00bb0&#8243; global_colors_info=\u00bb{}\u00bb sticky_enabled=\u00bb0&#8243;][et_pb_column type=\u00bb1_2&#8243; _builder_version=\u00bb3.25&#8243; custom_padding=\u00bb|||\u00bb hover_enabled=\u00bb0&#8243; global_colors_info=\u00bb{}\u00bb custom_padding__hover=\u00bb|||\u00bb sticky_enabled=\u00bb0&#8243;][et_pb_image src=\u00bbhttps:\/\/www.cosmeticadelcabell.com\/wp-content\/uploads\/2018\/08\/cosm\u00e8tica-del-cabell-calle-del-vent-34.jpg\u00bb url=\u00bbhttps:\/\/goo.gl\/maps\/MG6E76ry3oE2&#8243; force_fullwidth=\u00bbon\u00bb align_tablet=\u00bbcenter\u00bb align_phone=\u00bb\u00bb align_last_edited=\u00bbon|desktop\u00bb _builder_version=\u00bb4.0.3&#8243; module_alignment=\u00bbleft\u00bb height=\u00bb262px\u00bb hover_enabled=\u00bb0&#8243; global_colors_info=\u00bb{}\u00bb sticky_enabled=\u00bb0&#8243; custom_margin=\u00bb|38px||||\u00bb custom_padding=\u00bb|285px||||\u00bb][\/et_pb_image][\/et_pb_column][et_pb_column type=\u00bb1_4&#8243; _builder_version=\u00bb3.25&#8243; custom_padding=\u00bb|||\u00bb global_colors_info=\u00bb{}\u00bb custom_padding__hover=\u00bb|||\u00bb][et_pb_text _builder_version=\u00bb4.2.2&#8243; global_colors_info=\u00bb{}\u00bb]<\/p>\n<h4 class=\"title\"><span style=\"color: #ffffff;\">VIS\u00cdTENOS EN FACEBOOK E ISNTAGRAM<\/span><\/h4>\n<p>[\/et_pb_text][et_pb_social_media_follow _builder_version=\u00bb4.2.2&#8243; custom_button=\u00bbon\u00bb button_text_size=\u00bb21px\u00bb button_text_color=\u00bb#000000&#8243; text_orientation=\u00bbcenter\u00bb custom_padding=\u00bb0px||||false|false\u00bb global_colors_info=\u00bb{}\u00bb][et_pb_social_media_follow_network social_network=\u00bbfacebook\u00bb url=\u00bbhttps:\/\/www.facebook.com\/people\/Cosm\u00e8tica-del-Cabell\/100010402899242&#8243; _builder_version=\u00bb4.2.2&#8243; background_color=\u00bb#3b5998&#8243; box_shadow_style=\u00bbpreset4&#8243; box_shadow_horizontal=\u00bb-1px\u00bb box_shadow_vertical=\u00bb1px\u00bb global_colors_info=\u00bb{}\u00bb follow_button=\u00bboff\u00bb url_new_window=\u00bbon\u00bb]facebook[\/et_pb_social_media_follow_network][et_pb_social_media_follow_network social_network=\u00bbinstagram\u00bb url=\u00bbhttps:\/\/www.instagram.com\/cosmeticadelcabell\/\u00bb icon_color=\u00bb#ffffff\u00bb _builder_version=\u00bb4.2.2&#8243; background_color=\u00bb#ea2c59&#8243; box_shadow_style=\u00bbpreset4&#8243; box_shadow_horizontal=\u00bb-1px\u00bb box_shadow_vertical=\u00bb1px\u00bb global_colors_info=\u00bb{}\u00bb follow_button=\u00bboff\u00bb url_new_window=\u00bbon\u00bb]instagram[\/et_pb_social_media_follow_network][et_pb_social_media_follow_network social_network=\u00bblinkedin\u00bb url=\u00bbhttps:\/\/www.linkedin.com\/company\/cosmetica-del-cabell\/\u00bb _builder_version=\u00bb4.2.2&#8243; background_color=\u00bb#007bb6&#8243; custom_margin=\u00bb||||false|false\u00bb custom_padding=\u00bb||||false|false\u00bb box_shadow_style=\u00bbpreset4&#8243; box_shadow_horizontal=\u00bb-1px\u00bb box_shadow_vertical=\u00bb1px\u00bb global_colors_info=\u00bb{}\u00bb follow_button=\u00bboff\u00bb url_new_window=\u00bbon\u00bb]linkedin[\/et_pb_social_media_follow_network][\/et_pb_social_media_follow][\/et_pb_column][et_pb_column type=\u00bb1_4&#8243; _builder_version=\u00bb3.25&#8243; custom_padding=\u00bb|||\u00bb global_colors_info=\u00bb{}\u00bb custom_padding__hover=\u00bb|||\u00bb][et_pb_code hover_enabled=\u00bb0&#8243; global_colors_info=\u00bb{}\u00bb custom_margin=\u00bb||73px|||\u00bb width=\u00bb100%\u00bb custom_padding=\u00bb||0px|||\u00bb sticky_enabled=\u00bb0&#8243;]<a href=\"https:\/\/goo.gl\/maps\/gnmzZDVjc6B2\"><img decoding=\"async\" width=\"300\" height=\"200\" data-src=\"https:\/\/www.cosmeticadelcabell.com\/wp-content\/uploads\/2018\/08\/cosmetica-salou-600-300x200.jpg\" class=\"image wp-image-1154 attachment-medium size-medium lazyload\" alt=\"\" style=\"--smush-placeholder-width: 300px; --smush-placeholder-aspect-ratio: 300\/200;max-width: 100%; height: auto;\" data-srcset=\"https:\/\/www.cosmeticadelcabell.com\/wp-content\/uploads\/2018\/08\/cosmetica-salou-600-300x200.jpg 300w, https:\/\/www.cosmeticadelcabell.com\/wp-content\/uploads\/2018\/08\/cosmetica-salou-600.jpg 600w\" data-sizes=\"(max-width: 300px) 100vw, 300px\" src=\"data:image\/svg+xml;base64,PHN2ZyB3aWR0aD0iMSIgaGVpZ2h0PSIxIiB4bWxucz0iaHR0cDovL3d3dy53My5vcmcvMjAwMC9zdmciPjwvc3ZnPg==\"><\/a>[\/et_pb_code][\/et_pb_column][\/et_pb_row][\/et_pb_section]<\/p>\n","protected":false},"excerpt":{"rendered":"<p>NUESTRAS INSTALACIONES ACADEMIA DE EST\u00c9TICA EN REUSNuestras instalacionesCosm\u00e8tica del Cabell somos una academia de est\u00e9tica y peluquer\u00eda en Reus y disponemos de unas amplias instalaciones de m\u00e1s de 400 m2 y un personal altamente cualificado en peluquer\u00eda y est\u00e9tica.\u00a0 Estamos situados en Avinguda Pa\u00efsos Catalans, 117 \u2013 43205 de Reus. Tambi\u00e9n disponemos de productos de [&hellip;]<\/p>\n","protected":false},"author":1,"featured_media":0,"parent":0,"menu_order":0,"comment_status":"open","ping_status":"closed","template":"","meta":{"_et_pb_use_builder":"on","_et_pb_old_content":"","_et_gb_content_width":"","footnotes":""},"class_list":["post-162","page","type-page","status-publish","hentry"],"yoast_head":"<!-- This site is optimized with the Yoast SEO plugin v27.4 - https:\/\/yoast.com\/product\/yoast-seo-wordpress\/ -->\n<title>Instalaciones de academia de est\u00e9tica en Reus - Cosm\u00e8tica del cabell<\/title>\n<meta name=\"description\" content=\"Academia de est\u00e9tica en Reus - Ven e inf\u00f3rmate de nuestros cursos de formaci\u00f3n de est\u00e9tica y peluquer\u00eda sin ning\u00fan compromiso. Cosm\u00e8tica del cabell.\" \/>\n<meta name=\"robots\" content=\"index, follow, max-snippet:-1, max-image-preview:large, max-video-preview:-1\" \/>\n<link rel=\"canonical\" href=\"https:\/\/www.cosmeticadelcabell.com\/ca\/instalaciones-de-cosemtica-del-cabell-en-reus\/\" \/>\n<meta property=\"og:locale\" content=\"ca_ES\" \/>\n<meta property=\"og:type\" content=\"article\" \/>\n<meta property=\"og:title\" content=\"Instalaciones de academia de est\u00e9tica en Reus - Cosm\u00e8tica del cabell\" \/>\n<meta property=\"og:description\" content=\"Academia de est\u00e9tica en Reus - Ven e inf\u00f3rmate de nuestros cursos de formaci\u00f3n de est\u00e9tica y peluquer\u00eda sin ning\u00fan compromiso. Cosm\u00e8tica del cabell.\" \/>\n<meta property=\"og:url\" content=\"https:\/\/www.cosmeticadelcabell.com\/ca\/instalaciones-de-cosemtica-del-cabell-en-reus\/\" \/>\n<meta property=\"og:site_name\" content=\"cosmeticadelcabell\" \/>\n<meta property=\"article:publisher\" content=\"https:\/\/www.facebook.com\/people\/Cosmtica-del-Cabell\/100010402899242\" \/>\n<meta property=\"article:modified_time\" content=\"2022-01-20T12:38:35+00:00\" \/>\n<meta property=\"og:image\" content=\"https:\/\/www.cosmeticadelcabell.com\/wp-content\/uploads\/2018\/08\/cosmetica-salou-600-300x200.jpg\" \/>\n<meta name=\"twitter:card\" content=\"summary_large_image\" \/>\n<meta name=\"twitter:label1\" content=\"Temps estimat de lectura\" \/>\n\t<meta name=\"twitter:data1\" content=\"6 minuts\" \/>\n<script type=\"application\/ld+json\" class=\"yoast-schema-graph\">{\"@context\":\"https:\\\/\\\/schema.org\",\"@graph\":[{\"@type\":\"WebPage\",\"@id\":\"https:\\\/\\\/www.cosmeticadelcabell.com\\\/instalaciones-de-cosemtica-del-cabell-en-reus\\\/\",\"url\":\"https:\\\/\\\/www.cosmeticadelcabell.com\\\/instalaciones-de-cosemtica-del-cabell-en-reus\\\/\",\"name\":\"Instalaciones de academia de est\u00e9tica en Reus - Cosm\u00e8tica del cabell\",\"isPartOf\":{\"@id\":\"https:\\\/\\\/www.cosmeticadelcabell.com\\\/#website\"},\"primaryImageOfPage\":{\"@id\":\"https:\\\/\\\/www.cosmeticadelcabell.com\\\/instalaciones-de-cosemtica-del-cabell-en-reus\\\/#primaryimage\"},\"image\":{\"@id\":\"https:\\\/\\\/www.cosmeticadelcabell.com\\\/instalaciones-de-cosemtica-del-cabell-en-reus\\\/#primaryimage\"},\"thumbnailUrl\":\"https:\\\/\\\/www.cosmeticadelcabell.com\\\/wp-content\\\/uploads\\\/2018\\\/08\\\/cosmetica-salou-600-300x200.jpg\",\"datePublished\":\"2015-06-09T10:35:46+00:00\",\"dateModified\":\"2022-01-20T12:38:35+00:00\",\"description\":\"Academia de est\u00e9tica en Reus - Ven e inf\u00f3rmate de nuestros cursos de formaci\u00f3n de est\u00e9tica y peluquer\u00eda sin ning\u00fan compromiso. Cosm\u00e8tica del cabell.\",\"breadcrumb\":{\"@id\":\"https:\\\/\\\/www.cosmeticadelcabell.com\\\/instalaciones-de-cosemtica-del-cabell-en-reus\\\/#breadcrumb\"},\"inLanguage\":\"ca\",\"potentialAction\":[{\"@type\":\"ReadAction\",\"target\":[\"https:\\\/\\\/www.cosmeticadelcabell.com\\\/instalaciones-de-cosemtica-del-cabell-en-reus\\\/\"]}]},{\"@type\":\"ImageObject\",\"inLanguage\":\"ca\",\"@id\":\"https:\\\/\\\/www.cosmeticadelcabell.com\\\/instalaciones-de-cosemtica-del-cabell-en-reus\\\/#primaryimage\",\"url\":\"https:\\\/\\\/www.cosmeticadelcabell.com\\\/wp-content\\\/uploads\\\/2018\\\/08\\\/cosmetica-salou-600-300x200.jpg\",\"contentUrl\":\"https:\\\/\\\/www.cosmeticadelcabell.com\\\/wp-content\\\/uploads\\\/2018\\\/08\\\/cosmetica-salou-600-300x200.jpg\"},{\"@type\":\"BreadcrumbList\",\"@id\":\"https:\\\/\\\/www.cosmeticadelcabell.com\\\/instalaciones-de-cosemtica-del-cabell-en-reus\\\/#breadcrumb\",\"itemListElement\":[{\"@type\":\"ListItem\",\"position\":1,\"name\":\"Portada\",\"item\":\"https:\\\/\\\/www.cosmeticadelcabell.com\\\/\"},{\"@type\":\"ListItem\",\"position\":2,\"name\":\"Instalaciones de Cosm\u00e8tica del Cabell en Reus\"}]},{\"@type\":\"WebSite\",\"@id\":\"https:\\\/\\\/www.cosmeticadelcabell.com\\\/#website\",\"url\":\"https:\\\/\\\/www.cosmeticadelcabell.com\\\/\",\"name\":\"Academia de est\u00e9tica y peluquer\u00eda en Reus Cosmetica del Cabell\",\"description\":\"Academia de formaci\u00f3n profesional peluquer\u00eda y cosm\u00e9tica\",\"publisher\":{\"@id\":\"https:\\\/\\\/www.cosmeticadelcabell.com\\\/#organization\"},\"alternateName\":\"Cosmetica del Cabell\",\"potentialAction\":[{\"@type\":\"SearchAction\",\"target\":{\"@type\":\"EntryPoint\",\"urlTemplate\":\"https:\\\/\\\/www.cosmeticadelcabell.com\\\/?s={search_term_string}\"},\"query-input\":{\"@type\":\"PropertyValueSpecification\",\"valueRequired\":true,\"valueName\":\"search_term_string\"}}],\"inLanguage\":\"ca\"},{\"@type\":\"Organization\",\"@id\":\"https:\\\/\\\/www.cosmeticadelcabell.com\\\/#organization\",\"name\":\"Cosmetica del Cabell Reus\",\"alternateName\":\"Cosmetica del Cabell\",\"url\":\"https:\\\/\\\/www.cosmeticadelcabell.com\\\/\",\"logo\":{\"@type\":\"ImageObject\",\"inLanguage\":\"ca\",\"@id\":\"https:\\\/\\\/www.cosmeticadelcabell.com\\\/#\\\/schema\\\/logo\\\/image\\\/\",\"url\":\"https:\\\/\\\/www.cosmeticadelcabell.com\\\/wp-content\\\/uploads\\\/2018\\\/08\\\/logo-cosmetica-original-bold.png\",\"contentUrl\":\"https:\\\/\\\/www.cosmeticadelcabell.com\\\/wp-content\\\/uploads\\\/2018\\\/08\\\/logo-cosmetica-original-bold.png\",\"width\":500,\"height\":166,\"caption\":\"Cosmetica del Cabell Reus\"},\"image\":{\"@id\":\"https:\\\/\\\/www.cosmeticadelcabell.com\\\/#\\\/schema\\\/logo\\\/image\\\/\"},\"sameAs\":[\"https:\\\/\\\/www.facebook.com\\\/people\\\/Cosmtica-del-Cabell\\\/100010402899242\",\"https:\\\/\\\/www.instagram.com\\\/cosmeticadelcabell\\\/\"]}]}<\/script>\n<!-- \/ Yoast SEO plugin. -->","yoast_head_json":{"title":"Instalaciones de academia de est\u00e9tica en Reus - Cosm\u00e8tica del cabell","description":"Academia de est\u00e9tica en Reus - Ven e inf\u00f3rmate de nuestros cursos de formaci\u00f3n de est\u00e9tica y peluquer\u00eda sin ning\u00fan compromiso. Cosm\u00e8tica del cabell.","robots":{"index":"index","follow":"follow","max-snippet":"max-snippet:-1","max-image-preview":"max-image-preview:large","max-video-preview":"max-video-preview:-1"},"canonical":"https:\/\/www.cosmeticadelcabell.com\/ca\/instalaciones-de-cosemtica-del-cabell-en-reus\/","og_locale":"ca_ES","og_type":"article","og_title":"Instalaciones de academia de est\u00e9tica en Reus - Cosm\u00e8tica del cabell","og_description":"Academia de est\u00e9tica en Reus - Ven e inf\u00f3rmate de nuestros cursos de formaci\u00f3n de est\u00e9tica y peluquer\u00eda sin ning\u00fan compromiso. Cosm\u00e8tica del cabell.","og_url":"https:\/\/www.cosmeticadelcabell.com\/ca\/instalaciones-de-cosemtica-del-cabell-en-reus\/","og_site_name":"cosmeticadelcabell","article_publisher":"https:\/\/www.facebook.com\/people\/Cosmtica-del-Cabell\/100010402899242","article_modified_time":"2022-01-20T12:38:35+00:00","og_image":[{"url":"https:\/\/www.cosmeticadelcabell.com\/wp-content\/uploads\/2018\/08\/cosmetica-salou-600-300x200.jpg","type":"","width":"","height":""}],"twitter_card":"summary_large_image","twitter_misc":{"Temps estimat de lectura":"6 minuts"},"schema":{"@context":"https:\/\/schema.org","@graph":[{"@type":"WebPage","@id":"https:\/\/www.cosmeticadelcabell.com\/instalaciones-de-cosemtica-del-cabell-en-reus\/","url":"https:\/\/www.cosmeticadelcabell.com\/instalaciones-de-cosemtica-del-cabell-en-reus\/","name":"Instalaciones de academia de est\u00e9tica en Reus - Cosm\u00e8tica del cabell","isPartOf":{"@id":"https:\/\/www.cosmeticadelcabell.com\/#website"},"primaryImageOfPage":{"@id":"https:\/\/www.cosmeticadelcabell.com\/instalaciones-de-cosemtica-del-cabell-en-reus\/#primaryimage"},"image":{"@id":"https:\/\/www.cosmeticadelcabell.com\/instalaciones-de-cosemtica-del-cabell-en-reus\/#primaryimage"},"thumbnailUrl":"https:\/\/www.cosmeticadelcabell.com\/wp-content\/uploads\/2018\/08\/cosmetica-salou-600-300x200.jpg","datePublished":"2015-06-09T10:35:46+00:00","dateModified":"2022-01-20T12:38:35+00:00","description":"Academia de est\u00e9tica en Reus - Ven e inf\u00f3rmate de nuestros cursos de formaci\u00f3n de est\u00e9tica y peluquer\u00eda sin ning\u00fan compromiso. Cosm\u00e8tica del cabell.","breadcrumb":{"@id":"https:\/\/www.cosmeticadelcabell.com\/instalaciones-de-cosemtica-del-cabell-en-reus\/#breadcrumb"},"inLanguage":"ca","potentialAction":[{"@type":"ReadAction","target":["https:\/\/www.cosmeticadelcabell.com\/instalaciones-de-cosemtica-del-cabell-en-reus\/"]}]},{"@type":"ImageObject","inLanguage":"ca","@id":"https:\/\/www.cosmeticadelcabell.com\/instalaciones-de-cosemtica-del-cabell-en-reus\/#primaryimage","url":"https:\/\/www.cosmeticadelcabell.com\/wp-content\/uploads\/2018\/08\/cosmetica-salou-600-300x200.jpg","contentUrl":"https:\/\/www.cosmeticadelcabell.com\/wp-content\/uploads\/2018\/08\/cosmetica-salou-600-300x200.jpg"},{"@type":"BreadcrumbList","@id":"https:\/\/www.cosmeticadelcabell.com\/instalaciones-de-cosemtica-del-cabell-en-reus\/#breadcrumb","itemListElement":[{"@type":"ListItem","position":1,"name":"Portada","item":"https:\/\/www.cosmeticadelcabell.com\/"},{"@type":"ListItem","position":2,"name":"Instalaciones de Cosm\u00e8tica del Cabell en Reus"}]},{"@type":"WebSite","@id":"https:\/\/www.cosmeticadelcabell.com\/#website","url":"https:\/\/www.cosmeticadelcabell.com\/","name":"Academia de est\u00e9tica y peluquer\u00eda en Reus Cosmetica del Cabell","description":"Academia de formaci\u00f3n profesional peluquer\u00eda y cosm\u00e9tica","publisher":{"@id":"https:\/\/www.cosmeticadelcabell.com\/#organization"},"alternateName":"Cosmetica del Cabell","potentialAction":[{"@type":"SearchAction","target":{"@type":"EntryPoint","urlTemplate":"https:\/\/www.cosmeticadelcabell.com\/?s={search_term_string}"},"query-input":{"@type":"PropertyValueSpecification","valueRequired":true,"valueName":"search_term_string"}}],"inLanguage":"ca"},{"@type":"Organization","@id":"https:\/\/www.cosmeticadelcabell.com\/#organization","name":"Cosmetica del Cabell Reus","alternateName":"Cosmetica del Cabell","url":"https:\/\/www.cosmeticadelcabell.com\/","logo":{"@type":"ImageObject","inLanguage":"ca","@id":"https:\/\/www.cosmeticadelcabell.com\/#\/schema\/logo\/image\/","url":"https:\/\/www.cosmeticadelcabell.com\/wp-content\/uploads\/2018\/08\/logo-cosmetica-original-bold.png","contentUrl":"https:\/\/www.cosmeticadelcabell.com\/wp-content\/uploads\/2018\/08\/logo-cosmetica-original-bold.png","width":500,"height":166,"caption":"Cosmetica del Cabell Reus"},"image":{"@id":"https:\/\/www.cosmeticadelcabell.com\/#\/schema\/logo\/image\/"},"sameAs":["https:\/\/www.facebook.com\/people\/Cosmtica-del-Cabell\/100010402899242","https:\/\/www.instagram.com\/cosmeticadelcabell\/"]}]}},"_links":{"self":[{"href":"https:\/\/www.cosmeticadelcabell.com\/ca\/wp-json\/wp\/v2\/pages\/162","targetHints":{"allow":["GET"]}}],"collection":[{"href":"https:\/\/www.cosmeticadelcabell.com\/ca\/wp-json\/wp\/v2\/pages"}],"about":[{"href":"https:\/\/www.cosmeticadelcabell.com\/ca\/wp-json\/wp\/v2\/types\/page"}],"author":[{"embeddable":true,"href":"https:\/\/www.cosmeticadelcabell.com\/ca\/wp-json\/wp\/v2\/users\/1"}],"replies":[{"embeddable":true,"href":"https:\/\/www.cosmeticadelcabell.com\/ca\/wp-json\/wp\/v2\/comments?post=162"}],"version-history":[{"count":45,"href":"https:\/\/www.cosmeticadelcabell.com\/ca\/wp-json\/wp\/v2\/pages\/162\/revisions"}],"predecessor-version":[{"id":2109,"href":"https:\/\/www.cosmeticadelcabell.com\/ca\/wp-json\/wp\/v2\/pages\/162\/revisions\/2109"}],"wp:attachment":[{"href":"https:\/\/www.cosmeticadelcabell.com\/ca\/wp-json\/wp\/v2\/media?parent=162"}],"curies":[{"name":"wp","href":"https:\/\/api.w.org\/{rel}","templated":true}]}}