{"id":1860,"date":"2020-11-10T15:13:34","date_gmt":"2020-11-10T15:13:34","guid":{"rendered":"https:\/\/www.cosmeticadelcabell.com\/?page_id=1860"},"modified":"2020-11-10T15:13:36","modified_gmt":"2020-11-10T15:13:36","slug":"cursos-peluqueria-en-reus","status":"publish","type":"page","link":"https:\/\/www.cosmeticadelcabell.com\/ca\/cursos-peluqueria-en-reus\/","title":{"rendered":"Cursos peluquer\u00eda en Reus"},"content":{"rendered":"<h1 class=\"wp-block-heading\">Cursos de peluquer\u00eda en Reus<\/h1>\n\n\n\n<p>M\u00e9s de 15 anys dedicats a la <strong>formaci\u00f3 de professionals d'est\u00e8tica i perruqueria a Reus<\/strong>, avalen la traject\u00f2ria de <strong>Cosm\u00e8tica del Cabell<\/strong>. Durant aquest temps han passat pel nostre centre de formaci\u00f3 moltes persones que avui dia exerceixen la seva professi\u00f3.<\/p>\n\n\n\n<p>A <strong><a href=\"https:\/\/www.cosmeticadelcabell.com\/ca\/\">Cosm\u00e8tica del Cabell<\/a><\/strong> estar\u00e0 sempre en bones mans, ja que disposa d'un equip professional amb anys d'experi\u00e8ncia que domina la gamma cl\u00e0ssica de pentinats i els estils m\u00e9s moderns de la temporada.<\/p>\n\n\n\n<p>I  finalment, tamb\u00e9 trobar\u00e0 una ampl\u00edssima oferta de productes per tenir cura el seu estil i el seu cabell a un preu molt competitiu.<\/p>\n\n\n\n<h4 class=\"wp-block-heading\"><strong>CERTIFICATS DE PROFESSIONALITAT D'IMATGE PERSONAL HOMOLOGATS I ADAPTATS A EL MARC ESPANYOL<\/strong><\/h4>\n\n\n\n<p><strong>Ens trobar\u00e0 a:<\/strong><\/p>\n\n\n\n<ul class=\"wp-block-list\"><li><strong>Av. Pa\u00efsos Catalans, 117 de Reus<\/strong> \u2013 <a href=\"tel:977018342\"> 977 01 83 42<\/a><\/li><\/ul>","protected":false},"excerpt":{"rendered":"<p>Cursos de peluquer\u00eda en Reus M\u00e1s de 15 a\u00f1os dedicados a la formaci\u00f3n de profesionales de est\u00e9tica y peluquer\u00eda en Reus, avalan la trayectoria de Cosm\u00e8tica del Cabell. Durante este tiempo han pasado por nuestro centro de formaci\u00f3n muchas personas que hoy en d\u00eda ejercen su profesi\u00f3n. En Cosm\u00e8tica del Cabell estar\u00e1 siempre en buenas [&hellip;]<\/p>\n","protected":false},"author":1,"featured_media":0,"parent":0,"menu_order":0,"comment_status":"closed","ping_status":"closed","template":"","meta":{"_et_pb_use_builder":"off","_et_pb_old_content":"","_et_gb_content_width":"","footnotes":""},"class_list":["post-1860","page","type-page","status-publish","hentry"],"yoast_head":"<!-- This site is optimized with the Yoast SEO plugin v27.4 - https:\/\/yoast.com\/product\/yoast-seo-wordpress\/ -->\n<title>Cursos peluquer\u00eda en Reus - cosmeticadelcabell<\/title>\n<meta name=\"robots\" content=\"index, follow, max-snippet:-1, max-image-preview:large, max-video-preview:-1\" \/>\n<link rel=\"canonical\" href=\"https:\/\/www.cosmeticadelcabell.com\/ca\/cursos-peluqueria-en-reus\/\" \/>\n<meta property=\"og:locale\" content=\"ca_ES\" \/>\n<meta property=\"og:type\" content=\"article\" \/>\n<meta property=\"og:title\" content=\"Cursos peluquer\u00eda en Reus - cosmeticadelcabell\" \/>\n<meta property=\"og:description\" content=\"Cursos de peluquer\u00eda en Reus M\u00e1s de 15 a\u00f1os dedicados a la formaci\u00f3n de profesionales de est\u00e9tica y peluquer\u00eda en Reus, avalan la trayectoria de Cosm\u00e8tica del Cabell. Durante este tiempo han pasado por nuestro centro de formaci\u00f3n muchas personas que hoy en d\u00eda ejercen su profesi\u00f3n. En Cosm\u00e8tica del Cabell estar\u00e1 siempre en buenas [&hellip;]\" \/>\n<meta property=\"og:url\" content=\"https:\/\/www.cosmeticadelcabell.com\/ca\/cursos-peluqueria-en-reus\/\" \/>\n<meta property=\"og:site_name\" content=\"cosmeticadelcabell\" \/>\n<meta property=\"article:publisher\" content=\"https:\/\/www.facebook.com\/people\/Cosmtica-del-Cabell\/100010402899242\" \/>\n<meta property=\"article:modified_time\" content=\"2020-11-10T15:13:36+00:00\" \/>\n<meta property=\"og:image\" content=\"https:\/\/www.cosmeticadelcabell.com\/wp-content\/uploads\/2018\/08\/logo-cosmetica-original-bold.png\" \/>\n\t<meta property=\"og:image:width\" content=\"500\" \/>\n\t<meta property=\"og:image:height\" content=\"166\" \/>\n\t<meta property=\"og:image:type\" content=\"image\/png\" \/>\n<meta name=\"twitter:card\" content=\"summary_large_image\" \/>\n<meta name=\"twitter:label1\" content=\"Temps estimat de lectura\" \/>\n\t<meta name=\"twitter:data1\" content=\"1 minut\" \/>\n<script type=\"application\/ld+json\" class=\"yoast-schema-graph\">{\"@context\":\"https:\\\/\\\/schema.org\",\"@graph\":[{\"@type\":\"WebPage\",\"@id\":\"https:\\\/\\\/www.cosmeticadelcabell.com\\\/cursos-peluqueria-en-reus\\\/\",\"url\":\"https:\\\/\\\/www.cosmeticadelcabell.com\\\/cursos-peluqueria-en-reus\\\/\",\"name\":\"Cursos peluquer\u00eda en Reus - cosmeticadelcabell\",\"isPartOf\":{\"@id\":\"https:\\\/\\\/www.cosmeticadelcabell.com\\\/#website\"},\"datePublished\":\"2020-11-10T15:13:34+00:00\",\"dateModified\":\"2020-11-10T15:13:36+00:00\",\"breadcrumb\":{\"@id\":\"https:\\\/\\\/www.cosmeticadelcabell.com\\\/cursos-peluqueria-en-reus\\\/#breadcrumb\"},\"inLanguage\":\"ca\",\"potentialAction\":[{\"@type\":\"ReadAction\",\"target\":[\"https:\\\/\\\/www.cosmeticadelcabell.com\\\/cursos-peluqueria-en-reus\\\/\"]}]},{\"@type\":\"BreadcrumbList\",\"@id\":\"https:\\\/\\\/www.cosmeticadelcabell.com\\\/cursos-peluqueria-en-reus\\\/#breadcrumb\",\"itemListElement\":[{\"@type\":\"ListItem\",\"position\":1,\"name\":\"Portada\",\"item\":\"https:\\\/\\\/www.cosmeticadelcabell.com\\\/\"},{\"@type\":\"ListItem\",\"position\":2,\"name\":\"Cursos peluquer\u00eda en Reus\"}]},{\"@type\":\"WebSite\",\"@id\":\"https:\\\/\\\/www.cosmeticadelcabell.com\\\/#website\",\"url\":\"https:\\\/\\\/www.cosmeticadelcabell.com\\\/\",\"name\":\"Academia de est\u00e9tica y peluquer\u00eda en Reus Cosmetica del Cabell\",\"description\":\"Academia de formaci\u00f3n profesional peluquer\u00eda y cosm\u00e9tica\",\"publisher\":{\"@id\":\"https:\\\/\\\/www.cosmeticadelcabell.com\\\/#organization\"},\"alternateName\":\"Cosmetica del Cabell\",\"potentialAction\":[{\"@type\":\"SearchAction\",\"target\":{\"@type\":\"EntryPoint\",\"urlTemplate\":\"https:\\\/\\\/www.cosmeticadelcabell.com\\\/?s={search_term_string}\"},\"query-input\":{\"@type\":\"PropertyValueSpecification\",\"valueRequired\":true,\"valueName\":\"search_term_string\"}}],\"inLanguage\":\"ca\"},{\"@type\":\"Organization\",\"@id\":\"https:\\\/\\\/www.cosmeticadelcabell.com\\\/#organization\",\"name\":\"Cosmetica del Cabell Reus\",\"alternateName\":\"Cosmetica del Cabell\",\"url\":\"https:\\\/\\\/www.cosmeticadelcabell.com\\\/\",\"logo\":{\"@type\":\"ImageObject\",\"inLanguage\":\"ca\",\"@id\":\"https:\\\/\\\/www.cosmeticadelcabell.com\\\/#\\\/schema\\\/logo\\\/image\\\/\",\"url\":\"https:\\\/\\\/www.cosmeticadelcabell.com\\\/wp-content\\\/uploads\\\/2018\\\/08\\\/logo-cosmetica-original-bold.png\",\"contentUrl\":\"https:\\\/\\\/www.cosmeticadelcabell.com\\\/wp-content\\\/uploads\\\/2018\\\/08\\\/logo-cosmetica-original-bold.png\",\"width\":500,\"height\":166,\"caption\":\"Cosmetica del Cabell Reus\"},\"image\":{\"@id\":\"https:\\\/\\\/www.cosmeticadelcabell.com\\\/#\\\/schema\\\/logo\\\/image\\\/\"},\"sameAs\":[\"https:\\\/\\\/www.facebook.com\\\/people\\\/Cosmtica-del-Cabell\\\/100010402899242\",\"https:\\\/\\\/www.instagram.com\\\/cosmeticadelcabell\\\/\"]}]}<\/script>\n<!-- \/ Yoast SEO plugin. -->","yoast_head_json":{"title":"Cursos peluquer\u00eda en Reus - cosmeticadelcabell","robots":{"index":"index","follow":"follow","max-snippet":"max-snippet:-1","max-image-preview":"max-image-preview:large","max-video-preview":"max-video-preview:-1"},"canonical":"https:\/\/www.cosmeticadelcabell.com\/ca\/cursos-peluqueria-en-reus\/","og_locale":"ca_ES","og_type":"article","og_title":"Cursos peluquer\u00eda en Reus - cosmeticadelcabell","og_description":"Cursos de peluquer\u00eda en Reus M\u00e1s de 15 a\u00f1os dedicados a la formaci\u00f3n de profesionales de est\u00e9tica y peluquer\u00eda en Reus, avalan la trayectoria de Cosm\u00e8tica del Cabell. Durante este tiempo han pasado por nuestro centro de formaci\u00f3n muchas personas que hoy en d\u00eda ejercen su profesi\u00f3n. En Cosm\u00e8tica del Cabell estar\u00e1 siempre en buenas [&hellip;]","og_url":"https:\/\/www.cosmeticadelcabell.com\/ca\/cursos-peluqueria-en-reus\/","og_site_name":"cosmeticadelcabell","article_publisher":"https:\/\/www.facebook.com\/people\/Cosmtica-del-Cabell\/100010402899242","article_modified_time":"2020-11-10T15:13:36+00:00","og_image":[{"width":500,"height":166,"url":"https:\/\/www.cosmeticadelcabell.com\/wp-content\/uploads\/2018\/08\/logo-cosmetica-original-bold.png","type":"image\/png"}],"twitter_card":"summary_large_image","twitter_misc":{"Temps estimat de lectura":"1 minut"},"schema":{"@context":"https:\/\/schema.org","@graph":[{"@type":"WebPage","@id":"https:\/\/www.cosmeticadelcabell.com\/cursos-peluqueria-en-reus\/","url":"https:\/\/www.cosmeticadelcabell.com\/cursos-peluqueria-en-reus\/","name":"Cursos peluquer\u00eda en Reus - cosmeticadelcabell","isPartOf":{"@id":"https:\/\/www.cosmeticadelcabell.com\/#website"},"datePublished":"2020-11-10T15:13:34+00:00","dateModified":"2020-11-10T15:13:36+00:00","breadcrumb":{"@id":"https:\/\/www.cosmeticadelcabell.com\/cursos-peluqueria-en-reus\/#breadcrumb"},"inLanguage":"ca","potentialAction":[{"@type":"ReadAction","target":["https:\/\/www.cosmeticadelcabell.com\/cursos-peluqueria-en-reus\/"]}]},{"@type":"BreadcrumbList","@id":"https:\/\/www.cosmeticadelcabell.com\/cursos-peluqueria-en-reus\/#breadcrumb","itemListElement":[{"@type":"ListItem","position":1,"name":"Portada","item":"https:\/\/www.cosmeticadelcabell.com\/"},{"@type":"ListItem","position":2,"name":"Cursos peluquer\u00eda en Reus"}]},{"@type":"WebSite","@id":"https:\/\/www.cosmeticadelcabell.com\/#website","url":"https:\/\/www.cosmeticadelcabell.com\/","name":"Academia de est\u00e9tica y peluquer\u00eda en Reus Cosmetica del Cabell","description":"Academia de formaci\u00f3n profesional peluquer\u00eda y cosm\u00e9tica","publisher":{"@id":"https:\/\/www.cosmeticadelcabell.com\/#organization"},"alternateName":"Cosmetica del Cabell","potentialAction":[{"@type":"SearchAction","target":{"@type":"EntryPoint","urlTemplate":"https:\/\/www.cosmeticadelcabell.com\/?s={search_term_string}"},"query-input":{"@type":"PropertyValueSpecification","valueRequired":true,"valueName":"search_term_string"}}],"inLanguage":"ca"},{"@type":"Organization","@id":"https:\/\/www.cosmeticadelcabell.com\/#organization","name":"Cosmetica del Cabell Reus","alternateName":"Cosmetica del Cabell","url":"https:\/\/www.cosmeticadelcabell.com\/","logo":{"@type":"ImageObject","inLanguage":"ca","@id":"https:\/\/www.cosmeticadelcabell.com\/#\/schema\/logo\/image\/","url":"https:\/\/www.cosmeticadelcabell.com\/wp-content\/uploads\/2018\/08\/logo-cosmetica-original-bold.png","contentUrl":"https:\/\/www.cosmeticadelcabell.com\/wp-content\/uploads\/2018\/08\/logo-cosmetica-original-bold.png","width":500,"height":166,"caption":"Cosmetica del Cabell Reus"},"image":{"@id":"https:\/\/www.cosmeticadelcabell.com\/#\/schema\/logo\/image\/"},"sameAs":["https:\/\/www.facebook.com\/people\/Cosmtica-del-Cabell\/100010402899242","https:\/\/www.instagram.com\/cosmeticadelcabell\/"]}]}},"_links":{"self":[{"href":"https:\/\/www.cosmeticadelcabell.com\/ca\/wp-json\/wp\/v2\/pages\/1860","targetHints":{"allow":["GET"]}}],"collection":[{"href":"https:\/\/www.cosmeticadelcabell.com\/ca\/wp-json\/wp\/v2\/pages"}],"about":[{"href":"https:\/\/www.cosmeticadelcabell.com\/ca\/wp-json\/wp\/v2\/types\/page"}],"author":[{"embeddable":true,"href":"https:\/\/www.cosmeticadelcabell.com\/ca\/wp-json\/wp\/v2\/users\/1"}],"replies":[{"embeddable":true,"href":"https:\/\/www.cosmeticadelcabell.com\/ca\/wp-json\/wp\/v2\/comments?post=1860"}],"version-history":[{"count":1,"href":"https:\/\/www.cosmeticadelcabell.com\/ca\/wp-json\/wp\/v2\/pages\/1860\/revisions"}],"predecessor-version":[{"id":1862,"href":"https:\/\/www.cosmeticadelcabell.com\/ca\/wp-json\/wp\/v2\/pages\/1860\/revisions\/1862"}],"wp:attachment":[{"href":"https:\/\/www.cosmeticadelcabell.com\/ca\/wp-json\/wp\/v2\/media?parent=1860"}],"curies":[{"name":"wp","href":"https:\/\/api.w.org\/{rel}","templated":true}]}}