{"id":1951,"date":"2021-02-02T10:52:16","date_gmt":"2021-02-02T10:52:16","guid":{"rendered":"https:\/\/www.cosmeticadelcabell.com\/?page_id=1951"},"modified":"2021-02-02T11:32:23","modified_gmt":"2021-02-02T11:32:23","slug":"cursos-en-academia-de-peluqueria-en-reus","status":"publish","type":"page","link":"https:\/\/www.cosmeticadelcabell.com\/ca\/cursos-en-academia-de-peluqueria-en-reus\/","title":{"rendered":"Cursos en academia de peluquer\u00eda en Reus"},"content":{"rendered":"<p>[et_pb_section fb_built=\u00bb1&#8243; admin_label=\u00bbsection\u00bb _builder_version=\u00bb3.22.3&#8243; custom_padding=\u00bb54px|0px|0|0px|false|false\u00bb][et_pb_row admin_label=\u00bbrow\u00bb module_class=\u00bb et_pb_row_fullwidth\u00bb _builder_version=\u00bb3.25&#8243; background_color=\u00bb#ffffff\u00bb use_background_color_gradient=\u00bbon\u00bb background_color_gradient_start=\u00bb#ff7a2b\u00bb background_color_gradient_end=\u00bb#9d141c\u00bb background_size=\u00bbinitial\u00bb background_position=\u00bbtop_left\u00bb background_repeat=\u00bbrepeat\u00bb width=\u00bb89%\u00bb width_tablet=\u00bb80%\u00bb width_phone=\u00bb\u00bb width_last_edited=\u00bbon|desktop\u00bb max_width=\u00bb89%\u00bb max_width_tablet=\u00bb80%\u00bb max_width_phone=\u00bb\u00bb max_width_last_edited=\u00bbon|desktop\u00bb make_fullwidth=\u00bbon\u00bb][et_pb_column type=\u00bb4_4&#8243; _builder_version=\u00bb3.25&#8243; custom_padding=\u00bb|||\u00bb custom_padding__hover=\u00bb|||\u00bb][et_pb_text _builder_version=\u00bb3.27.4&#8243; header_font=\u00bb||||||||\u00bb header_3_font=\u00bb|700|||||||\u00bb header_3_text_color=\u00bb#ffffff\u00bb header_3_font_size=\u00bb30px\u00bb header_3_letter_spacing=\u00bb2px\u00bb]<\/p>\n<h3 style=\"text-align: center;\">NUESTROS CURSOS<\/h3>\n<p>[\/et_pb_text][\/et_pb_column][\/et_pb_row][et_pb_row column_structure=\u00bb1_2,1_2&#8243; admin_label=\u00bbrow\u00bb module_class=\u00bb et_pb_row_fullwidth\u00bb _builder_version=\u00bb3.25&#8243; background_size=\u00bbinitial\u00bb background_position=\u00bbtop_left\u00bb background_repeat=\u00bbrepeat\u00bb width=\u00bb89%\u00bb width_tablet=\u00bb80%\u00bb width_phone=\u00bb\u00bb width_last_edited=\u00bbon|desktop\u00bb max_width=\u00bb89%\u00bb max_width_tablet=\u00bb80%\u00bb max_width_phone=\u00bb\u00bb max_width_last_edited=\u00bbon|desktop\u00bb make_fullwidth=\u00bbon\u00bb][et_pb_column type=\u00bb1_2&#8243; _builder_version=\u00bb3.25&#8243; custom_padding=\u00bb|||\u00bb custom_padding__hover=\u00bb|||\u00bb][et_pb_gallery gallery_ids=\u00bb1407,1406,325,326,327,328,329,330,331,415,416,417,418,419,438,439,443,445,446,447,448,456,453,450,458,451,465,457,455,449,462,467,468&#8243; gallery_orderby=\u00bbrand\u00bb gallery_captions=\u00bbCosm\u00e8tica del Cabell Reus,im\u00e1genes peluquer\u00eda est\u00e9tica,Cosmetica del Cabell Reus,Cosmetica del Cabell Reus,Cosmetica del Cabell Reus,Cosmetica del Cabell Reus,Cosmetica del Cabell Reus,Cosmetica del Cabell Reus,Cosmetica del Cabell Reus,Cosmetica del Cabell Reus,Cosmetica del Cabell Reus,Cosmetica del Cabell Reus,Cosmetica del Cabell Reus,Cosmetica del Cabell,Cosmetica del Cabell,Cosmetica del Cabell,Cosmetica del Cabell,Cosmetica del Cabell,Cosmetica del Cabell,Cosmetica del Cabell,Cosmetica del Cabell,Cosmetica del Cabell,Cosmetica del Cabell,Cosmetica del Cabell,Cosmetica del Cabell,Cosmetica del Cabell,Cosmetica del Cabell,Cosmetica del Cabell,Cosmetica del Cabell,Cosmetica del Cabell,Cosmetica del Cabell,Cosmetica del Cabell,Cosmetica del Cabell,Cosmetica del Cabell,Cosmetica del Cabell,Cosmetica del Cabell,Cosmetica del Cabell,Cosmetica del Cabell,Cosmetica del Cabell,Cosmetica del Cabell,Cosmetica del Cabell,Cosmetica del Cabell,Cosmetica del Cabell,Cosmetica del Cabell,Cosmetica del Cabell,Cosmetica del Cabell,,Cosmetica del Cabell Reus,,,,,Cosmetica del Cabell,Cosmetica del Cabell,Cosmetica del Cabell,,Cosmetica del Cabell,Cosmetica del Cabell,Cosmetica del Cabell,\u00bb fullwidth=\u00bbon\u00bb _builder_version=\u00bb3.19.3&#8243; auto=\u00bbon\u00bb auto_speed=\u00bb2500&#8243; use_border_color=\u00bboff\u00bb border_color=\u00bb#ffffff\u00bb border_style=\u00bbsolid\u00bb]<br \/>\n[\/et_pb_gallery][\/et_pb_column][et_pb_column type=\u00bb1_2&#8243; _builder_version=\u00bb3.25&#8243; custom_padding=\u00bb|||\u00bb custom_padding__hover=\u00bb|||\u00bb][et_pb_blog include_categories=\u00bb16,3,17,18&#8243; show_thumbnail=\u00bboff\u00bb show_author=\u00bboff\u00bb show_date=\u00bboff\u00bb _builder_version=\u00bb3.11.1&#8243; header_font=\u00bb|on|||\u00bb header_text_color=\u00bb#9d141c\u00bb header_font_size=\u00bb25&#8243; body_font_size=\u00bb16&#8243; meta_font_size=\u00bb16&#8243; meta_line_height=\u00bb1.4em\u00bb hover_enabled=\u00bb0&#8243; use_border_color=\u00bboff\u00bb border_color=\u00bb#ffffff\u00bb border_style=\u00bbsolid\u00bb use_dropshadow=\u00bboff\u00bb sticky_enabled=\u00bb0&#8243;]<br \/>\n[\/et_pb_blog][et_pb_text _builder_version=\u00bb3.27.4&#8243; header_font=\u00bb||||||||\u00bb header_3_font=\u00bb|700|||||||\u00bb header_3_font_size=\u00bb26px\u00bb]<\/p>\n<h3>ENTRADAS DEL BLOG<\/h3>\n<p>[\/et_pb_text][et_pb_blog posts_number=\u00bb1&#8243; include_categories=\u00bb8&#8243; show_thumbnail=\u00bboff\u00bb show_author=\u00bboff\u00bb show_date=\u00bboff\u00bb _builder_version=\u00bb3.21.2&#8243; header_font=\u00bb|700|||||||\u00bb header_text_color=\u00bb#9d141c\u00bb header_font_size=\u00bb25&#8243; body_font_size=\u00bb16&#8243; meta_font_size=\u00bb16&#8243; meta_line_height=\u00bb1.4em\u00bb use_border_color=\u00bboff\u00bb border_color=\u00bb#ffffff\u00bb border_style=\u00bbsolid\u00bb use_dropshadow=\u00bboff\u00bb]<br \/>\n[\/et_pb_blog][\/et_pb_column][\/et_pb_row][\/et_pb_section]<\/p>\n","protected":false},"excerpt":{"rendered":"<p>NUESTROS CURSOS ENTRADAS DEL BLOG<\/p>","protected":false},"author":1,"featured_media":0,"parent":0,"menu_order":0,"comment_status":"closed","ping_status":"closed","template":"","meta":{"_et_pb_use_builder":"on","_et_pb_old_content":"","_et_gb_content_width":"","footnotes":""},"class_list":["post-1951","page","type-page","status-publish","hentry"],"yoast_head":"<!-- This site is optimized with the Yoast SEO plugin v27.4 - https:\/\/yoast.com\/product\/yoast-seo-wordpress\/ -->\n<title>Cursos en academia de peluquer\u00eda en Reus - Cosm\u00e8tica del Cabell<\/title>\n<meta name=\"description\" content=\"Cosm\u00e8tica del Cabell es LA academia de peluquer\u00eda en Reus. Ofrecemos cursos de formaci\u00f3n a cualquier persona interesada. Contacta ya con nosotros.\" \/>\n<meta name=\"robots\" content=\"index, follow, max-snippet:-1, max-image-preview:large, max-video-preview:-1\" \/>\n<link rel=\"canonical\" href=\"https:\/\/www.cosmeticadelcabell.com\/ca\/cursos-en-academia-de-peluqueria-en-reus\/\" \/>\n<meta property=\"og:locale\" content=\"ca_ES\" \/>\n<meta property=\"og:type\" content=\"article\" \/>\n<meta property=\"og:title\" content=\"Cursos en academia de peluquer\u00eda en Reus - Cosm\u00e8tica del Cabell\" \/>\n<meta property=\"og:description\" content=\"Cosm\u00e8tica del Cabell es LA academia de peluquer\u00eda en Reus. Ofrecemos cursos de formaci\u00f3n a cualquier persona interesada. Contacta ya con nosotros.\" \/>\n<meta property=\"og:url\" content=\"https:\/\/www.cosmeticadelcabell.com\/ca\/cursos-en-academia-de-peluqueria-en-reus\/\" \/>\n<meta property=\"og:site_name\" content=\"cosmeticadelcabell\" \/>\n<meta property=\"article:publisher\" content=\"https:\/\/www.facebook.com\/people\/Cosmtica-del-Cabell\/100010402899242\" \/>\n<meta property=\"article:modified_time\" content=\"2021-02-02T11:32:23+00:00\" \/>\n<meta property=\"og:image\" content=\"https:\/\/www.cosmeticadelcabell.com\/wp-content\/uploads\/2018\/08\/logo-cosmetica-original-bold.png\" \/>\n\t<meta property=\"og:image:width\" content=\"500\" \/>\n\t<meta property=\"og:image:height\" content=\"166\" \/>\n\t<meta property=\"og:image:type\" content=\"image\/png\" \/>\n<meta name=\"twitter:card\" content=\"summary_large_image\" \/>\n<meta name=\"twitter:label1\" content=\"Temps estimat de lectura\" \/>\n\t<meta name=\"twitter:data1\" content=\"3 minuts\" \/>\n<script type=\"application\/ld+json\" class=\"yoast-schema-graph\">{\"@context\":\"https:\\\/\\\/schema.org\",\"@graph\":[{\"@type\":\"WebPage\",\"@id\":\"https:\\\/\\\/www.cosmeticadelcabell.com\\\/cursos-en-academia-de-peluqueria-en-reus\\\/\",\"url\":\"https:\\\/\\\/www.cosmeticadelcabell.com\\\/cursos-en-academia-de-peluqueria-en-reus\\\/\",\"name\":\"Cursos en academia de peluquer\u00eda en Reus - Cosm\u00e8tica del Cabell\",\"isPartOf\":{\"@id\":\"https:\\\/\\\/www.cosmeticadelcabell.com\\\/#website\"},\"datePublished\":\"2021-02-02T10:52:16+00:00\",\"dateModified\":\"2021-02-02T11:32:23+00:00\",\"description\":\"Cosm\u00e8tica del Cabell es LA academia de peluquer\u00eda en Reus. Ofrecemos cursos de formaci\u00f3n a cualquier persona interesada. Contacta ya con nosotros.\",\"breadcrumb\":{\"@id\":\"https:\\\/\\\/www.cosmeticadelcabell.com\\\/cursos-en-academia-de-peluqueria-en-reus\\\/#breadcrumb\"},\"inLanguage\":\"ca\",\"potentialAction\":[{\"@type\":\"ReadAction\",\"target\":[\"https:\\\/\\\/www.cosmeticadelcabell.com\\\/cursos-en-academia-de-peluqueria-en-reus\\\/\"]}]},{\"@type\":\"BreadcrumbList\",\"@id\":\"https:\\\/\\\/www.cosmeticadelcabell.com\\\/cursos-en-academia-de-peluqueria-en-reus\\\/#breadcrumb\",\"itemListElement\":[{\"@type\":\"ListItem\",\"position\":1,\"name\":\"Portada\",\"item\":\"https:\\\/\\\/www.cosmeticadelcabell.com\\\/\"},{\"@type\":\"ListItem\",\"position\":2,\"name\":\"Cursos en academia de peluquer\u00eda en Reus\"}]},{\"@type\":\"WebSite\",\"@id\":\"https:\\\/\\\/www.cosmeticadelcabell.com\\\/#website\",\"url\":\"https:\\\/\\\/www.cosmeticadelcabell.com\\\/\",\"name\":\"Academia de est\u00e9tica y peluquer\u00eda en Reus Cosmetica del Cabell\",\"description\":\"Academia de formaci\u00f3n profesional peluquer\u00eda y cosm\u00e9tica\",\"publisher\":{\"@id\":\"https:\\\/\\\/www.cosmeticadelcabell.com\\\/#organization\"},\"alternateName\":\"Cosmetica del Cabell\",\"potentialAction\":[{\"@type\":\"SearchAction\",\"target\":{\"@type\":\"EntryPoint\",\"urlTemplate\":\"https:\\\/\\\/www.cosmeticadelcabell.com\\\/?s={search_term_string}\"},\"query-input\":{\"@type\":\"PropertyValueSpecification\",\"valueRequired\":true,\"valueName\":\"search_term_string\"}}],\"inLanguage\":\"ca\"},{\"@type\":\"Organization\",\"@id\":\"https:\\\/\\\/www.cosmeticadelcabell.com\\\/#organization\",\"name\":\"Cosmetica del Cabell Reus\",\"alternateName\":\"Cosmetica del Cabell\",\"url\":\"https:\\\/\\\/www.cosmeticadelcabell.com\\\/\",\"logo\":{\"@type\":\"ImageObject\",\"inLanguage\":\"ca\",\"@id\":\"https:\\\/\\\/www.cosmeticadelcabell.com\\\/#\\\/schema\\\/logo\\\/image\\\/\",\"url\":\"https:\\\/\\\/www.cosmeticadelcabell.com\\\/wp-content\\\/uploads\\\/2018\\\/08\\\/logo-cosmetica-original-bold.png\",\"contentUrl\":\"https:\\\/\\\/www.cosmeticadelcabell.com\\\/wp-content\\\/uploads\\\/2018\\\/08\\\/logo-cosmetica-original-bold.png\",\"width\":500,\"height\":166,\"caption\":\"Cosmetica del Cabell Reus\"},\"image\":{\"@id\":\"https:\\\/\\\/www.cosmeticadelcabell.com\\\/#\\\/schema\\\/logo\\\/image\\\/\"},\"sameAs\":[\"https:\\\/\\\/www.facebook.com\\\/people\\\/Cosmtica-del-Cabell\\\/100010402899242\",\"https:\\\/\\\/www.instagram.com\\\/cosmeticadelcabell\\\/\"]}]}<\/script>\n<!-- \/ Yoast SEO plugin. -->","yoast_head_json":{"title":"Cursos en academia de peluquer\u00eda en Reus - Cosm\u00e8tica del Cabell","description":"Cosm\u00e8tica del Cabell es LA academia de peluquer\u00eda en Reus. Ofrecemos cursos de formaci\u00f3n a cualquier persona interesada. Contacta ya con nosotros.","robots":{"index":"index","follow":"follow","max-snippet":"max-snippet:-1","max-image-preview":"max-image-preview:large","max-video-preview":"max-video-preview:-1"},"canonical":"https:\/\/www.cosmeticadelcabell.com\/ca\/cursos-en-academia-de-peluqueria-en-reus\/","og_locale":"ca_ES","og_type":"article","og_title":"Cursos en academia de peluquer\u00eda en Reus - Cosm\u00e8tica del Cabell","og_description":"Cosm\u00e8tica del Cabell es LA academia de peluquer\u00eda en Reus. Ofrecemos cursos de formaci\u00f3n a cualquier persona interesada. Contacta ya con nosotros.","og_url":"https:\/\/www.cosmeticadelcabell.com\/ca\/cursos-en-academia-de-peluqueria-en-reus\/","og_site_name":"cosmeticadelcabell","article_publisher":"https:\/\/www.facebook.com\/people\/Cosmtica-del-Cabell\/100010402899242","article_modified_time":"2021-02-02T11:32:23+00:00","og_image":[{"width":500,"height":166,"url":"https:\/\/www.cosmeticadelcabell.com\/wp-content\/uploads\/2018\/08\/logo-cosmetica-original-bold.png","type":"image\/png"}],"twitter_card":"summary_large_image","twitter_misc":{"Temps estimat de lectura":"3 minuts"},"schema":{"@context":"https:\/\/schema.org","@graph":[{"@type":"WebPage","@id":"https:\/\/www.cosmeticadelcabell.com\/cursos-en-academia-de-peluqueria-en-reus\/","url":"https:\/\/www.cosmeticadelcabell.com\/cursos-en-academia-de-peluqueria-en-reus\/","name":"Cursos en academia de peluquer\u00eda en Reus - Cosm\u00e8tica del Cabell","isPartOf":{"@id":"https:\/\/www.cosmeticadelcabell.com\/#website"},"datePublished":"2021-02-02T10:52:16+00:00","dateModified":"2021-02-02T11:32:23+00:00","description":"Cosm\u00e8tica del Cabell es LA academia de peluquer\u00eda en Reus. Ofrecemos cursos de formaci\u00f3n a cualquier persona interesada. Contacta ya con nosotros.","breadcrumb":{"@id":"https:\/\/www.cosmeticadelcabell.com\/cursos-en-academia-de-peluqueria-en-reus\/#breadcrumb"},"inLanguage":"ca","potentialAction":[{"@type":"ReadAction","target":["https:\/\/www.cosmeticadelcabell.com\/cursos-en-academia-de-peluqueria-en-reus\/"]}]},{"@type":"BreadcrumbList","@id":"https:\/\/www.cosmeticadelcabell.com\/cursos-en-academia-de-peluqueria-en-reus\/#breadcrumb","itemListElement":[{"@type":"ListItem","position":1,"name":"Portada","item":"https:\/\/www.cosmeticadelcabell.com\/"},{"@type":"ListItem","position":2,"name":"Cursos en academia de peluquer\u00eda en Reus"}]},{"@type":"WebSite","@id":"https:\/\/www.cosmeticadelcabell.com\/#website","url":"https:\/\/www.cosmeticadelcabell.com\/","name":"Academia de est\u00e9tica y peluquer\u00eda en Reus Cosmetica del Cabell","description":"Academia de formaci\u00f3n profesional peluquer\u00eda y cosm\u00e9tica","publisher":{"@id":"https:\/\/www.cosmeticadelcabell.com\/#organization"},"alternateName":"Cosmetica del Cabell","potentialAction":[{"@type":"SearchAction","target":{"@type":"EntryPoint","urlTemplate":"https:\/\/www.cosmeticadelcabell.com\/?s={search_term_string}"},"query-input":{"@type":"PropertyValueSpecification","valueRequired":true,"valueName":"search_term_string"}}],"inLanguage":"ca"},{"@type":"Organization","@id":"https:\/\/www.cosmeticadelcabell.com\/#organization","name":"Cosmetica del Cabell Reus","alternateName":"Cosmetica del Cabell","url":"https:\/\/www.cosmeticadelcabell.com\/","logo":{"@type":"ImageObject","inLanguage":"ca","@id":"https:\/\/www.cosmeticadelcabell.com\/#\/schema\/logo\/image\/","url":"https:\/\/www.cosmeticadelcabell.com\/wp-content\/uploads\/2018\/08\/logo-cosmetica-original-bold.png","contentUrl":"https:\/\/www.cosmeticadelcabell.com\/wp-content\/uploads\/2018\/08\/logo-cosmetica-original-bold.png","width":500,"height":166,"caption":"Cosmetica del Cabell Reus"},"image":{"@id":"https:\/\/www.cosmeticadelcabell.com\/#\/schema\/logo\/image\/"},"sameAs":["https:\/\/www.facebook.com\/people\/Cosmtica-del-Cabell\/100010402899242","https:\/\/www.instagram.com\/cosmeticadelcabell\/"]}]}},"_links":{"self":[{"href":"https:\/\/www.cosmeticadelcabell.com\/ca\/wp-json\/wp\/v2\/pages\/1951","targetHints":{"allow":["GET"]}}],"collection":[{"href":"https:\/\/www.cosmeticadelcabell.com\/ca\/wp-json\/wp\/v2\/pages"}],"about":[{"href":"https:\/\/www.cosmeticadelcabell.com\/ca\/wp-json\/wp\/v2\/types\/page"}],"author":[{"embeddable":true,"href":"https:\/\/www.cosmeticadelcabell.com\/ca\/wp-json\/wp\/v2\/users\/1"}],"replies":[{"embeddable":true,"href":"https:\/\/www.cosmeticadelcabell.com\/ca\/wp-json\/wp\/v2\/comments?post=1951"}],"version-history":[{"count":3,"href":"https:\/\/www.cosmeticadelcabell.com\/ca\/wp-json\/wp\/v2\/pages\/1951\/revisions"}],"predecessor-version":[{"id":1983,"href":"https:\/\/www.cosmeticadelcabell.com\/ca\/wp-json\/wp\/v2\/pages\/1951\/revisions\/1983"}],"wp:attachment":[{"href":"https:\/\/www.cosmeticadelcabell.com\/ca\/wp-json\/wp\/v2\/media?parent=1951"}],"curies":[{"name":"wp","href":"https:\/\/api.w.org\/{rel}","templated":true}]}}