{"id":2246,"date":"2022-09-19T11:02:04","date_gmt":"2022-09-19T11:02:04","guid":{"rendered":"https:\/\/www.cosmeticadelcabell.com\/?page_id=2246"},"modified":"2022-09-19T11:02:10","modified_gmt":"2022-09-19T11:02:10","slug":"academia-de-peluqueria-en-cambrils","status":"publish","type":"page","link":"https:\/\/www.cosmeticadelcabell.com\/ca\/academia-de-peluqueria-en-cambrils\/","title":{"rendered":"Academia de peluquer\u00eda en Cambrils"},"content":{"rendered":"<p>[et_pb_section fb_built=\u00bb1&#8243; theme_builder_area=\u00bbpost_content\u00bb _builder_version=\u00bb4.18.0&#8243; _module_preset=\u00bbdefault\u00bb alt=\u00bbSalon de peluqueria nuestras instalaciones\u00bb title_text=\u00bbSalon de peluqueria\u00bb background_image=\u00bbhttps:\/\/www.cosmeticadelcabell.com\/wp-content\/uploads\/2015\/06\/instlaaciones-Cosmetica-del-Cabell-7.jpg\u00bb hover_enabled=\u00bb0&#8243; sticky_enabled=\u00bb0&#8243;][et_pb_row _builder_version=\u00bb4.18.0&#8243; _module_preset=\u00bbdefault\u00bb theme_builder_area=\u00bbpost_content\u00bb background_color=\u00bbrgba(255,255,255,0.83)\u00bb custom_padding=\u00bb2em|1em|2em|1em|true|true\u00bb hover_enabled=\u00bb0&#8243; sticky_enabled=\u00bb0&#8243;][et_pb_column _builder_version=\u00bb4.18.0&#8243; _module_preset=\u00bbdefault\u00bb type=\u00bb4_4&#8243; theme_builder_area=\u00bbpost_content\u00bb][et_pb_text _builder_version=\u00bb4.18.0&#8243; _module_preset=\u00bbdefault\u00bb hover_enabled=\u00bb0&#8243; sticky_enabled=\u00bb0&#8243; text_orientation=\u00bbcenter\u00bb theme_builder_area=\u00bbpost_content\u00bb text_font=\u00bb|600|||||||\u00bb text_font_size=\u00bb19px\u00bb]<\/p>\n<h1>\u00bfBuscas academia de peluquer\u00eda en Cambrils?<\/h1>\n<p>Si quieres formarte como t\u00e9cnico de peluquer\u00eda o hacer cursos de est\u00e9tica en una academia de peluquer\u00eda en Cambrils, te invitamos a conocer nuestra academia.<\/p>\n<p>Llevamos m\u00e1s de 20 a\u00f1os formando profesionales de la peluquer\u00eda a pocos minutos en Salou.<\/p>\n<p>[\/et_pb_text][et_pb_button button_text=\u00bbSolicita m\u00e1s informaci\u00f3n\u00bb _builder_version=\u00bb4.18.0&#8243; _module_preset=\u00bbdefault\u00bb button_url=\u00bb@ET-DC@eyJkeW5hbWljIjp0cnVlLCJjb250ZW50IjoicG9zdF9saW5rX3VybF9wYWdlIiwic2V0dGluZ3MiOnsicG9zdF9pZCI6IjE2NSJ9fQ==@\u00bb _dynamic_attributes=\u00bbbutton_url\u00bb hover_enabled=\u00bb0&#8243; sticky_enabled=\u00bb0&#8243; button_alignment=\u00bbcenter\u00bb theme_builder_area=\u00bbpost_content\u00bb][\/et_pb_button][\/et_pb_column][\/et_pb_row][\/et_pb_section][et_pb_section fb_built=\u00bb1&#8243; _builder_version=\u00bb4.16&#8243; global_colors_info=\u00bb{}\u00bb][et_pb_row _builder_version=\u00bb4.18.0&#8243; _module_preset=\u00bbdefault\u00bb column_structure=\u00bb1_2,1_2&#8243;][et_pb_column _builder_version=\u00bb4.18.0&#8243; _module_preset=\u00bbdefault\u00bb type=\u00bb1_2&#8243;][et_pb_text _builder_version=\u00bb4.18.0&#8243; _module_preset=\u00bbdefault\u00bb hover_enabled=\u00bb0&#8243; sticky_enabled=\u00bb0&#8243;]<\/p>\n<p><strong>Cosmetica del cabell<\/strong> es el referente cuando hablamos de academia de peluquer\u00eda en la provincia de Tarragona con centros est\u00e9ticos en Reus y Salou.<\/p>\n<p><strong>Academias de peluquer\u00eda en <a href=\"https:\/\/www.google.com\/maps\/place\/Cosm%C3%A9tica+del+Cabell+S.L.\/@41.1500383,1.0980837,15z\/data=!4m2!3m1!1s0x0:0x147e5b8549ecd623?sa=X&amp;ved=2ahUKEwj_oaSz5qHmAhXpAGMBHQgRAeUQ_BIwCnoECA8QCA\">Tarragona\u00a0 <\/a><\/strong>hay muchas, pero por muchos, solo Cosmetica del cabell es considerada la mejor academia en el \u00e1rea de Salou.<\/p>\n<p>Cosmetica del cabell somos<strong> la academia de est\u00e9tica y peluquer\u00eda por excelencia<\/strong>. Formamos a nuestros estudiantes en el arte de la est\u00e9tica y peluquer\u00eda. Por nuestra academia han pasado <strong>m\u00e1s de 10.000 estudiantes<\/strong>, de los cuales muchos de ellos han llegado a trabajar para nosotros u otras empresas del sector y se han convertido en<strong> aut\u00e9nticos profesionales.<\/strong><\/p>\n<p>[\/et_pb_text][\/et_pb_column][et_pb_column _builder_version=\u00bb4.18.0&#8243; _module_preset=\u00bbdefault\u00bb type=\u00bb1_2&#8243;][et_pb_image src=\u00bbhttps:\/\/www.cosmeticadelcabell.com\/wp-content\/uploads\/2018\/08\/cosmetica-nueva.jpg\u00bb alt=\u00bbAcademia de peluquer\u00eda en Cambrils\u00bb title_text=\u00bbAcademia de peluquer\u00eda en Cambrils\u00bb show_in_lightbox=\u00bbon\u00bb align_tablet=\u00bbcenter\u00bb align_phone=\u00bb\u00bb align_last_edited=\u00bbon|desktop\u00bb _builder_version=\u00bb4.18.0&#8243; hover_enabled=\u00bb0&#8243; global_colors_info=\u00bb{}\u00bb sticky_enabled=\u00bb0&#8243;][\/et_pb_image][\/et_pb_column][\/et_pb_row][et_pb_row _builder_version=\u00bb4.18.0&#8243; _module_preset=\u00bbdefault\u00bb custom_padding=\u00bb28px|||||\u00bb][et_pb_column _builder_version=\u00bb4.18.0&#8243; _module_preset=\u00bbdefault\u00bb type=\u00bb4_4&#8243;][et_pb_text _builder_version=\u00bb4.18.0&#8243; _module_preset=\u00bbdefault\u00bb hover_enabled=\u00bb0&#8243; sticky_enabled=\u00bb0&#8243;]<\/p>\n<h2>Instalaciones de nuestra academia\u00a0<\/h2>\n<p>Les esperamos con <strong style=\"font-size: 16px;\">400 m2<\/strong><span style=\"font-size: 16px;\"> de instalaciones en las academias de Reus y Salou, Disponemos tanto de los espacios como de los equipos y material necesario para poder ense\u00f1ar en las condiciones \u00f3ptimas. Los participantes a nuestros cursos de peluquer\u00eda cuentan con los mismos espacios individuales que se esperan a tener en un entorno laboral en el sector de la belleza.<\/span><\/p>\n<p>[\/et_pb_text][et_pb_cta title=\u00bbDescubre todos los cursos disponibles para academia de peluquer\u00eda en Cambrils\u00bb button_url=\u00bbtel:663956756&#8243; button_text=\u00bb\u00a1Llama ahora!\u00bb _builder_version=\u00bb4.18.0&#8243; background_color=\u00bbgcid-686a0007-c1d7-4865-b48c-171247c2902b\u00bb z_index=\u00bb2&#8243; custom_margin=\u00bb40px||||false|false\u00bb hover_enabled=\u00bb0&#8243; global_colors_info=\u00bb{%22gcid-686a0007-c1d7-4865-b48c-171247c2902b%22:%91%22background_color%22,%22button_text_color%22%93}\u00bb theme_builder_area=\u00bbpost_content\u00bb sticky_enabled=\u00bb0&#8243; body_link_text_color=\u00bb#FFFFFF\u00bb body_link_font=\u00bb|700|||||||\u00bb custom_button=\u00bbon\u00bb button_text_color=\u00bbgcid-686a0007-c1d7-4865-b48c-171247c2902b\u00bb button_bg_color=\u00bb#FFFFFF\u00bb button_bg_enable_color=\u00bbon\u00bb button_border_width=\u00bb0px\u00bb body_font_size=\u00bb16px\u00bb]<\/p>\n<p>Contacta con nosotros para conocer toda la oferta formativa de nuestras Academias de peluquer\u00eda en <a href=\"https:\/\/www.cosmeticadelcabell.com\/academias-de-peluqueria-en-reus\/\">Reus<\/a> y <a href=\"https:\/\/www.cosmeticadelcabell.com\/academia-de-peluqueria-en-salou\/\">Salou<\/a> a muy pocos minutos de Cambrils.<\/p>\n<p>[\/et_pb_cta][\/et_pb_column][\/et_pb_row][et_pb_row _builder_version=\u00bb4.16&#8243; background_size=\u00bbinitial\u00bb background_position=\u00bbtop_left\u00bb background_repeat=\u00bbrepeat\u00bb global_colors_info=\u00bb{}\u00bb][et_pb_column type=\u00bb4_4&#8243; _builder_version=\u00bb4.16&#8243; custom_padding=\u00bb|||\u00bb global_colors_info=\u00bb{}\u00bb custom_padding__hover=\u00bb|||\u00bb][et_pb_text _builder_version=\u00bb4.18.0&#8243; header_text_align=\u00bbcenter\u00bb hover_enabled=\u00bb0&#8243; global_colors_info=\u00bb{}\u00bb sticky_enabled=\u00bb0&#8243;]<\/p>\n<h2>Los objetivos de nuestra academia de peluquer\u00eda en Cambrils<\/h2>\n<ul>\n<li>ofrecerle al alumno la oportunidad de adquirir las competencias necesarias para ejercer en el sector de belleza y\/o peluquer\u00eda<\/li>\n<li>cultivar el amor para el arte de la belleza y realzar su vocaci\u00f3n para los mismos<\/li>\n<li>ampliar la autoestima y la confianza en las capacidades del alumno y su habilidad de auto-organizaci\u00f3n en el trabajo<\/li>\n<li>favorecer el trabajo en equipo<\/li>\n<li>favorecer un ambiente positivo y la comunicaci\u00f3n<\/li>\n<li>conseguir que los alumnos tengan una inserci\u00f3n laboral exitosa y que se conviertan en profesionales del sector de belleza\/peluquer\u00eda.<\/li>\n<\/ul>\n<p>[\/et_pb_text][\/et_pb_column][\/et_pb_row][et_pb_row _builder_version=\u00bb4.18.0&#8243; _module_preset=\u00bbdefault\u00bb][et_pb_column _builder_version=\u00bb4.18.0&#8243; _module_preset=\u00bbdefault\u00bb type=\u00bb4_4&#8243;][et_pb_text _builder_version=\u00bb4.18.0&#8243; _module_preset=\u00bbdefault\u00bb hover_enabled=\u00bb0&#8243; sticky_enabled=\u00bb0&#8243;]<\/p>\n<h2>Academia de est\u00e9tica en Cambrils<\/h2>\n<p>Aparte de la academia de peluquer\u00eda, tambi\u00e9n tenemos <strong>academia de est\u00e9tica<\/strong> donde podr\u00e1n aprender las t\u00e9cnicas m\u00e1s utilizadas en el mundo de la belleza, con enfoque tanto en t\u00e9cnicas cl\u00e1sicas como en las m\u00e1s nuevas t\u00e9cnicas del momento.<\/p>\n<p>[\/et_pb_text][\/et_pb_column][\/et_pb_row][\/et_pb_section][et_pb_section fb_built=\u00bb1&#8243; _builder_version=\u00bb4.16&#8243; locked=\u00bboff\u00bb global_colors_info=\u00bb{}\u00bb custom_padding=\u00bb0px||0px|||\u00bb][et_pb_row _builder_version=\u00bb4.18.0&#8243; global_colors_info=\u00bb{}\u00bb][et_pb_column type=\u00bb4_4&#8243; _builder_version=\u00bb4.16&#8243; custom_padding=\u00bb|||\u00bb global_colors_info=\u00bb{}\u00bb custom_padding__hover=\u00bb|||\u00bb][et_pb_image src=\u00bbhttps:\/\/www.cosmeticadelcabell.com\/wp-content\/uploads\/2017\/05\/mejores-cursos-gratuitos-Estetica-y-peluqueria-600&#215;400.jpg\u00bb alt=\u00bbAcademia de peluquer\u00eda en Cambrils\u00bb align=\u00bbcenter\u00bb align_tablet=\u00bbcenter\u00bb align_phone=\u00bbcenter\u00bb align_last_edited=\u00bbon|desktop\u00bb _builder_version=\u00bb4.18.0&#8243; animation_style=\u00bbslide\u00bb animation_direction=\u00bbleft\u00bb animation_duration=\u00bb500ms\u00bb animation_intensity_slide=\u00bb10%\u00bb hover_enabled=\u00bb0&#8243; border_style=\u00bbsolid\u00bb sticky=\u00bboff\u00bb always_center_on_mobile=\u00bbon\u00bb global_colors_info=\u00bb{}\u00bb title_text=\u00bbAcademia de peluquer\u00eda en Cambrils\u00bb sticky_enabled=\u00bb0&#8243;][\/et_pb_image][\/et_pb_column][\/et_pb_row][\/et_pb_section]<\/p>\n","protected":false},"excerpt":{"rendered":"<p>\u00bfBuscas academia de peluquer\u00eda en Cambrils? Si quieres formarte como t\u00e9cnico de peluquer\u00eda o hacer cursos de est\u00e9tica en una academia de peluquer\u00eda en Cambrils, te invitamos a conocer nuestra academia. Llevamos m\u00e1s de 20 a\u00f1os formando profesionales de la peluquer\u00eda a pocos minutos en Salou.Cosmetica del cabell es el referente cuando hablamos de academia [&hellip;]<\/p>\n","protected":false},"author":3,"featured_media":1295,"parent":0,"menu_order":0,"comment_status":"closed","ping_status":"closed","template":"","meta":{"_et_pb_use_builder":"on","_et_pb_old_content":"","_et_gb_content_width":"","footnotes":""},"class_list":["post-2246","page","type-page","status-publish","has-post-thumbnail","hentry"],"yoast_head":"<!-- This site is optimized with the Yoast SEO plugin v27.4 - https:\/\/yoast.com\/product\/yoast-seo-wordpress\/ -->\n<title>Academia de peluquer\u00eda en Cambrils - Formaci\u00f3n certificada<\/title>\n<meta name=\"description\" content=\"\u00bfBusca academia de peluquer\u00eda en Cambrils? Visita nuestra academia de peluquer\u00eda en Salou ofrecemos cursos formaci\u00f3n en peluquer\u00eda y est\u00e9tica\" \/>\n<meta name=\"robots\" content=\"index, follow, max-snippet:-1, max-image-preview:large, max-video-preview:-1\" \/>\n<link rel=\"canonical\" href=\"https:\/\/www.cosmeticadelcabell.com\/ca\/academia-de-peluqueria-en-cambrils\/\" \/>\n<meta property=\"og:locale\" content=\"ca_ES\" \/>\n<meta property=\"og:type\" content=\"article\" \/>\n<meta property=\"og:title\" content=\"Academia de peluquer\u00eda en Cambrils - Formaci\u00f3n certificada\" \/>\n<meta property=\"og:description\" content=\"\u00bfBusca academia de peluquer\u00eda en Cambrils? Visita nuestra academia de peluquer\u00eda en Salou ofrecemos cursos formaci\u00f3n en peluquer\u00eda y est\u00e9tica\" \/>\n<meta property=\"og:url\" content=\"https:\/\/www.cosmeticadelcabell.com\/ca\/academia-de-peluqueria-en-cambrils\/\" \/>\n<meta property=\"og:site_name\" content=\"cosmeticadelcabell\" \/>\n<meta property=\"article:publisher\" content=\"https:\/\/www.facebook.com\/people\/Cosmtica-del-Cabell\/100010402899242\" \/>\n<meta property=\"article:modified_time\" content=\"2022-09-19T11:02:10+00:00\" \/>\n<meta property=\"og:image\" content=\"https:\/\/www.cosmeticadelcabell.com\/wp-content\/uploads\/2018\/08\/cosm\u00e8tica-del-cabell-calle-del-vent-34.jpg\" \/>\n\t<meta property=\"og:image:width\" content=\"450\" \/>\n\t<meta property=\"og:image:height\" content=\"800\" \/>\n\t<meta property=\"og:image:type\" content=\"image\/jpeg\" \/>\n<meta name=\"twitter:card\" content=\"summary_large_image\" \/>\n<meta name=\"twitter:label1\" content=\"Temps estimat de lectura\" \/>\n\t<meta name=\"twitter:data1\" content=\"3 minuts\" \/>\n<script type=\"application\/ld+json\" class=\"yoast-schema-graph\">{\"@context\":\"https:\\\/\\\/schema.org\",\"@graph\":[{\"@type\":\"WebPage\",\"@id\":\"https:\\\/\\\/www.cosmeticadelcabell.com\\\/academia-de-peluqueria-en-cambrils\\\/\",\"url\":\"https:\\\/\\\/www.cosmeticadelcabell.com\\\/academia-de-peluqueria-en-cambrils\\\/\",\"name\":\"Academia de peluquer\u00eda en Cambrils - Formaci\u00f3n certificada\",\"isPartOf\":{\"@id\":\"https:\\\/\\\/www.cosmeticadelcabell.com\\\/#website\"},\"primaryImageOfPage\":{\"@id\":\"https:\\\/\\\/www.cosmeticadelcabell.com\\\/academia-de-peluqueria-en-cambrils\\\/#primaryimage\"},\"image\":{\"@id\":\"https:\\\/\\\/www.cosmeticadelcabell.com\\\/academia-de-peluqueria-en-cambrils\\\/#primaryimage\"},\"thumbnailUrl\":\"https:\\\/\\\/www.cosmeticadelcabell.com\\\/wp-content\\\/uploads\\\/2018\\\/08\\\/cosm\u00e8tica-del-cabell-calle-del-vent-34.jpg\",\"datePublished\":\"2022-09-19T11:02:04+00:00\",\"dateModified\":\"2022-09-19T11:02:10+00:00\",\"description\":\"\u00bfBusca academia de peluquer\u00eda en Cambrils? Visita nuestra academia de peluquer\u00eda en Salou ofrecemos cursos formaci\u00f3n en peluquer\u00eda y est\u00e9tica\",\"breadcrumb\":{\"@id\":\"https:\\\/\\\/www.cosmeticadelcabell.com\\\/academia-de-peluqueria-en-cambrils\\\/#breadcrumb\"},\"inLanguage\":\"ca\",\"potentialAction\":[{\"@type\":\"ReadAction\",\"target\":[\"https:\\\/\\\/www.cosmeticadelcabell.com\\\/academia-de-peluqueria-en-cambrils\\\/\"]}]},{\"@type\":\"ImageObject\",\"inLanguage\":\"ca\",\"@id\":\"https:\\\/\\\/www.cosmeticadelcabell.com\\\/academia-de-peluqueria-en-cambrils\\\/#primaryimage\",\"url\":\"https:\\\/\\\/www.cosmeticadelcabell.com\\\/wp-content\\\/uploads\\\/2018\\\/08\\\/cosm\u00e8tica-del-cabell-calle-del-vent-34.jpg\",\"contentUrl\":\"https:\\\/\\\/www.cosmeticadelcabell.com\\\/wp-content\\\/uploads\\\/2018\\\/08\\\/cosm\u00e8tica-del-cabell-calle-del-vent-34.jpg\",\"width\":450,\"height\":800,\"caption\":\"Academia de peluquer\u00eda Salou\"},{\"@type\":\"BreadcrumbList\",\"@id\":\"https:\\\/\\\/www.cosmeticadelcabell.com\\\/academia-de-peluqueria-en-cambrils\\\/#breadcrumb\",\"itemListElement\":[{\"@type\":\"ListItem\",\"position\":1,\"name\":\"Portada\",\"item\":\"https:\\\/\\\/www.cosmeticadelcabell.com\\\/\"},{\"@type\":\"ListItem\",\"position\":2,\"name\":\"Academia de peluquer\u00eda en Cambrils\"}]},{\"@type\":\"WebSite\",\"@id\":\"https:\\\/\\\/www.cosmeticadelcabell.com\\\/#website\",\"url\":\"https:\\\/\\\/www.cosmeticadelcabell.com\\\/\",\"name\":\"Academia de est\u00e9tica y peluquer\u00eda en Reus Cosmetica del Cabell\",\"description\":\"Academia de formaci\u00f3n profesional peluquer\u00eda y cosm\u00e9tica\",\"publisher\":{\"@id\":\"https:\\\/\\\/www.cosmeticadelcabell.com\\\/#organization\"},\"alternateName\":\"Cosmetica del Cabell\",\"potentialAction\":[{\"@type\":\"SearchAction\",\"target\":{\"@type\":\"EntryPoint\",\"urlTemplate\":\"https:\\\/\\\/www.cosmeticadelcabell.com\\\/?s={search_term_string}\"},\"query-input\":{\"@type\":\"PropertyValueSpecification\",\"valueRequired\":true,\"valueName\":\"search_term_string\"}}],\"inLanguage\":\"ca\"},{\"@type\":\"Organization\",\"@id\":\"https:\\\/\\\/www.cosmeticadelcabell.com\\\/#organization\",\"name\":\"Cosmetica del Cabell Reus\",\"alternateName\":\"Cosmetica del Cabell\",\"url\":\"https:\\\/\\\/www.cosmeticadelcabell.com\\\/\",\"logo\":{\"@type\":\"ImageObject\",\"inLanguage\":\"ca\",\"@id\":\"https:\\\/\\\/www.cosmeticadelcabell.com\\\/#\\\/schema\\\/logo\\\/image\\\/\",\"url\":\"https:\\\/\\\/www.cosmeticadelcabell.com\\\/wp-content\\\/uploads\\\/2018\\\/08\\\/logo-cosmetica-original-bold.png\",\"contentUrl\":\"https:\\\/\\\/www.cosmeticadelcabell.com\\\/wp-content\\\/uploads\\\/2018\\\/08\\\/logo-cosmetica-original-bold.png\",\"width\":500,\"height\":166,\"caption\":\"Cosmetica del Cabell Reus\"},\"image\":{\"@id\":\"https:\\\/\\\/www.cosmeticadelcabell.com\\\/#\\\/schema\\\/logo\\\/image\\\/\"},\"sameAs\":[\"https:\\\/\\\/www.facebook.com\\\/people\\\/Cosmtica-del-Cabell\\\/100010402899242\",\"https:\\\/\\\/www.instagram.com\\\/cosmeticadelcabell\\\/\"]}]}<\/script>\n<!-- \/ Yoast SEO plugin. -->","yoast_head_json":{"title":"Academia de peluquer\u00eda en Cambrils - Formaci\u00f3n certificada","description":"\u00bfBusca academia de peluquer\u00eda en Cambrils? Visita nuestra academia de peluquer\u00eda en Salou ofrecemos cursos formaci\u00f3n en peluquer\u00eda y est\u00e9tica","robots":{"index":"index","follow":"follow","max-snippet":"max-snippet:-1","max-image-preview":"max-image-preview:large","max-video-preview":"max-video-preview:-1"},"canonical":"https:\/\/www.cosmeticadelcabell.com\/ca\/academia-de-peluqueria-en-cambrils\/","og_locale":"ca_ES","og_type":"article","og_title":"Academia de peluquer\u00eda en Cambrils - Formaci\u00f3n certificada","og_description":"\u00bfBusca academia de peluquer\u00eda en Cambrils? Visita nuestra academia de peluquer\u00eda en Salou ofrecemos cursos formaci\u00f3n en peluquer\u00eda y est\u00e9tica","og_url":"https:\/\/www.cosmeticadelcabell.com\/ca\/academia-de-peluqueria-en-cambrils\/","og_site_name":"cosmeticadelcabell","article_publisher":"https:\/\/www.facebook.com\/people\/Cosmtica-del-Cabell\/100010402899242","article_modified_time":"2022-09-19T11:02:10+00:00","og_image":[{"width":450,"height":800,"url":"https:\/\/www.cosmeticadelcabell.com\/wp-content\/uploads\/2018\/08\/cosm\u00e8tica-del-cabell-calle-del-vent-34.jpg","type":"image\/jpeg"}],"twitter_card":"summary_large_image","twitter_misc":{"Temps estimat de lectura":"3 minuts"},"schema":{"@context":"https:\/\/schema.org","@graph":[{"@type":"WebPage","@id":"https:\/\/www.cosmeticadelcabell.com\/academia-de-peluqueria-en-cambrils\/","url":"https:\/\/www.cosmeticadelcabell.com\/academia-de-peluqueria-en-cambrils\/","name":"Academia de peluquer\u00eda en Cambrils - Formaci\u00f3n certificada","isPartOf":{"@id":"https:\/\/www.cosmeticadelcabell.com\/#website"},"primaryImageOfPage":{"@id":"https:\/\/www.cosmeticadelcabell.com\/academia-de-peluqueria-en-cambrils\/#primaryimage"},"image":{"@id":"https:\/\/www.cosmeticadelcabell.com\/academia-de-peluqueria-en-cambrils\/#primaryimage"},"thumbnailUrl":"https:\/\/www.cosmeticadelcabell.com\/wp-content\/uploads\/2018\/08\/cosm\u00e8tica-del-cabell-calle-del-vent-34.jpg","datePublished":"2022-09-19T11:02:04+00:00","dateModified":"2022-09-19T11:02:10+00:00","description":"\u00bfBusca academia de peluquer\u00eda en Cambrils? Visita nuestra academia de peluquer\u00eda en Salou ofrecemos cursos formaci\u00f3n en peluquer\u00eda y est\u00e9tica","breadcrumb":{"@id":"https:\/\/www.cosmeticadelcabell.com\/academia-de-peluqueria-en-cambrils\/#breadcrumb"},"inLanguage":"ca","potentialAction":[{"@type":"ReadAction","target":["https:\/\/www.cosmeticadelcabell.com\/academia-de-peluqueria-en-cambrils\/"]}]},{"@type":"ImageObject","inLanguage":"ca","@id":"https:\/\/www.cosmeticadelcabell.com\/academia-de-peluqueria-en-cambrils\/#primaryimage","url":"https:\/\/www.cosmeticadelcabell.com\/wp-content\/uploads\/2018\/08\/cosm\u00e8tica-del-cabell-calle-del-vent-34.jpg","contentUrl":"https:\/\/www.cosmeticadelcabell.com\/wp-content\/uploads\/2018\/08\/cosm\u00e8tica-del-cabell-calle-del-vent-34.jpg","width":450,"height":800,"caption":"Academia de peluquer\u00eda Salou"},{"@type":"BreadcrumbList","@id":"https:\/\/www.cosmeticadelcabell.com\/academia-de-peluqueria-en-cambrils\/#breadcrumb","itemListElement":[{"@type":"ListItem","position":1,"name":"Portada","item":"https:\/\/www.cosmeticadelcabell.com\/"},{"@type":"ListItem","position":2,"name":"Academia de peluquer\u00eda en Cambrils"}]},{"@type":"WebSite","@id":"https:\/\/www.cosmeticadelcabell.com\/#website","url":"https:\/\/www.cosmeticadelcabell.com\/","name":"Academia de est\u00e9tica y peluquer\u00eda en Reus Cosmetica del Cabell","description":"Academia de formaci\u00f3n profesional peluquer\u00eda y cosm\u00e9tica","publisher":{"@id":"https:\/\/www.cosmeticadelcabell.com\/#organization"},"alternateName":"Cosmetica del Cabell","potentialAction":[{"@type":"SearchAction","target":{"@type":"EntryPoint","urlTemplate":"https:\/\/www.cosmeticadelcabell.com\/?s={search_term_string}"},"query-input":{"@type":"PropertyValueSpecification","valueRequired":true,"valueName":"search_term_string"}}],"inLanguage":"ca"},{"@type":"Organization","@id":"https:\/\/www.cosmeticadelcabell.com\/#organization","name":"Cosmetica del Cabell Reus","alternateName":"Cosmetica del Cabell","url":"https:\/\/www.cosmeticadelcabell.com\/","logo":{"@type":"ImageObject","inLanguage":"ca","@id":"https:\/\/www.cosmeticadelcabell.com\/#\/schema\/logo\/image\/","url":"https:\/\/www.cosmeticadelcabell.com\/wp-content\/uploads\/2018\/08\/logo-cosmetica-original-bold.png","contentUrl":"https:\/\/www.cosmeticadelcabell.com\/wp-content\/uploads\/2018\/08\/logo-cosmetica-original-bold.png","width":500,"height":166,"caption":"Cosmetica del Cabell Reus"},"image":{"@id":"https:\/\/www.cosmeticadelcabell.com\/#\/schema\/logo\/image\/"},"sameAs":["https:\/\/www.facebook.com\/people\/Cosmtica-del-Cabell\/100010402899242","https:\/\/www.instagram.com\/cosmeticadelcabell\/"]}]}},"_links":{"self":[{"href":"https:\/\/www.cosmeticadelcabell.com\/ca\/wp-json\/wp\/v2\/pages\/2246","targetHints":{"allow":["GET"]}}],"collection":[{"href":"https:\/\/www.cosmeticadelcabell.com\/ca\/wp-json\/wp\/v2\/pages"}],"about":[{"href":"https:\/\/www.cosmeticadelcabell.com\/ca\/wp-json\/wp\/v2\/types\/page"}],"author":[{"embeddable":true,"href":"https:\/\/www.cosmeticadelcabell.com\/ca\/wp-json\/wp\/v2\/users\/3"}],"replies":[{"embeddable":true,"href":"https:\/\/www.cosmeticadelcabell.com\/ca\/wp-json\/wp\/v2\/comments?post=2246"}],"version-history":[{"count":3,"href":"https:\/\/www.cosmeticadelcabell.com\/ca\/wp-json\/wp\/v2\/pages\/2246\/revisions"}],"predecessor-version":[{"id":2252,"href":"https:\/\/www.cosmeticadelcabell.com\/ca\/wp-json\/wp\/v2\/pages\/2246\/revisions\/2252"}],"wp:featuredmedia":[{"embeddable":true,"href":"https:\/\/www.cosmeticadelcabell.com\/ca\/wp-json\/wp\/v2\/media\/1295"}],"wp:attachment":[{"href":"https:\/\/www.cosmeticadelcabell.com\/ca\/wp-json\/wp\/v2\/media?parent=2246"}],"curies":[{"name":"wp","href":"https:\/\/api.w.org\/{rel}","templated":true}]}}