{"id":933,"date":"2017-07-10T08:01:31","date_gmt":"2017-07-10T08:01:31","guid":{"rendered":"http:\/\/www.cosmeticadelcabell.com\/?page_id=933"},"modified":"2022-10-28T15:18:00","modified_gmt":"2022-10-28T15:18:00","slug":"extensiones-pelo-salou","status":"publish","type":"page","link":"https:\/\/www.cosmeticadelcabell.com\/ca\/imagenes-peluqueria-estetica\/extensiones-pelo-salou\/","title":{"rendered":"Extensions de p\u00e8l natural i sint\u00e8tic a Reus i Salou"},"content":{"rendered":"<p>[et_pb_section fb_built=\u00bb1&#8243; _builder_version=\u00bb4.16&#8243; global_colors_info=\u00bb{}\u00bb][et_pb_row _builder_version=\u00bb4.18.0&#8243; global_colors_info=\u00bb{}\u00bb][et_pb_column type=\u00bb4_4&#8243; _builder_version=\u00bb4.16&#8243; custom_padding=\u00bb|||\u00bb global_colors_info=\u00bb{}\u00bb custom_padding__hover=\u00bb|||\u00bb][et_pb_text _builder_version=\u00bb4.18.0&#8243; border_style=\u00bbsolid\u00bb global_colors_info=\u00bb{}\u00bb]<\/p>\n<h1>Extensiones de pelo en Salou<\/h1>\n<p>[\/et_pb_text][et_pb_text _builder_version=\u00bb4.16&#8243; text_orientation=\u00bbjustified\u00bb border_style=\u00bbsolid\u00bb global_colors_info=\u00bb{}\u00bb]<\/p>\n<p>Hay muchos centros donde hacen extensiones de pelo en Salou, pero ninguno como Cosm\u00e8tica del Cabell. Contamos con los mejores profesionales de la zona donde han aprendido en nuestra academia hasta convertirse en los mejores.<\/p>\n<p>Hay 4 tipos principales de extensiones:<\/p>\n<ul>\n<li>Extensiones de clic: Estas son las m\u00e1s sencillas de utilizar ya que se enganchan con una especie de clip\/horquilla. Lo que quiere decir que son extensiones de quita y pon, son m\u00e1s bien para utilizar d\u00edas espor\u00e1dicos, no para cada d\u00eda.<\/li>\n<li>Extensiones de Queratina: Estas son las m\u00e1s comunes, se enganchan en cerca de la ra\u00edz del pelo por lo que son mucho m\u00e1s resistentes que las de clic y sirven para llevarlas a diario.<\/li>\n<li>Extensiones de grapa: Las extensiones de grapa, se fijan con una grapa que no da\u00f1a el pelo. Un inconveniente de este tipo de extensiones es que a medida que crece el pelo tienden a soltarse porque que hay que irlas subiendo cada mes para evitar que se suelten.<\/li>\n<li>Extensiones cosidas: Las extensiones cosidas es una de las t\u00e9cnicas m\u00e1s seguras de colocar las extensiones de manera 100% natural. Consiste en hacer una peque\u00f1a trenza entre el pelo natural y uno de los extremos de la extensi\u00f3n. Los profesionales que utilizan esta t\u00e9cnica suelen hacerlo con una aguja para m\u00e1s precisi\u00f3n.<\/li>\n<\/ul>\n<p>Si est\u00e1s buscando en que centro ponerte unas extensiones de pelo en Salou no busques m\u00e1s. Cosm\u00e8tica del cabell es tu centro, contacta con nosotros a trav\u00e9s de nuestro n\u00famero de tel\u00e9fono <a href=\"tel:977018342\"><span id=\"et-info-phone\">977 01 83 42<\/span><\/a> o a trav\u00e9s de nuestro <a href=\"https:\/\/www.cosmeticadelcabell.com\/contacto-cosmetica-del-cabell-en-reus\/\">formulario de contacto<\/a>. Responderemos lo antes posible dando respuesta a tu consulta.<\/p>\n<p>[\/et_pb_text][et_pb_image src=\u00bbhttps:\/\/www.cosmeticadelcabell.com\/wp-content\/uploads\/2015\/06\/13967.png\u00bb alt=\u00bbExtensiones de pelo en Salou\u00bb align=\u00bbcenter\u00bb align_tablet=\u00bbcenter\u00bb align_phone=\u00bbcenter\u00bb align_last_edited=\u00bbon|desktop\u00bb _builder_version=\u00bb4.16&#8243; animation_style=\u00bbslide\u00bb animation_direction=\u00bbleft\u00bb animation_duration=\u00bb500ms\u00bb animation_intensity_slide=\u00bb10%\u00bb border_style=\u00bbsolid\u00bb sticky=\u00bboff\u00bb always_center_on_mobile=\u00bbon\u00bb global_colors_info=\u00bb{}\u00bb][\/et_pb_image][\/et_pb_column][\/et_pb_row][\/et_pb_section][et_pb_section fb_built=\u00bb1&#8243; _builder_version=\u00bb4.16&#8243; use_background_color_gradient=\u00bbon\u00bb background_color_gradient_direction=\u00bb120deg\u00bb background_color_gradient_stops=\u00bb#ff7a2b 0%|#9d141c 100%\u00bb background_color_gradient_start=\u00bb#ff7a2b\u00bb background_color_gradient_end=\u00bb#9d141c\u00bb custom_padding=\u00bb0|0px|0|0px|false|false\u00bb background_color_gradient_stops_tablet=\u00bb#ff7a2b 0%|#9d141c 100%\u00bb background_color_gradient_stops_phone=\u00bb#ff7a2b 0%|#9d141c 100%\u00bb global_module=\u00bb1210&#8243; locked=\u00bboff\u00bb global_colors_info=\u00bb{}\u00bb][et_pb_row column_structure=\u00bb1_5,1_5,1_5,1_5,1_5&#8243; use_custom_gutter=\u00bbon\u00bb gutter_width=\u00bb2&#8243; make_equal=\u00bbon\u00bb module_class=\u00bb et_pb_row_fullwidth\u00bb _builder_version=\u00bb4.18.0&#8243; background_size=\u00bbinitial\u00bb background_position=\u00bbtop_left\u00bb background_repeat=\u00bbrepeat\u00bb width=\u00bb90%\u00bb width_tablet=\u00bb80%\u00bb width_phone=\u00bb\u00bb width_last_edited=\u00bbon|desktop\u00bb max_width=\u00bb1600px\u00bb max_width_tablet=\u00bb80%\u00bb max_width_phone=\u00bb\u00bb max_width_last_edited=\u00bbon|desktop\u00bb global_colors_info=\u00bb{}\u00bb][et_pb_column type=\u00bb1_5&#8243; _builder_version=\u00bb4.16&#8243; custom_padding=\u00bb|||\u00bb global_colors_info=\u00bb{}\u00bb custom_padding__hover=\u00bb|||\u00bb][et_pb_image src=\u00bbhttps:\/\/www.cosmeticadelcabell.com\/wp-content\/uploads\/2022\/01\/DSC_0397-scaled.jpg\u00bb title_text=\u00bbDSC_0397&#8243; url=\u00bbhttps:\/\/goo.gl\/maps\/MG6E76ry3oE2&#8243; force_fullwidth=\u00bbon\u00bb align_tablet=\u00bbcenter\u00bb align_phone=\u00bb\u00bb align_last_edited=\u00bbon|desktop\u00bb _builder_version=\u00bb4.18.0&#8243; module_alignment=\u00bbleft\u00bb height=\u00bb347px\u00bb custom_margin=\u00bb|580px||||\u00bb global_colors_info=\u00bb{}\u00bb][\/et_pb_image][\/et_pb_column][et_pb_column type=\u00bb1_5&#8243; _builder_version=\u00bb4.16&#8243; _module_preset=\u00bbdefault\u00bb global_colors_info=\u00bb{}\u00bb][et_pb_text _builder_version=\u00bb4.18.0&#8243; global_colors_info=\u00bb{}\u00bb]<\/p>\n<h4 class=\"title\"><span style=\"color: #ffffff;\">CONTACTO REUS<\/span><\/h4>\n<div class=\"textwidget\">\n<p><span style=\"color: #ffffff;\"><strong>Academia<\/strong><\/span><br \/><span style=\"color: #ffffff;\">Av. Pa\u00efsos Catalans, 117<\/span><br \/><span style=\"color: #ffffff;\">43205 &#8211; Reus<\/span><br \/><span style=\"color: #ffffff;\">Tel\u00e9fono fijo: <a style=\"color: #ffffff;\" href=\"tel:\/\/977018342\"> 977 01 83 42<\/a><\/span><br \/><span style=\"color: #ffffff;\">Tel\u00e9fono m\u00f3vil: <a style=\"color: #ffffff;\" href=\"tel:\/\/663956756\">663 956 756<\/a><\/span><\/p>\n<\/div>\n<p>[\/et_pb_text][et_pb_text _builder_version=\u00bb4.16&#8243; global_colors_info=\u00bb{}\u00bb]<\/p>\n<h4 class=\"title\"><span style=\"color: #ffffff;\"><strong>HORARIO<\/strong><\/span><\/h4>\n<p><span style=\"color: #ffffff;\">Lunes a Jueves:<\/span><br \/><span style=\"color: #ffffff;\">9:30H a 13:30H<\/span><br \/><span style=\"color: #ffffff;\">15:30H a 19:30H<\/span><br \/><span style=\"color: #ffffff;\">Viernes:<\/span><br \/><span style=\"color: #ffffff;\">9:30H a 19:30H<\/span><\/p>\n<p>[\/et_pb_text][\/et_pb_column][et_pb_column type=\u00bb1_5&#8243; _builder_version=\u00bb4.16&#8243; _module_preset=\u00bbdefault\u00bb global_colors_info=\u00bb{}\u00bb][\/et_pb_column][et_pb_column type=\u00bb1_5&#8243; _builder_version=\u00bb4.16&#8243; custom_padding=\u00bb|||\u00bb global_colors_info=\u00bb{}\u00bb custom_padding__hover=\u00bb|||\u00bb][et_pb_code _builder_version=\u00bb4.18.0&#8243; module_alignment=\u00bbleft\u00bb global_colors_info=\u00bb{}\u00bb]<a href=\"https:\/\/goo.gl\/maps\/gnmzZDVjc6B2\"><img decoding=\"async\" width=\"300\" height=\"200\" data-src=\"https:\/\/www.cosmeticadelcabell.com\/wp-content\/uploads\/2018\/08\/cosmetica-salou-600-300x200.jpg\" class=\"image wp-image-1154 attachment-medium size-medium lazyload\" alt=\"\" style=\"--smush-placeholder-width: 300px; --smush-placeholder-aspect-ratio: 300\/200;max-width: 100%; height: auto;\" data-srcset=\"https:\/\/www.cosmeticadelcabell.com\/wp-content\/uploads\/2018\/08\/cosmetica-salou-600-300x200.jpg 300w, https:\/\/www.cosmeticadelcabell.com\/wp-content\/uploads\/2018\/08\/cosmetica-salou-600.jpg 600w\" data-sizes=\"(max-width: 300px) 100vw, 300px\" src=\"data:image\/svg+xml;base64,PHN2ZyB3aWR0aD0iMSIgaGVpZ2h0PSIxIiB4bWxucz0iaHR0cDovL3d3dy53My5vcmcvMjAwMC9zdmciPjwvc3ZnPg==\"><\/a>[\/et_pb_code][\/et_pb_column][et_pb_column type=\u00bb1_5&#8243; _builder_version=\u00bb4.16&#8243; custom_padding=\u00bb|||\u00bb global_colors_info=\u00bb{}\u00bb custom_padding__hover=\u00bb|||\u00bb][et_pb_text _builder_version=\u00bb4.16&#8243; global_colors_info=\u00bb{}\u00bb]<\/p>\n<h4 class=\"title\"><span style=\"color: #ffffff;\">CONTACTO SALOU<\/span><\/h4>\n<div class=\"textwidget\"><span style=\"color: #ffffff;\"><strong>Peluquer\u00eda y est\u00e9tica<\/strong><\/span><br \/><span style=\"color: #ffffff;\">C\/V\u00eda Augusta, 2 local 5<\/span><br \/><span style=\"color: #ffffff;\">43840 &#8211; Salou<\/span><br \/><span style=\"color: #ffffff;\">Tel\u00e9fono fijo: <a style=\"color:#fff\" href=\"tel:\/\/977383993\">977 38 39 93<\/a><\/span><\/div>\n<p>[\/et_pb_text][et_pb_text _builder_version=\u00bb4.18.0&#8243; global_colors_info=\u00bb{}\u00bb]<\/p>\n<h4 class=\"title\"><span style=\"color: #ffffff;\"><strong>HORARIO<\/strong><\/span><\/h4>\n<p><span style=\"color: #ffffff;\">Lunes a Viernes:<\/span><br \/>\n<span style=\"color: #ffffff;\">9:30H a 13:30H<\/span><br \/>\n<span style=\"color: #ffffff;\">15:30H a 19:30H<\/span><br \/>\n<span style=\"color: #ffffff;\">S\u00e1bado:<\/span><br \/>\n<span style=\"color: #ffffff;\">9:30H a 14:00H<\/span>[\/et_pb_text][\/et_pb_column][\/et_pb_row][et_pb_row column_structure=\u00bb1_2,1_2&#8243; make_equal=\u00bbon\u00bb module_class=\u00bb et_pb_row_fullwidth\u00bb _builder_version=\u00bb4.18.0&#8243; background_size=\u00bbinitial\u00bb background_position=\u00bbtop_left\u00bb background_repeat=\u00bbrepeat\u00bb width=\u00bb90%\u00bb width_tablet=\u00bb80%\u00bb width_phone=\u00bb\u00bb width_last_edited=\u00bbon|desktop\u00bb max_width_tablet=\u00bb80%\u00bb max_width_phone=\u00bb\u00bb max_width_last_edited=\u00bbon|desktop\u00bb global_colors_info=\u00bb{}\u00bb][et_pb_column type=\u00bb1_2&#8243; _builder_version=\u00bb4.16&#8243; custom_padding=\u00bb|||\u00bb global_colors_info=\u00bb{}\u00bb custom_padding__hover=\u00bb|||\u00bb][et_pb_text _builder_version=\u00bb4.18.0&#8243; global_colors_info=\u00bb{}\u00bb]<\/p>\n<h4 class=\"title\"><span style=\"color: #ffffff;\">VIS\u00cdTENOS EN FACEBOOK E INSTAGRAM<\/span><\/h4>\n<p>[\/et_pb_text][\/et_pb_column][et_pb_column type=\u00bb1_2&#8243; _builder_version=\u00bb4.16&#8243; custom_padding=\u00bb|||\u00bb global_colors_info=\u00bb{}\u00bb custom_padding__hover=\u00bb|||\u00bb][et_pb_social_media_follow _builder_version=\u00bb4.16&#8243; custom_button=\u00bbon\u00bb button_text_size=\u00bb21px\u00bb button_text_color=\u00bb#000000&#8243; text_orientation=\u00bbcenter\u00bb custom_padding=\u00bb0px||||false|false\u00bb global_colors_info=\u00bb{}\u00bb][et_pb_social_media_follow_network social_network=\u00bbfacebook\u00bb url=\u00bbhttps:\/\/www.facebook.com\/people\/Cosm\u00e8tica-del-Cabell\/100010402899242&#8243; _builder_version=\u00bb4.16&#8243; background_color=\u00bb#3b5998&#8243; box_shadow_style=\u00bbpreset4&#8243; box_shadow_horizontal=\u00bb-1px\u00bb box_shadow_vertical=\u00bb1px\u00bb global_colors_info=\u00bb{}\u00bb follow_button=\u00bboff\u00bb url_new_window=\u00bbon\u00bb]facebook[\/et_pb_social_media_follow_network][et_pb_social_media_follow_network social_network=\u00bbinstagram\u00bb url=\u00bbhttps:\/\/www.instagram.com\/cosmeticadelcabell\/\u00bb icon_color=\u00bb#ffffff\u00bb _builder_version=\u00bb4.16&#8243; background_color=\u00bb#ea2c59&#8243; box_shadow_style=\u00bbpreset4&#8243; box_shadow_horizontal=\u00bb-1px\u00bb box_shadow_vertical=\u00bb1px\u00bb global_colors_info=\u00bb{}\u00bb follow_button=\u00bboff\u00bb url_new_window=\u00bbon\u00bb]instagram[\/et_pb_social_media_follow_network][et_pb_social_media_follow_network social_network=\u00bblinkedin\u00bb url=\u00bbhttps:\/\/www.linkedin.com\/company\/cosmetica-del-cabell\/\u00bb _builder_version=\u00bb4.16&#8243; background_color=\u00bb#007bb6&#8243; custom_margin=\u00bb||||false|false\u00bb custom_padding=\u00bb||||false|false\u00bb box_shadow_style=\u00bbpreset4&#8243; box_shadow_horizontal=\u00bb-1px\u00bb box_shadow_vertical=\u00bb1px\u00bb global_colors_info=\u00bb{}\u00bb follow_button=\u00bboff\u00bb url_new_window=\u00bbon\u00bb]linkedin[\/et_pb_social_media_follow_network][\/et_pb_social_media_follow][\/et_pb_column][\/et_pb_row][\/et_pb_section]<\/p>\n","protected":false},"excerpt":{"rendered":"<p>Extensiones de pelo en SalouHay muchos centros donde hacen extensiones de pelo en Salou, pero ninguno como Cosm\u00e8tica del Cabell. Contamos con los mejores profesionales de la zona donde han aprendido en nuestra academia hasta convertirse en los mejores. Hay 4 tipos principales de extensiones: Extensiones de clic: Estas son las m\u00e1s sencillas de utilizar [&hellip;]<\/p>\n","protected":false},"author":1,"featured_media":0,"parent":319,"menu_order":0,"comment_status":"closed","ping_status":"closed","template":"","meta":{"_et_pb_use_builder":"on","_et_pb_old_content":"","_et_gb_content_width":"","footnotes":""},"class_list":["post-933","page","type-page","status-publish","hentry"],"yoast_head":"<!-- This site is optimized with the Yoast SEO plugin v27.4 - https:\/\/yoast.com\/product\/yoast-seo-wordpress\/ -->\n<title>Extensiones de pelo natural y sintetico en Reus y Salou - cosmeticadelcabell<\/title>\n<meta name=\"description\" content=\"Si estas buscando d\u00f3nde hacerte unas extensiones de pelo en Salou ven a Cosm\u00e8tica del Cabell, contamos con los mejores profesionales de la zona.\" \/>\n<meta name=\"robots\" content=\"index, follow, max-snippet:-1, max-image-preview:large, max-video-preview:-1\" \/>\n<link rel=\"canonical\" href=\"https:\/\/www.cosmeticadelcabell.com\/ca\/imagenes-peluqueria-estetica\/extensiones-pelo-salou\/\" \/>\n<meta property=\"og:locale\" content=\"ca_ES\" \/>\n<meta property=\"og:type\" content=\"article\" \/>\n<meta property=\"og:title\" content=\"Extensiones de pelo natural y sintetico en Reus y Salou - cosmeticadelcabell\" \/>\n<meta property=\"og:description\" content=\"Si estas buscando d\u00f3nde hacerte unas extensiones de pelo en Salou ven a Cosm\u00e8tica del Cabell, contamos con los mejores profesionales de la zona.\" \/>\n<meta property=\"og:url\" content=\"https:\/\/www.cosmeticadelcabell.com\/ca\/imagenes-peluqueria-estetica\/extensiones-pelo-salou\/\" \/>\n<meta property=\"og:site_name\" content=\"cosmeticadelcabell\" \/>\n<meta property=\"article:publisher\" content=\"https:\/\/www.facebook.com\/people\/Cosmtica-del-Cabell\/100010402899242\" \/>\n<meta property=\"article:modified_time\" content=\"2022-10-28T15:18:00+00:00\" \/>\n<meta property=\"og:image\" content=\"https:\/\/www.cosmeticadelcabell.com\/wp-content\/uploads\/2018\/08\/cosmetica-salou-600-300x200.jpg\" \/>\n<meta name=\"twitter:card\" content=\"summary_large_image\" \/>\n<meta name=\"twitter:label1\" content=\"Temps estimat de lectura\" \/>\n\t<meta name=\"twitter:data1\" content=\"6 minuts\" \/>\n<script type=\"application\/ld+json\" class=\"yoast-schema-graph\">{\"@context\":\"https:\\\/\\\/schema.org\",\"@graph\":[{\"@type\":\"WebPage\",\"@id\":\"https:\\\/\\\/www.cosmeticadelcabell.com\\\/imagenes-peluqueria-estetica\\\/extensiones-pelo-salou\\\/\",\"url\":\"https:\\\/\\\/www.cosmeticadelcabell.com\\\/imagenes-peluqueria-estetica\\\/extensiones-pelo-salou\\\/\",\"name\":\"Extensiones de pelo natural y sintetico en Reus y Salou - cosmeticadelcabell\",\"isPartOf\":{\"@id\":\"https:\\\/\\\/www.cosmeticadelcabell.com\\\/#website\"},\"primaryImageOfPage\":{\"@id\":\"https:\\\/\\\/www.cosmeticadelcabell.com\\\/imagenes-peluqueria-estetica\\\/extensiones-pelo-salou\\\/#primaryimage\"},\"image\":{\"@id\":\"https:\\\/\\\/www.cosmeticadelcabell.com\\\/imagenes-peluqueria-estetica\\\/extensiones-pelo-salou\\\/#primaryimage\"},\"thumbnailUrl\":\"https:\\\/\\\/www.cosmeticadelcabell.com\\\/wp-content\\\/uploads\\\/2018\\\/08\\\/cosmetica-salou-600-300x200.jpg\",\"datePublished\":\"2017-07-10T08:01:31+00:00\",\"dateModified\":\"2022-10-28T15:18:00+00:00\",\"description\":\"Si estas buscando d\u00f3nde hacerte unas extensiones de pelo en Salou ven a Cosm\u00e8tica del Cabell, contamos con los mejores profesionales de la zona.\",\"breadcrumb\":{\"@id\":\"https:\\\/\\\/www.cosmeticadelcabell.com\\\/imagenes-peluqueria-estetica\\\/extensiones-pelo-salou\\\/#breadcrumb\"},\"inLanguage\":\"ca\",\"potentialAction\":[{\"@type\":\"ReadAction\",\"target\":[\"https:\\\/\\\/www.cosmeticadelcabell.com\\\/imagenes-peluqueria-estetica\\\/extensiones-pelo-salou\\\/\"]}]},{\"@type\":\"ImageObject\",\"inLanguage\":\"ca\",\"@id\":\"https:\\\/\\\/www.cosmeticadelcabell.com\\\/imagenes-peluqueria-estetica\\\/extensiones-pelo-salou\\\/#primaryimage\",\"url\":\"https:\\\/\\\/www.cosmeticadelcabell.com\\\/wp-content\\\/uploads\\\/2018\\\/08\\\/cosmetica-salou-600-300x200.jpg\",\"contentUrl\":\"https:\\\/\\\/www.cosmeticadelcabell.com\\\/wp-content\\\/uploads\\\/2018\\\/08\\\/cosmetica-salou-600-300x200.jpg\"},{\"@type\":\"BreadcrumbList\",\"@id\":\"https:\\\/\\\/www.cosmeticadelcabell.com\\\/imagenes-peluqueria-estetica\\\/extensiones-pelo-salou\\\/#breadcrumb\",\"itemListElement\":[{\"@type\":\"ListItem\",\"position\":1,\"name\":\"Portada\",\"item\":\"https:\\\/\\\/www.cosmeticadelcabell.com\\\/\"},{\"@type\":\"ListItem\",\"position\":2,\"name\":\"Im\u00e1genes peluquer\u00eda est\u00e9tica\",\"item\":\"https:\\\/\\\/www.cosmeticadelcabell.com\\\/imagenes-peluqueria-estetica\\\/\"},{\"@type\":\"ListItem\",\"position\":3,\"name\":\"Extensiones de pelo natural y sintetico en Reus y Salou\"}]},{\"@type\":\"WebSite\",\"@id\":\"https:\\\/\\\/www.cosmeticadelcabell.com\\\/#website\",\"url\":\"https:\\\/\\\/www.cosmeticadelcabell.com\\\/\",\"name\":\"Academia de est\u00e9tica y peluquer\u00eda en Reus Cosmetica del Cabell\",\"description\":\"Academia de formaci\u00f3n profesional peluquer\u00eda y cosm\u00e9tica\",\"publisher\":{\"@id\":\"https:\\\/\\\/www.cosmeticadelcabell.com\\\/#organization\"},\"alternateName\":\"Cosmetica del Cabell\",\"potentialAction\":[{\"@type\":\"SearchAction\",\"target\":{\"@type\":\"EntryPoint\",\"urlTemplate\":\"https:\\\/\\\/www.cosmeticadelcabell.com\\\/?s={search_term_string}\"},\"query-input\":{\"@type\":\"PropertyValueSpecification\",\"valueRequired\":true,\"valueName\":\"search_term_string\"}}],\"inLanguage\":\"ca\"},{\"@type\":\"Organization\",\"@id\":\"https:\\\/\\\/www.cosmeticadelcabell.com\\\/#organization\",\"name\":\"Cosmetica del Cabell Reus\",\"alternateName\":\"Cosmetica del Cabell\",\"url\":\"https:\\\/\\\/www.cosmeticadelcabell.com\\\/\",\"logo\":{\"@type\":\"ImageObject\",\"inLanguage\":\"ca\",\"@id\":\"https:\\\/\\\/www.cosmeticadelcabell.com\\\/#\\\/schema\\\/logo\\\/image\\\/\",\"url\":\"https:\\\/\\\/www.cosmeticadelcabell.com\\\/wp-content\\\/uploads\\\/2018\\\/08\\\/logo-cosmetica-original-bold.png\",\"contentUrl\":\"https:\\\/\\\/www.cosmeticadelcabell.com\\\/wp-content\\\/uploads\\\/2018\\\/08\\\/logo-cosmetica-original-bold.png\",\"width\":500,\"height\":166,\"caption\":\"Cosmetica del Cabell Reus\"},\"image\":{\"@id\":\"https:\\\/\\\/www.cosmeticadelcabell.com\\\/#\\\/schema\\\/logo\\\/image\\\/\"},\"sameAs\":[\"https:\\\/\\\/www.facebook.com\\\/people\\\/Cosmtica-del-Cabell\\\/100010402899242\",\"https:\\\/\\\/www.instagram.com\\\/cosmeticadelcabell\\\/\"]}]}<\/script>\n<!-- \/ Yoast SEO plugin. -->","yoast_head_json":{"title":"Extensiones de pelo natural y sintetico en Reus y Salou - cosmeticadelcabell","description":"Si estas buscando d\u00f3nde hacerte unas extensiones de pelo en Salou ven a Cosm\u00e8tica del Cabell, contamos con los mejores profesionales de la zona.","robots":{"index":"index","follow":"follow","max-snippet":"max-snippet:-1","max-image-preview":"max-image-preview:large","max-video-preview":"max-video-preview:-1"},"canonical":"https:\/\/www.cosmeticadelcabell.com\/ca\/imagenes-peluqueria-estetica\/extensiones-pelo-salou\/","og_locale":"ca_ES","og_type":"article","og_title":"Extensiones de pelo natural y sintetico en Reus y Salou - cosmeticadelcabell","og_description":"Si estas buscando d\u00f3nde hacerte unas extensiones de pelo en Salou ven a Cosm\u00e8tica del Cabell, contamos con los mejores profesionales de la zona.","og_url":"https:\/\/www.cosmeticadelcabell.com\/ca\/imagenes-peluqueria-estetica\/extensiones-pelo-salou\/","og_site_name":"cosmeticadelcabell","article_publisher":"https:\/\/www.facebook.com\/people\/Cosmtica-del-Cabell\/100010402899242","article_modified_time":"2022-10-28T15:18:00+00:00","og_image":[{"url":"https:\/\/www.cosmeticadelcabell.com\/wp-content\/uploads\/2018\/08\/cosmetica-salou-600-300x200.jpg","type":"","width":"","height":""}],"twitter_card":"summary_large_image","twitter_misc":{"Temps estimat de lectura":"6 minuts"},"schema":{"@context":"https:\/\/schema.org","@graph":[{"@type":"WebPage","@id":"https:\/\/www.cosmeticadelcabell.com\/imagenes-peluqueria-estetica\/extensiones-pelo-salou\/","url":"https:\/\/www.cosmeticadelcabell.com\/imagenes-peluqueria-estetica\/extensiones-pelo-salou\/","name":"Extensiones de pelo natural y sintetico en Reus y Salou - cosmeticadelcabell","isPartOf":{"@id":"https:\/\/www.cosmeticadelcabell.com\/#website"},"primaryImageOfPage":{"@id":"https:\/\/www.cosmeticadelcabell.com\/imagenes-peluqueria-estetica\/extensiones-pelo-salou\/#primaryimage"},"image":{"@id":"https:\/\/www.cosmeticadelcabell.com\/imagenes-peluqueria-estetica\/extensiones-pelo-salou\/#primaryimage"},"thumbnailUrl":"https:\/\/www.cosmeticadelcabell.com\/wp-content\/uploads\/2018\/08\/cosmetica-salou-600-300x200.jpg","datePublished":"2017-07-10T08:01:31+00:00","dateModified":"2022-10-28T15:18:00+00:00","description":"Si estas buscando d\u00f3nde hacerte unas extensiones de pelo en Salou ven a Cosm\u00e8tica del Cabell, contamos con los mejores profesionales de la zona.","breadcrumb":{"@id":"https:\/\/www.cosmeticadelcabell.com\/imagenes-peluqueria-estetica\/extensiones-pelo-salou\/#breadcrumb"},"inLanguage":"ca","potentialAction":[{"@type":"ReadAction","target":["https:\/\/www.cosmeticadelcabell.com\/imagenes-peluqueria-estetica\/extensiones-pelo-salou\/"]}]},{"@type":"ImageObject","inLanguage":"ca","@id":"https:\/\/www.cosmeticadelcabell.com\/imagenes-peluqueria-estetica\/extensiones-pelo-salou\/#primaryimage","url":"https:\/\/www.cosmeticadelcabell.com\/wp-content\/uploads\/2018\/08\/cosmetica-salou-600-300x200.jpg","contentUrl":"https:\/\/www.cosmeticadelcabell.com\/wp-content\/uploads\/2018\/08\/cosmetica-salou-600-300x200.jpg"},{"@type":"BreadcrumbList","@id":"https:\/\/www.cosmeticadelcabell.com\/imagenes-peluqueria-estetica\/extensiones-pelo-salou\/#breadcrumb","itemListElement":[{"@type":"ListItem","position":1,"name":"Portada","item":"https:\/\/www.cosmeticadelcabell.com\/"},{"@type":"ListItem","position":2,"name":"Im\u00e1genes peluquer\u00eda est\u00e9tica","item":"https:\/\/www.cosmeticadelcabell.com\/imagenes-peluqueria-estetica\/"},{"@type":"ListItem","position":3,"name":"Extensiones de pelo natural y sintetico en Reus y Salou"}]},{"@type":"WebSite","@id":"https:\/\/www.cosmeticadelcabell.com\/#website","url":"https:\/\/www.cosmeticadelcabell.com\/","name":"Academia de est\u00e9tica y peluquer\u00eda en Reus Cosmetica del Cabell","description":"Academia de formaci\u00f3n profesional peluquer\u00eda y cosm\u00e9tica","publisher":{"@id":"https:\/\/www.cosmeticadelcabell.com\/#organization"},"alternateName":"Cosmetica del Cabell","potentialAction":[{"@type":"SearchAction","target":{"@type":"EntryPoint","urlTemplate":"https:\/\/www.cosmeticadelcabell.com\/?s={search_term_string}"},"query-input":{"@type":"PropertyValueSpecification","valueRequired":true,"valueName":"search_term_string"}}],"inLanguage":"ca"},{"@type":"Organization","@id":"https:\/\/www.cosmeticadelcabell.com\/#organization","name":"Cosmetica del Cabell Reus","alternateName":"Cosmetica del Cabell","url":"https:\/\/www.cosmeticadelcabell.com\/","logo":{"@type":"ImageObject","inLanguage":"ca","@id":"https:\/\/www.cosmeticadelcabell.com\/#\/schema\/logo\/image\/","url":"https:\/\/www.cosmeticadelcabell.com\/wp-content\/uploads\/2018\/08\/logo-cosmetica-original-bold.png","contentUrl":"https:\/\/www.cosmeticadelcabell.com\/wp-content\/uploads\/2018\/08\/logo-cosmetica-original-bold.png","width":500,"height":166,"caption":"Cosmetica del Cabell Reus"},"image":{"@id":"https:\/\/www.cosmeticadelcabell.com\/#\/schema\/logo\/image\/"},"sameAs":["https:\/\/www.facebook.com\/people\/Cosmtica-del-Cabell\/100010402899242","https:\/\/www.instagram.com\/cosmeticadelcabell\/"]}]}},"_links":{"self":[{"href":"https:\/\/www.cosmeticadelcabell.com\/ca\/wp-json\/wp\/v2\/pages\/933","targetHints":{"allow":["GET"]}}],"collection":[{"href":"https:\/\/www.cosmeticadelcabell.com\/ca\/wp-json\/wp\/v2\/pages"}],"about":[{"href":"https:\/\/www.cosmeticadelcabell.com\/ca\/wp-json\/wp\/v2\/types\/page"}],"author":[{"embeddable":true,"href":"https:\/\/www.cosmeticadelcabell.com\/ca\/wp-json\/wp\/v2\/users\/1"}],"replies":[{"embeddable":true,"href":"https:\/\/www.cosmeticadelcabell.com\/ca\/wp-json\/wp\/v2\/comments?post=933"}],"version-history":[{"count":6,"href":"https:\/\/www.cosmeticadelcabell.com\/ca\/wp-json\/wp\/v2\/pages\/933\/revisions"}],"predecessor-version":[{"id":2694,"href":"https:\/\/www.cosmeticadelcabell.com\/ca\/wp-json\/wp\/v2\/pages\/933\/revisions\/2694"}],"up":[{"embeddable":true,"href":"https:\/\/www.cosmeticadelcabell.com\/ca\/wp-json\/wp\/v2\/pages\/319"}],"wp:attachment":[{"href":"https:\/\/www.cosmeticadelcabell.com\/ca\/wp-json\/wp\/v2\/media?parent=933"}],"curies":[{"name":"wp","href":"https:\/\/api.w.org\/{rel}","templated":true}]}}