{"id":1823,"date":"2020-07-14T12:27:21","date_gmt":"2020-07-14T12:27:21","guid":{"rendered":"https:\/\/www.cosmeticadelcabell.com\/?post_type=product&#038;p=1823"},"modified":"2023-02-07T18:38:03","modified_gmt":"2023-02-07T18:38:03","slug":"esmalte-de-unas-fauvy-blanc-nacre-color-blanco","status":"publish","type":"product","link":"https:\/\/www.cosmeticadelcabell.com\/ca\/producte\/esmalte-de-unas-fauvy-blanc-nacre-color-blanco\/","title":{"rendered":"Esmalt d'ungles Fauv\u2019y Blanc nacr\u00e9 \u2013 color blanc"},"content":{"rendered":"<p>Fauv&#8217;y Blanc nacr\u00e9<\/p>\n<p>Tecnolog\u00eda \u00ab4D\u00bb para un brillo y fijaci\u00f3n muy duraderos, secado ultra r\u00e1pido y un incre\u00edble efecto de profundidad.<\/p>","protected":false},"excerpt":{"rendered":"<p>Fauv&#8217;y Blanc nacr\u00e9 Tecnolog\u00eda \u00ab4D\u00bb para un brillo y fijaci\u00f3n muy duraderos, secado ultra r\u00e1pido y un incre\u00edble efecto de profundidad.<\/p>","protected":false},"featured_media":1819,"comment_status":"closed","ping_status":"closed","template":"","meta":{"_et_pb_use_builder":"","_et_pb_old_content":"","_et_gb_content_width":""},"product_brand":[],"product_cat":[67],"product_tag":[],"class_list":{"0":"post-1823","1":"product","2":"type-product","3":"status-publish","4":"has-post-thumbnail","6":"product_cat-esmaltes-de-unas","8":"first","9":"instock","10":"taxable","11":"shipping-taxable","12":"product-type-variable"},"yoast_head":"<!-- This site is optimized with the Yoast SEO plugin v27.4 - https:\/\/yoast.com\/product\/yoast-seo-wordpress\/ -->\n<title>Esmalte de u\u00f1as Fauv&#039;y Blanc nacr\u00e9 - color blanco - cosmeticadelcabell<\/title>\n<meta name=\"robots\" content=\"index, follow, max-snippet:-1, max-image-preview:large, max-video-preview:-1\" \/>\n<link rel=\"canonical\" href=\"https:\/\/www.cosmeticadelcabell.com\/ca\/producte\/esmalte-de-unas-fauvy-blanc-nacre-color-blanco\/\" \/>\n<meta property=\"og:locale\" content=\"ca_ES\" \/>\n<meta property=\"og:type\" content=\"article\" \/>\n<meta property=\"og:title\" content=\"Esmalte de u\u00f1as Fauv&#039;y Blanc nacr\u00e9 - color blanco - cosmeticadelcabell\" \/>\n<meta property=\"og:description\" content=\"Fauv&#8217;y Blanc nacr\u00e9 Tecnolog\u00eda \u00ab4D\u00bb para un brillo y fijaci\u00f3n muy duraderos, secado ultra r\u00e1pido y un incre\u00edble efecto de profundidad.\" \/>\n<meta property=\"og:url\" content=\"https:\/\/www.cosmeticadelcabell.com\/ca\/producte\/esmalte-de-unas-fauvy-blanc-nacre-color-blanco\/\" \/>\n<meta property=\"og:site_name\" content=\"cosmeticadelcabell\" \/>\n<meta property=\"article:publisher\" content=\"https:\/\/www.facebook.com\/people\/Cosmtica-del-Cabell\/100010402899242\" \/>\n<meta property=\"article:modified_time\" content=\"2023-02-07T18:38:03+00:00\" \/>\n<meta property=\"og:image\" content=\"https:\/\/www.cosmeticadelcabell.com\/wp-content\/uploads\/2020\/07\/pintau\u00f1as-Blanco.jpg\" \/>\n\t<meta property=\"og:image:width\" content=\"510\" \/>\n\t<meta property=\"og:image:height\" content=\"510\" \/>\n\t<meta property=\"og:image:type\" content=\"image\/jpeg\" \/>\n<meta name=\"twitter:card\" content=\"summary_large_image\" \/>\n<script type=\"application\/ld+json\" class=\"yoast-schema-graph\">{\"@context\":\"https:\\\/\\\/schema.org\",\"@graph\":[{\"@type\":\"WebPage\",\"@id\":\"https:\\\/\\\/www.cosmeticadelcabell.com\\\/ca\\\/producte\\\/esmalte-de-unas-fauvy-blanc-nacre-color-blanco\\\/\",\"url\":\"https:\\\/\\\/www.cosmeticadelcabell.com\\\/ca\\\/producte\\\/esmalte-de-unas-fauvy-blanc-nacre-color-blanco\\\/\",\"name\":\"Esmalte de u\u00f1as Fauv'y Blanc nacr\u00e9 - color blanco - cosmeticadelcabell\",\"isPartOf\":{\"@id\":\"https:\\\/\\\/www.cosmeticadelcabell.com\\\/#website\"},\"primaryImageOfPage\":{\"@id\":\"https:\\\/\\\/www.cosmeticadelcabell.com\\\/ca\\\/producte\\\/esmalte-de-unas-fauvy-blanc-nacre-color-blanco\\\/#primaryimage\"},\"image\":{\"@id\":\"https:\\\/\\\/www.cosmeticadelcabell.com\\\/ca\\\/producte\\\/esmalte-de-unas-fauvy-blanc-nacre-color-blanco\\\/#primaryimage\"},\"thumbnailUrl\":\"https:\\\/\\\/www.cosmeticadelcabell.com\\\/wp-content\\\/uploads\\\/2020\\\/07\\\/pintau\u00f1as-Blanco.jpg\",\"datePublished\":\"2020-07-14T12:27:21+00:00\",\"dateModified\":\"2023-02-07T18:38:03+00:00\",\"breadcrumb\":{\"@id\":\"https:\\\/\\\/www.cosmeticadelcabell.com\\\/ca\\\/producte\\\/esmalte-de-unas-fauvy-blanc-nacre-color-blanco\\\/#breadcrumb\"},\"inLanguage\":\"ca\",\"potentialAction\":[{\"@type\":\"ReadAction\",\"target\":[\"https:\\\/\\\/www.cosmeticadelcabell.com\\\/ca\\\/producte\\\/esmalte-de-unas-fauvy-blanc-nacre-color-blanco\\\/\"]}]},{\"@type\":\"ImageObject\",\"inLanguage\":\"ca\",\"@id\":\"https:\\\/\\\/www.cosmeticadelcabell.com\\\/ca\\\/producte\\\/esmalte-de-unas-fauvy-blanc-nacre-color-blanco\\\/#primaryimage\",\"url\":\"https:\\\/\\\/www.cosmeticadelcabell.com\\\/wp-content\\\/uploads\\\/2020\\\/07\\\/pintau\u00f1as-Blanco.jpg\",\"contentUrl\":\"https:\\\/\\\/www.cosmeticadelcabell.com\\\/wp-content\\\/uploads\\\/2020\\\/07\\\/pintau\u00f1as-Blanco.jpg\",\"width\":510,\"height\":510},{\"@type\":\"BreadcrumbList\",\"@id\":\"https:\\\/\\\/www.cosmeticadelcabell.com\\\/ca\\\/producte\\\/esmalte-de-unas-fauvy-blanc-nacre-color-blanco\\\/#breadcrumb\",\"itemListElement\":[{\"@type\":\"ListItem\",\"position\":1,\"name\":\"Portada\",\"item\":\"https:\\\/\\\/www.cosmeticadelcabell.com\\\/\"},{\"@type\":\"ListItem\",\"position\":2,\"name\":\"Tienda\",\"item\":\"https:\\\/\\\/www.cosmeticadelcabell.com\\\/tienda\\\/\"},{\"@type\":\"ListItem\",\"position\":3,\"name\":\"Esmalte de u\u00f1as Fauv&#8217;y Blanc nacr\u00e9 &#8211; color blanco\"}]},{\"@type\":\"WebSite\",\"@id\":\"https:\\\/\\\/www.cosmeticadelcabell.com\\\/#website\",\"url\":\"https:\\\/\\\/www.cosmeticadelcabell.com\\\/\",\"name\":\"Academia de est\u00e9tica y peluquer\u00eda en Reus Cosmetica del Cabell\",\"description\":\"Academia de formaci\u00f3n profesional peluquer\u00eda y cosm\u00e9tica\",\"publisher\":{\"@id\":\"https:\\\/\\\/www.cosmeticadelcabell.com\\\/#organization\"},\"alternateName\":\"Cosmetica del Cabell\",\"potentialAction\":[{\"@type\":\"SearchAction\",\"target\":{\"@type\":\"EntryPoint\",\"urlTemplate\":\"https:\\\/\\\/www.cosmeticadelcabell.com\\\/?s={search_term_string}\"},\"query-input\":{\"@type\":\"PropertyValueSpecification\",\"valueRequired\":true,\"valueName\":\"search_term_string\"}}],\"inLanguage\":\"ca\"},{\"@type\":\"Organization\",\"@id\":\"https:\\\/\\\/www.cosmeticadelcabell.com\\\/#organization\",\"name\":\"Cosmetica del Cabell Reus\",\"alternateName\":\"Cosmetica del Cabell\",\"url\":\"https:\\\/\\\/www.cosmeticadelcabell.com\\\/\",\"logo\":{\"@type\":\"ImageObject\",\"inLanguage\":\"ca\",\"@id\":\"https:\\\/\\\/www.cosmeticadelcabell.com\\\/#\\\/schema\\\/logo\\\/image\\\/\",\"url\":\"https:\\\/\\\/www.cosmeticadelcabell.com\\\/wp-content\\\/uploads\\\/2018\\\/08\\\/logo-cosmetica-original-bold.png\",\"contentUrl\":\"https:\\\/\\\/www.cosmeticadelcabell.com\\\/wp-content\\\/uploads\\\/2018\\\/08\\\/logo-cosmetica-original-bold.png\",\"width\":500,\"height\":166,\"caption\":\"Cosmetica del Cabell Reus\"},\"image\":{\"@id\":\"https:\\\/\\\/www.cosmeticadelcabell.com\\\/#\\\/schema\\\/logo\\\/image\\\/\"},\"sameAs\":[\"https:\\\/\\\/www.facebook.com\\\/people\\\/Cosmtica-del-Cabell\\\/100010402899242\",\"https:\\\/\\\/www.instagram.com\\\/cosmeticadelcabell\\\/\"]}]}<\/script>\n<!-- \/ Yoast SEO plugin. -->","yoast_head_json":{"title":"Esmalte de u\u00f1as Fauv'y Blanc nacr\u00e9 - color blanco - cosmeticadelcabell","robots":{"index":"index","follow":"follow","max-snippet":"max-snippet:-1","max-image-preview":"max-image-preview:large","max-video-preview":"max-video-preview:-1"},"canonical":"https:\/\/www.cosmeticadelcabell.com\/ca\/producte\/esmalte-de-unas-fauvy-blanc-nacre-color-blanco\/","og_locale":"ca_ES","og_type":"article","og_title":"Esmalte de u\u00f1as Fauv'y Blanc nacr\u00e9 - color blanco - cosmeticadelcabell","og_description":"Fauv&#8217;y Blanc nacr\u00e9 Tecnolog\u00eda \u00ab4D\u00bb para un brillo y fijaci\u00f3n muy duraderos, secado ultra r\u00e1pido y un incre\u00edble efecto de profundidad.","og_url":"https:\/\/www.cosmeticadelcabell.com\/ca\/producte\/esmalte-de-unas-fauvy-blanc-nacre-color-blanco\/","og_site_name":"cosmeticadelcabell","article_publisher":"https:\/\/www.facebook.com\/people\/Cosmtica-del-Cabell\/100010402899242","article_modified_time":"2023-02-07T18:38:03+00:00","og_image":[{"width":510,"height":510,"url":"https:\/\/www.cosmeticadelcabell.com\/wp-content\/uploads\/2020\/07\/pintau\u00f1as-Blanco.jpg","type":"image\/jpeg"}],"twitter_card":"summary_large_image","schema":{"@context":"https:\/\/schema.org","@graph":[{"@type":"WebPage","@id":"https:\/\/www.cosmeticadelcabell.com\/ca\/producte\/esmalte-de-unas-fauvy-blanc-nacre-color-blanco\/","url":"https:\/\/www.cosmeticadelcabell.com\/ca\/producte\/esmalte-de-unas-fauvy-blanc-nacre-color-blanco\/","name":"Esmalte de u\u00f1as Fauv'y Blanc nacr\u00e9 - color blanco - cosmeticadelcabell","isPartOf":{"@id":"https:\/\/www.cosmeticadelcabell.com\/#website"},"primaryImageOfPage":{"@id":"https:\/\/www.cosmeticadelcabell.com\/ca\/producte\/esmalte-de-unas-fauvy-blanc-nacre-color-blanco\/#primaryimage"},"image":{"@id":"https:\/\/www.cosmeticadelcabell.com\/ca\/producte\/esmalte-de-unas-fauvy-blanc-nacre-color-blanco\/#primaryimage"},"thumbnailUrl":"https:\/\/www.cosmeticadelcabell.com\/wp-content\/uploads\/2020\/07\/pintau\u00f1as-Blanco.jpg","datePublished":"2020-07-14T12:27:21+00:00","dateModified":"2023-02-07T18:38:03+00:00","breadcrumb":{"@id":"https:\/\/www.cosmeticadelcabell.com\/ca\/producte\/esmalte-de-unas-fauvy-blanc-nacre-color-blanco\/#breadcrumb"},"inLanguage":"ca","potentialAction":[{"@type":"ReadAction","target":["https:\/\/www.cosmeticadelcabell.com\/ca\/producte\/esmalte-de-unas-fauvy-blanc-nacre-color-blanco\/"]}]},{"@type":"ImageObject","inLanguage":"ca","@id":"https:\/\/www.cosmeticadelcabell.com\/ca\/producte\/esmalte-de-unas-fauvy-blanc-nacre-color-blanco\/#primaryimage","url":"https:\/\/www.cosmeticadelcabell.com\/wp-content\/uploads\/2020\/07\/pintau\u00f1as-Blanco.jpg","contentUrl":"https:\/\/www.cosmeticadelcabell.com\/wp-content\/uploads\/2020\/07\/pintau\u00f1as-Blanco.jpg","width":510,"height":510},{"@type":"BreadcrumbList","@id":"https:\/\/www.cosmeticadelcabell.com\/ca\/producte\/esmalte-de-unas-fauvy-blanc-nacre-color-blanco\/#breadcrumb","itemListElement":[{"@type":"ListItem","position":1,"name":"Portada","item":"https:\/\/www.cosmeticadelcabell.com\/"},{"@type":"ListItem","position":2,"name":"Tienda","item":"https:\/\/www.cosmeticadelcabell.com\/tienda\/"},{"@type":"ListItem","position":3,"name":"Esmalte de u\u00f1as Fauv&#8217;y Blanc nacr\u00e9 &#8211; color blanco"}]},{"@type":"WebSite","@id":"https:\/\/www.cosmeticadelcabell.com\/#website","url":"https:\/\/www.cosmeticadelcabell.com\/","name":"Academia de est\u00e9tica y peluquer\u00eda en Reus Cosmetica del Cabell","description":"Academia de formaci\u00f3n profesional peluquer\u00eda y cosm\u00e9tica","publisher":{"@id":"https:\/\/www.cosmeticadelcabell.com\/#organization"},"alternateName":"Cosmetica del Cabell","potentialAction":[{"@type":"SearchAction","target":{"@type":"EntryPoint","urlTemplate":"https:\/\/www.cosmeticadelcabell.com\/?s={search_term_string}"},"query-input":{"@type":"PropertyValueSpecification","valueRequired":true,"valueName":"search_term_string"}}],"inLanguage":"ca"},{"@type":"Organization","@id":"https:\/\/www.cosmeticadelcabell.com\/#organization","name":"Cosmetica del Cabell Reus","alternateName":"Cosmetica del Cabell","url":"https:\/\/www.cosmeticadelcabell.com\/","logo":{"@type":"ImageObject","inLanguage":"ca","@id":"https:\/\/www.cosmeticadelcabell.com\/#\/schema\/logo\/image\/","url":"https:\/\/www.cosmeticadelcabell.com\/wp-content\/uploads\/2018\/08\/logo-cosmetica-original-bold.png","contentUrl":"https:\/\/www.cosmeticadelcabell.com\/wp-content\/uploads\/2018\/08\/logo-cosmetica-original-bold.png","width":500,"height":166,"caption":"Cosmetica del Cabell Reus"},"image":{"@id":"https:\/\/www.cosmeticadelcabell.com\/#\/schema\/logo\/image\/"},"sameAs":["https:\/\/www.facebook.com\/people\/Cosmtica-del-Cabell\/100010402899242","https:\/\/www.instagram.com\/cosmeticadelcabell\/"]}]}},"_links":{"self":[{"href":"https:\/\/www.cosmeticadelcabell.com\/ca\/wp-json\/wp\/v2\/product\/1823","targetHints":{"allow":["GET"]}}],"collection":[{"href":"https:\/\/www.cosmeticadelcabell.com\/ca\/wp-json\/wp\/v2\/product"}],"about":[{"href":"https:\/\/www.cosmeticadelcabell.com\/ca\/wp-json\/wp\/v2\/types\/product"}],"replies":[{"embeddable":true,"href":"https:\/\/www.cosmeticadelcabell.com\/ca\/wp-json\/wp\/v2\/comments?post=1823"}],"wp:featuredmedia":[{"embeddable":true,"href":"https:\/\/www.cosmeticadelcabell.com\/ca\/wp-json\/wp\/v2\/media\/1819"}],"wp:attachment":[{"href":"https:\/\/www.cosmeticadelcabell.com\/ca\/wp-json\/wp\/v2\/media?parent=1823"}],"wp:term":[{"taxonomy":"product_brand","embeddable":true,"href":"https:\/\/www.cosmeticadelcabell.com\/ca\/wp-json\/wp\/v2\/product_brand?post=1823"},{"taxonomy":"product_cat","embeddable":true,"href":"https:\/\/www.cosmeticadelcabell.com\/ca\/wp-json\/wp\/v2\/product_cat?post=1823"},{"taxonomy":"product_tag","embeddable":true,"href":"https:\/\/www.cosmeticadelcabell.com\/ca\/wp-json\/wp\/v2\/product_tag?post=1823"}],"curies":[{"name":"wp","href":"https:\/\/api.w.org\/{rel}","templated":true}]}}