{"id":2952,"date":"2023-04-26T13:42:29","date_gmt":"2023-04-26T13:42:29","guid":{"rendered":"https:\/\/www.cosmeticadelcabell.com\/?post_type=product&#038;p=2952"},"modified":"2023-04-26T13:44:47","modified_gmt":"2023-04-26T13:44:47","slug":"fauvert-professionnel-10-en-1","status":"publish","type":"product","link":"https:\/\/www.cosmeticadelcabell.com\/ca\/producte\/fauvert-professionnel-10-en-1\/","title":{"rendered":"Fauvert Professionnel 10 en 1"},"content":{"rendered":"","protected":false},"excerpt":{"rendered":"","protected":false},"featured_media":2953,"comment_status":"closed","ping_status":"closed","template":"","meta":{"_et_pb_use_builder":"on","_et_pb_old_content":"","_et_gb_content_width":""},"product_brand":[],"product_cat":[56],"product_tag":[],"class_list":{"0":"post-2952","1":"product","2":"type-product","3":"status-publish","4":"has-post-thumbnail","6":"product_cat-cuidado-del-cabello","8":"first","9":"instock","10":"taxable","11":"shipping-taxable","12":"product-type-simple"},"yoast_head":"<!-- This site is optimized with the Yoast SEO plugin v27.4 - https:\/\/yoast.com\/product\/yoast-seo-wordpress\/ -->\n<title>Fauvert Professionnel 10 en 1 - cosmeticadelcabell<\/title>\n<meta name=\"robots\" content=\"index, follow, max-snippet:-1, max-image-preview:large, max-video-preview:-1\" \/>\n<link rel=\"canonical\" href=\"https:\/\/www.cosmeticadelcabell.com\/ca\/producte\/fauvert-professionnel-10-en-1\/\" \/>\n<meta property=\"og:locale\" content=\"ca_ES\" \/>\n<meta property=\"og:type\" content=\"article\" \/>\n<meta property=\"og:title\" content=\"Fauvert Professionnel 10 en 1 - cosmeticadelcabell\" \/>\n<meta property=\"og:url\" content=\"https:\/\/www.cosmeticadelcabell.com\/ca\/producte\/fauvert-professionnel-10-en-1\/\" \/>\n<meta property=\"og:site_name\" content=\"cosmeticadelcabell\" \/>\n<meta property=\"article:publisher\" content=\"https:\/\/www.facebook.com\/people\/Cosmtica-del-Cabell\/100010402899242\" \/>\n<meta property=\"article:modified_time\" content=\"2023-04-26T13:44:47+00:00\" \/>\n<meta property=\"og:image\" content=\"https:\/\/www.cosmeticadelcabell.com\/wp-content\/uploads\/2023\/04\/image00054-min-scaled.jpeg\" \/>\n\t<meta property=\"og:image:width\" content=\"2165\" \/>\n\t<meta property=\"og:image:height\" content=\"2560\" \/>\n\t<meta property=\"og:image:type\" content=\"image\/jpeg\" \/>\n<meta name=\"twitter:card\" content=\"summary_large_image\" \/>\n<script type=\"application\/ld+json\" class=\"yoast-schema-graph\">{\"@context\":\"https:\\\/\\\/schema.org\",\"@graph\":[{\"@type\":\"WebPage\",\"@id\":\"https:\\\/\\\/www.cosmeticadelcabell.com\\\/producto\\\/fauvert-professionnel-10-en-1\\\/\",\"url\":\"https:\\\/\\\/www.cosmeticadelcabell.com\\\/producto\\\/fauvert-professionnel-10-en-1\\\/\",\"name\":\"Fauvert Professionnel 10 en 1 - cosmeticadelcabell\",\"isPartOf\":{\"@id\":\"https:\\\/\\\/www.cosmeticadelcabell.com\\\/#website\"},\"primaryImageOfPage\":{\"@id\":\"https:\\\/\\\/www.cosmeticadelcabell.com\\\/producto\\\/fauvert-professionnel-10-en-1\\\/#primaryimage\"},\"image\":{\"@id\":\"https:\\\/\\\/www.cosmeticadelcabell.com\\\/producto\\\/fauvert-professionnel-10-en-1\\\/#primaryimage\"},\"thumbnailUrl\":\"https:\\\/\\\/www.cosmeticadelcabell.com\\\/wp-content\\\/uploads\\\/2023\\\/04\\\/image00054-min-scaled.jpeg\",\"datePublished\":\"2023-04-26T13:42:29+00:00\",\"dateModified\":\"2023-04-26T13:44:47+00:00\",\"breadcrumb\":{\"@id\":\"https:\\\/\\\/www.cosmeticadelcabell.com\\\/producto\\\/fauvert-professionnel-10-en-1\\\/#breadcrumb\"},\"inLanguage\":\"ca\",\"potentialAction\":[{\"@type\":\"ReadAction\",\"target\":[\"https:\\\/\\\/www.cosmeticadelcabell.com\\\/producto\\\/fauvert-professionnel-10-en-1\\\/\"]}]},{\"@type\":\"ImageObject\",\"inLanguage\":\"ca\",\"@id\":\"https:\\\/\\\/www.cosmeticadelcabell.com\\\/producto\\\/fauvert-professionnel-10-en-1\\\/#primaryimage\",\"url\":\"https:\\\/\\\/www.cosmeticadelcabell.com\\\/wp-content\\\/uploads\\\/2023\\\/04\\\/image00054-min-scaled.jpeg\",\"contentUrl\":\"https:\\\/\\\/www.cosmeticadelcabell.com\\\/wp-content\\\/uploads\\\/2023\\\/04\\\/image00054-min-scaled.jpeg\",\"width\":913,\"height\":1080},{\"@type\":\"BreadcrumbList\",\"@id\":\"https:\\\/\\\/www.cosmeticadelcabell.com\\\/producto\\\/fauvert-professionnel-10-en-1\\\/#breadcrumb\",\"itemListElement\":[{\"@type\":\"ListItem\",\"position\":1,\"name\":\"Portada\",\"item\":\"https:\\\/\\\/www.cosmeticadelcabell.com\\\/\"},{\"@type\":\"ListItem\",\"position\":2,\"name\":\"Tienda\",\"item\":\"https:\\\/\\\/www.cosmeticadelcabell.com\\\/tienda\\\/\"},{\"@type\":\"ListItem\",\"position\":3,\"name\":\"Fauvert Professionnel 10 en 1\"}]},{\"@type\":\"WebSite\",\"@id\":\"https:\\\/\\\/www.cosmeticadelcabell.com\\\/#website\",\"url\":\"https:\\\/\\\/www.cosmeticadelcabell.com\\\/\",\"name\":\"Academia de est\u00e9tica y peluquer\u00eda en Reus Cosmetica del Cabell\",\"description\":\"Academia de formaci\u00f3n profesional peluquer\u00eda y cosm\u00e9tica\",\"publisher\":{\"@id\":\"https:\\\/\\\/www.cosmeticadelcabell.com\\\/#organization\"},\"alternateName\":\"Cosmetica del Cabell\",\"potentialAction\":[{\"@type\":\"SearchAction\",\"target\":{\"@type\":\"EntryPoint\",\"urlTemplate\":\"https:\\\/\\\/www.cosmeticadelcabell.com\\\/?s={search_term_string}\"},\"query-input\":{\"@type\":\"PropertyValueSpecification\",\"valueRequired\":true,\"valueName\":\"search_term_string\"}}],\"inLanguage\":\"ca\"},{\"@type\":\"Organization\",\"@id\":\"https:\\\/\\\/www.cosmeticadelcabell.com\\\/#organization\",\"name\":\"Cosmetica del Cabell Reus\",\"alternateName\":\"Cosmetica del Cabell\",\"url\":\"https:\\\/\\\/www.cosmeticadelcabell.com\\\/\",\"logo\":{\"@type\":\"ImageObject\",\"inLanguage\":\"ca\",\"@id\":\"https:\\\/\\\/www.cosmeticadelcabell.com\\\/#\\\/schema\\\/logo\\\/image\\\/\",\"url\":\"https:\\\/\\\/www.cosmeticadelcabell.com\\\/wp-content\\\/uploads\\\/2018\\\/08\\\/logo-cosmetica-original-bold.png\",\"contentUrl\":\"https:\\\/\\\/www.cosmeticadelcabell.com\\\/wp-content\\\/uploads\\\/2018\\\/08\\\/logo-cosmetica-original-bold.png\",\"width\":500,\"height\":166,\"caption\":\"Cosmetica del Cabell Reus\"},\"image\":{\"@id\":\"https:\\\/\\\/www.cosmeticadelcabell.com\\\/#\\\/schema\\\/logo\\\/image\\\/\"},\"sameAs\":[\"https:\\\/\\\/www.facebook.com\\\/people\\\/Cosmtica-del-Cabell\\\/100010402899242\",\"https:\\\/\\\/www.instagram.com\\\/cosmeticadelcabell\\\/\"]}]}<\/script>\n<!-- \/ Yoast SEO plugin. -->","yoast_head_json":{"title":"Fauvert Professionnel 10 en 1 - cosmeticadelcabell","robots":{"index":"index","follow":"follow","max-snippet":"max-snippet:-1","max-image-preview":"max-image-preview:large","max-video-preview":"max-video-preview:-1"},"canonical":"https:\/\/www.cosmeticadelcabell.com\/ca\/producte\/fauvert-professionnel-10-en-1\/","og_locale":"ca_ES","og_type":"article","og_title":"Fauvert Professionnel 10 en 1 - cosmeticadelcabell","og_url":"https:\/\/www.cosmeticadelcabell.com\/ca\/producte\/fauvert-professionnel-10-en-1\/","og_site_name":"cosmeticadelcabell","article_publisher":"https:\/\/www.facebook.com\/people\/Cosmtica-del-Cabell\/100010402899242","article_modified_time":"2023-04-26T13:44:47+00:00","og_image":[{"width":2165,"height":2560,"url":"https:\/\/www.cosmeticadelcabell.com\/wp-content\/uploads\/2023\/04\/image00054-min-scaled.jpeg","type":"image\/jpeg"}],"twitter_card":"summary_large_image","schema":{"@context":"https:\/\/schema.org","@graph":[{"@type":"WebPage","@id":"https:\/\/www.cosmeticadelcabell.com\/producto\/fauvert-professionnel-10-en-1\/","url":"https:\/\/www.cosmeticadelcabell.com\/producto\/fauvert-professionnel-10-en-1\/","name":"Fauvert Professionnel 10 en 1 - cosmeticadelcabell","isPartOf":{"@id":"https:\/\/www.cosmeticadelcabell.com\/#website"},"primaryImageOfPage":{"@id":"https:\/\/www.cosmeticadelcabell.com\/producto\/fauvert-professionnel-10-en-1\/#primaryimage"},"image":{"@id":"https:\/\/www.cosmeticadelcabell.com\/producto\/fauvert-professionnel-10-en-1\/#primaryimage"},"thumbnailUrl":"https:\/\/www.cosmeticadelcabell.com\/wp-content\/uploads\/2023\/04\/image00054-min-scaled.jpeg","datePublished":"2023-04-26T13:42:29+00:00","dateModified":"2023-04-26T13:44:47+00:00","breadcrumb":{"@id":"https:\/\/www.cosmeticadelcabell.com\/producto\/fauvert-professionnel-10-en-1\/#breadcrumb"},"inLanguage":"ca","potentialAction":[{"@type":"ReadAction","target":["https:\/\/www.cosmeticadelcabell.com\/producto\/fauvert-professionnel-10-en-1\/"]}]},{"@type":"ImageObject","inLanguage":"ca","@id":"https:\/\/www.cosmeticadelcabell.com\/producto\/fauvert-professionnel-10-en-1\/#primaryimage","url":"https:\/\/www.cosmeticadelcabell.com\/wp-content\/uploads\/2023\/04\/image00054-min-scaled.jpeg","contentUrl":"https:\/\/www.cosmeticadelcabell.com\/wp-content\/uploads\/2023\/04\/image00054-min-scaled.jpeg","width":913,"height":1080},{"@type":"BreadcrumbList","@id":"https:\/\/www.cosmeticadelcabell.com\/producto\/fauvert-professionnel-10-en-1\/#breadcrumb","itemListElement":[{"@type":"ListItem","position":1,"name":"Portada","item":"https:\/\/www.cosmeticadelcabell.com\/"},{"@type":"ListItem","position":2,"name":"Tienda","item":"https:\/\/www.cosmeticadelcabell.com\/tienda\/"},{"@type":"ListItem","position":3,"name":"Fauvert Professionnel 10 en 1"}]},{"@type":"WebSite","@id":"https:\/\/www.cosmeticadelcabell.com\/#website","url":"https:\/\/www.cosmeticadelcabell.com\/","name":"Academia de est\u00e9tica y peluquer\u00eda en Reus Cosmetica del Cabell","description":"Academia de formaci\u00f3n profesional peluquer\u00eda y cosm\u00e9tica","publisher":{"@id":"https:\/\/www.cosmeticadelcabell.com\/#organization"},"alternateName":"Cosmetica del Cabell","potentialAction":[{"@type":"SearchAction","target":{"@type":"EntryPoint","urlTemplate":"https:\/\/www.cosmeticadelcabell.com\/?s={search_term_string}"},"query-input":{"@type":"PropertyValueSpecification","valueRequired":true,"valueName":"search_term_string"}}],"inLanguage":"ca"},{"@type":"Organization","@id":"https:\/\/www.cosmeticadelcabell.com\/#organization","name":"Cosmetica del Cabell Reus","alternateName":"Cosmetica del Cabell","url":"https:\/\/www.cosmeticadelcabell.com\/","logo":{"@type":"ImageObject","inLanguage":"ca","@id":"https:\/\/www.cosmeticadelcabell.com\/#\/schema\/logo\/image\/","url":"https:\/\/www.cosmeticadelcabell.com\/wp-content\/uploads\/2018\/08\/logo-cosmetica-original-bold.png","contentUrl":"https:\/\/www.cosmeticadelcabell.com\/wp-content\/uploads\/2018\/08\/logo-cosmetica-original-bold.png","width":500,"height":166,"caption":"Cosmetica del Cabell Reus"},"image":{"@id":"https:\/\/www.cosmeticadelcabell.com\/#\/schema\/logo\/image\/"},"sameAs":["https:\/\/www.facebook.com\/people\/Cosmtica-del-Cabell\/100010402899242","https:\/\/www.instagram.com\/cosmeticadelcabell\/"]}]}},"_links":{"self":[{"href":"https:\/\/www.cosmeticadelcabell.com\/ca\/wp-json\/wp\/v2\/product\/2952","targetHints":{"allow":["GET"]}}],"collection":[{"href":"https:\/\/www.cosmeticadelcabell.com\/ca\/wp-json\/wp\/v2\/product"}],"about":[{"href":"https:\/\/www.cosmeticadelcabell.com\/ca\/wp-json\/wp\/v2\/types\/product"}],"replies":[{"embeddable":true,"href":"https:\/\/www.cosmeticadelcabell.com\/ca\/wp-json\/wp\/v2\/comments?post=2952"}],"wp:featuredmedia":[{"embeddable":true,"href":"https:\/\/www.cosmeticadelcabell.com\/ca\/wp-json\/wp\/v2\/media\/2953"}],"wp:attachment":[{"href":"https:\/\/www.cosmeticadelcabell.com\/ca\/wp-json\/wp\/v2\/media?parent=2952"}],"wp:term":[{"taxonomy":"product_brand","embeddable":true,"href":"https:\/\/www.cosmeticadelcabell.com\/ca\/wp-json\/wp\/v2\/product_brand?post=2952"},{"taxonomy":"product_cat","embeddable":true,"href":"https:\/\/www.cosmeticadelcabell.com\/ca\/wp-json\/wp\/v2\/product_cat?post=2952"},{"taxonomy":"product_tag","embeddable":true,"href":"https:\/\/www.cosmeticadelcabell.com\/ca\/wp-json\/wp\/v2\/product_tag?post=2952"}],"curies":[{"name":"wp","href":"https:\/\/api.w.org\/{rel}","templated":true}]}}